{"id":683,"date":"2015-09-07T02:19:35","date_gmt":"2015-09-06T23:19:35","guid":{"rendered":"http:\/\/aszsa.com.ar\/portal\/?page_id=683"},"modified":"2016-03-14T22:15:39","modified_gmt":"2016-03-14T19:15:39","slug":"servicios-de-depositos-u-movimientos-de-cargas-internas-o-externas-para-la-industria","status":"publish","type":"page","link":"http:\/\/aszsa.com.ar\/portal\/servicios-de-depositos-u-movimientos-de-cargas-internas-o-externas-para-la-industria\/","title":{"rendered":"Dep\u00f3sitos y\/o Movimientos de Productos"},"content":{"rendered":"<h3>SOMOS LOS SOCIOS LOG\u00cdSTICOS QUE CUIDAMOS SU CALIDAD<\/h3>\n<p>En ASZSA comercializamos Servicios Integrales Log\u00edsticos de dep\u00f3sitos y\/o movimientos de cargas internas o externas para la Industria, por cuenta propia y\/o de terceros, nos ajustamos a sus necesidades industriales, ofreciendo alternativas diferenciales de equipos, frecuencia, optimizaci\u00f3n de fletes, costos, tiempos y seguridad de entrega.<\/p>\n<p>Consulte sobre este u otros Servicios de ASZSA<\/p>\n<p><img loading=\"lazy\" decoding=\"async\" class=\"size-full wp-image-1257 aligncenter\" src=\"http:\/\/aszsa.com.ar\/portal\/wp-content\/uploads\/2015\/10\/5.1_Otros-Serv_Deposito-Logistico.jpg\" alt=\"5.1_Otros Serv_Deposito Logistico\" width=\"646\" height=\"236\" srcset=\"http:\/\/aszsa.com.ar\/portal\/wp-content\/uploads\/2015\/10\/5.1_Otros-Serv_Deposito-Logistico.jpg 646w, http:\/\/aszsa.com.ar\/portal\/wp-content\/uploads\/2015\/10\/5.1_Otros-Serv_Deposito-Logistico-300x110.jpg 300w\" sizes=\"auto, (max-width: 646px) 100vw, 646px\" \/><\/p>\n","protected":false},"excerpt":{"rendered":"<p>SOMOS LOS SOCIOS LOG\u00cdSTICOS QUE CUIDAMOS SU CALIDAD En ASZSA comercializamos Servicios Integrales Log\u00edsticos de dep\u00f3sitos y\/o movimientos de cargas internas o externas para la Industria, por cuenta propia y\/o de terceros, nos ajustamos a sus necesidades industriales, ofreciendo alternativas diferenciales de equipos, frecuencia, optimizaci\u00f3n de fletes, costos, tiempos y seguridad de entrega. Consulte sobre [&hellip;]<\/p>\n","protected":false},"author":3,"featured_media":0,"parent":0,"menu_order":0,"comment_status":"closed","ping_status":"closed","template":"","meta":{"footnotes":""},"categories":[23],"tags":[],"class_list":["post-683","page","type-page","status-publish","hentry","category-otros-servicios"],"_links":{"self":[{"href":"http:\/\/aszsa.com.ar\/portal\/wp-json\/wp\/v2\/pages\/683","targetHints":{"allow":["GET"]}}],"collection":[{"href":"http:\/\/aszsa.com.ar\/portal\/wp-json\/wp\/v2\/pages"}],"about":[{"href":"http:\/\/aszsa.com.ar\/portal\/wp-json\/wp\/v2\/types\/page"}],"author":[{"embeddable":true,"href":"http:\/\/aszsa.com.ar\/portal\/wp-json\/wp\/v2\/users\/3"}],"replies":[{"embeddable":true,"href":"http:\/\/aszsa.com.ar\/portal\/wp-json\/wp\/v2\/comments?post=683"}],"version-history":[{"count":5,"href":"http:\/\/aszsa.com.ar\/portal\/wp-json\/wp\/v2\/pages\/683\/revisions"}],"predecessor-version":[{"id":1381,"href":"http:\/\/aszsa.com.ar\/portal\/wp-json\/wp\/v2\/pages\/683\/revisions\/1381"}],"wp:attachment":[{"href":"http:\/\/aszsa.com.ar\/portal\/wp-json\/wp\/v2\/media?parent=683"}],"wp:term":[{"taxonomy":"category","embeddable":true,"href":"http:\/\/aszsa.com.ar\/portal\/wp-json\/wp\/v2\/categories?post=683"},{"taxonomy":"post_tag","embeddable":true,"href":"http:\/\/aszsa.com.ar\/portal\/wp-json\/wp\/v2\/tags?post=683"}],"curies":[{"name":"wp","href":"https:\/\/api.w.org\/{rel}","templated":true}]}}