{"id":1041,"date":"2015-10-13T17:53:53","date_gmt":"2015-10-13T14:53:53","guid":{"rendered":"http:\/\/aszsa.com.ar\/portal\/?page_id=1041"},"modified":"2016-01-13T00:01:39","modified_gmt":"2016-01-12T21:01:39","slug":"sostenibilidad","status":"publish","type":"page","link":"https:\/\/aszsa.com.ar\/portal\/sobre-nosotros\/sostenibilidad\/","title":{"rendered":"Sostenibilidad"},"content":{"rendered":"<h3>TRABAJAR PARA UN MUNDO MEJOR<br \/>\n<img loading=\"lazy\" decoding=\"async\" class=\"alignleft size-full wp-image-1115\" src=\"http:\/\/aszsa.com.ar\/portal\/wp-content\/uploads\/2015\/10\/1.8.gif\" alt=\"1.8\" width=\"815\" height=\"250\" \/><\/h3>\n<p>El desarrollo sostenible y la responsabilidad social corporativa no son conceptos nuevos para ASZSA. Siempre tendremos el objetivo de mejorar nuestra empresa y las de nuestros clientes contribuyendo al medio ambiente, a las comunidades locales y a quienes nos rodean. Es nuestra responsabilidad.<\/p>\n<p>Ya sea a trav\u00e9s del ahorro energ\u00e9tico, el reciclado, la educaci\u00f3n de los trabajadores, el acceso a una vida m\u00e1s saludable, la mejora de las condiciones de trabajo, cada peque\u00f1o esfuerzo nos acerca m\u00e1s a nuestro objetivo compartido: la creaci\u00f3n de un mundo mejor.<\/p>\n<p>Explore los enlaces a la derecha para conocer m\u00e1s acerca de los esfuerzos de ASZSA en cuanto a desarrollo sostenible y c\u00f3mo podemos ayudar a su empresa a contribuir a su programa de sostenibilidad.<\/p>\n","protected":false},"excerpt":{"rendered":"<p>TRABAJAR PARA UN MUNDO MEJOR El desarrollo sostenible y la responsabilidad social corporativa no son conceptos nuevos para ASZSA. Siempre tendremos el objetivo de mejorar nuestra empresa y las de nuestros clientes contribuyendo al medio ambiente, a las comunidades locales y a quienes nos rodean. Es nuestra responsabilidad. Ya sea a trav\u00e9s del ahorro energ\u00e9tico, [&hellip;]<\/p>\n","protected":false},"author":3,"featured_media":0,"parent":581,"menu_order":0,"comment_status":"closed","ping_status":"closed","template":"","meta":{"footnotes":""},"categories":[19],"tags":[],"class_list":["post-1041","page","type-page","status-publish","hentry","category-sobre-nosotros"],"_links":{"self":[{"href":"https:\/\/aszsa.com.ar\/portal\/wp-json\/wp\/v2\/pages\/1041","targetHints":{"allow":["GET"]}}],"collection":[{"href":"https:\/\/aszsa.com.ar\/portal\/wp-json\/wp\/v2\/pages"}],"about":[{"href":"https:\/\/aszsa.com.ar\/portal\/wp-json\/wp\/v2\/types\/page"}],"author":[{"embeddable":true,"href":"https:\/\/aszsa.com.ar\/portal\/wp-json\/wp\/v2\/users\/3"}],"replies":[{"embeddable":true,"href":"https:\/\/aszsa.com.ar\/portal\/wp-json\/wp\/v2\/comments?post=1041"}],"version-history":[{"count":4,"href":"https:\/\/aszsa.com.ar\/portal\/wp-json\/wp\/v2\/pages\/1041\/revisions"}],"predecessor-version":[{"id":1308,"href":"https:\/\/aszsa.com.ar\/portal\/wp-json\/wp\/v2\/pages\/1041\/revisions\/1308"}],"up":[{"embeddable":true,"href":"https:\/\/aszsa.com.ar\/portal\/wp-json\/wp\/v2\/pages\/581"}],"wp:attachment":[{"href":"https:\/\/aszsa.com.ar\/portal\/wp-json\/wp\/v2\/media?parent=1041"}],"wp:term":[{"taxonomy":"category","embeddable":true,"href":"https:\/\/aszsa.com.ar\/portal\/wp-json\/wp\/v2\/categories?post=1041"},{"taxonomy":"post_tag","embeddable":true,"href":"https:\/\/aszsa.com.ar\/portal\/wp-json\/wp\/v2\/tags?post=1041"}],"curies":[{"name":"wp","href":"https:\/\/api.w.org\/{rel}","templated":true}]}}