{"id":1052,"date":"2015-10-13T18:33:41","date_gmt":"2015-10-13T15:33:41","guid":{"rendered":"http:\/\/aszsa.com.ar\/portal\/?page_id=1052"},"modified":"2016-01-12T22:50:12","modified_gmt":"2016-01-12T19:50:12","slug":"repuestos-y-logisticas","status":"publish","type":"page","link":"https:\/\/aszsa.com.ar\/portal\/repuestos-y-logisticas\/","title":{"rendered":"Repuestos y Logisticas"},"content":{"rendered":"<h3>MAS TIEMPO DE FUNCIONAMIENTO Y MENOS PARADAS COSTOSAS DE LOS EQUIPOS, CON REEMPLAZOS PLANIFICADOS DE PIEZAS Y UNA ENTRADA R\u00c1PIDA<a href=\"http:\/\/aszsa.com.ar\/portal\/wp-content\/uploads\/2015\/09\/2.jpg\"><img loading=\"lazy\" decoding=\"async\" class=\"alignleft size-full wp-image-1145\" src=\"http:\/\/aszsa.com.ar\/portal\/wp-content\/uploads\/2015\/09\/2.jpg\" alt=\"2\" width=\"815\" height=\"250\" srcset=\"https:\/\/aszsa.com.ar\/portal\/wp-content\/uploads\/2015\/09\/2.jpg 815w, https:\/\/aszsa.com.ar\/portal\/wp-content\/uploads\/2015\/09\/2-300x92.jpg 300w\" sizes=\"auto, (max-width: 815px) 100vw, 815px\" \/><\/a><\/h3>\n<p>Ya se trate de una emergencia o del deterioro y desgaste normales, comprendemos su demanda de un suministro oportuno de repuestos. Por lo tanto, nos aseguramos de facilitarle los repuestos genuinos u alternativos que usted necesita, cuando los necesita y dondequiera que usted est\u00e9.<\/p>\n<p>Le ofrecemos lo siguiente:<\/p>\n<ul>\n<li>Repuestos originales<\/li>\n<li>Repuestos alternativos<\/li>\n<li>Remplazos inteligentes<\/li>\n<li>Log\u00edstica y entrega globales<\/li>\n<\/ul>\n<p>Proactivos a la hora de remplazar piezas<\/p>\n<p>Cuando se habla de repuestos, la proactividad significa estar equipados para evitar una inactividad prolongada y paros innecesarios. De esta manera, usted puede planificar paradas de la l\u00ednea con anticipaci\u00f3n para minimizar la p\u00e9rdida de productividad tanto como sea posible.<\/p>\n<p>Para encargar repuestos o plantearnos sus consultas al respecto, por favor, haga <a href=\"http:\/\/aszsa.com.ar\/portal\/contactenos-2\/\">clic aqu\u00ed<\/a> o p\u00f3ngase en contacto con su <i>Gerente de Servicio al Cliente<\/i>.<\/p>\n<p>Explore las cuatro \u00e1reas de servicios que se encuentran m\u00e1s abajo y descubra los detalles de la ayuda que podemos ofrecerle.<\/p>\n","protected":false},"excerpt":{"rendered":"<p>MAS TIEMPO DE FUNCIONAMIENTO Y MENOS PARADAS COSTOSAS DE LOS EQUIPOS, CON REEMPLAZOS PLANIFICADOS DE PIEZAS Y UNA ENTRADA R\u00c1PIDA Ya se trate de una emergencia o del deterioro y desgaste normales, comprendemos su demanda de un suministro oportuno de repuestos. Por lo tanto, nos aseguramos de facilitarle los repuestos genuinos u alternativos que usted [&hellip;]<\/p>\n","protected":false},"author":3,"featured_media":0,"parent":0,"menu_order":0,"comment_status":"closed","ping_status":"closed","template":"","meta":{"footnotes":""},"categories":[20],"tags":[],"class_list":["post-1052","page","type-page","status-publish","hentry","category-servicios-de-mto"],"_links":{"self":[{"href":"https:\/\/aszsa.com.ar\/portal\/wp-json\/wp\/v2\/pages\/1052","targetHints":{"allow":["GET"]}}],"collection":[{"href":"https:\/\/aszsa.com.ar\/portal\/wp-json\/wp\/v2\/pages"}],"about":[{"href":"https:\/\/aszsa.com.ar\/portal\/wp-json\/wp\/v2\/types\/page"}],"author":[{"embeddable":true,"href":"https:\/\/aszsa.com.ar\/portal\/wp-json\/wp\/v2\/users\/3"}],"replies":[{"embeddable":true,"href":"https:\/\/aszsa.com.ar\/portal\/wp-json\/wp\/v2\/comments?post=1052"}],"version-history":[{"count":4,"href":"https:\/\/aszsa.com.ar\/portal\/wp-json\/wp\/v2\/pages\/1052\/revisions"}],"predecessor-version":[{"id":1291,"href":"https:\/\/aszsa.com.ar\/portal\/wp-json\/wp\/v2\/pages\/1052\/revisions\/1291"}],"wp:attachment":[{"href":"https:\/\/aszsa.com.ar\/portal\/wp-json\/wp\/v2\/media?parent=1052"}],"wp:term":[{"taxonomy":"category","embeddable":true,"href":"https:\/\/aszsa.com.ar\/portal\/wp-json\/wp\/v2\/categories?post=1052"},{"taxonomy":"post_tag","embeddable":true,"href":"https:\/\/aszsa.com.ar\/portal\/wp-json\/wp\/v2\/tags?post=1052"}],"curies":[{"name":"wp","href":"https:\/\/api.w.org\/{rel}","templated":true}]}}