{"id":1058,"date":"2015-10-13T18:35:07","date_gmt":"2015-10-13T15:35:07","guid":{"rendered":"http:\/\/aszsa.com.ar\/portal\/?page_id=1058"},"modified":"2016-03-14T23:04:45","modified_gmt":"2016-03-14T20:04:45","slug":"capacitacion-2","status":"publish","type":"page","link":"https:\/\/aszsa.com.ar\/portal\/capacitacion-2\/","title":{"rendered":"Capacitaci\u00f3n Mto."},"content":{"rendered":"<h3>MAS HERRAMIENTAS Y HABILIDADES QUE SUS EMPLEADOS NECESITEN PARA LLEVAR SU LINEA AL MAXIMO DE SU CAPACIDAD<\/h3>\n<p><a href=\"http:\/\/aszsa.com.ar\/portal\/wp-content\/uploads\/2015\/09\/2.9.jpg\"><img loading=\"lazy\" decoding=\"async\" class=\"alignleft size-full wp-image-1136\" src=\"http:\/\/aszsa.com.ar\/portal\/wp-content\/uploads\/2015\/09\/2.9.jpg\" alt=\"2.9\" width=\"815\" height=\"250\" srcset=\"https:\/\/aszsa.com.ar\/portal\/wp-content\/uploads\/2015\/09\/2.9.jpg 815w, https:\/\/aszsa.com.ar\/portal\/wp-content\/uploads\/2015\/09\/2.9-300x92.jpg 300w\" sizes=\"auto, (max-width: 815px) 100vw, 815px\" \/><\/a><\/p>\n<p>La habilidad requiere pr\u00e1ctica y capacitaci\u00f3n.\u00a0Contar con empleados bien capacitados es crucial para el \u00e9xito de cualquier empresa.\u00a0La capacitaci\u00f3n construye el esp\u00edritu de equipo y puede contribuir a que su personal mejore su desempe\u00f1o y a obtener los mejores resultados de su l\u00ednea.\u00a0Muchas personas se benefician con nuestros servicios de capacitaci\u00f3n cada a\u00f1o.<\/p>\n<p>Nuestra cartera de capacitaci\u00f3n incluye:<\/p>\n<ul>\n<li>Programas y soluciones de capacitaci\u00f3n<\/li>\n<li>Auditor\u00edas de competencia<\/li>\n<\/ul>\n<p><b>Su capital m\u00e1s valioso<\/b><\/p>\n<p>ASZSA est\u00e1 profundamente comprometido con las soluciones automatizadas, y ese compromiso se ve en cada producto que vendemos.\u00a0Pero eso no excluye a su gente.\u00a0Con la capacitaci\u00f3n correcta, su personal puede llevar su m\u00e1quina y\/o l\u00ednea a un nivel mucho m\u00e1s alto.\u00a0Su equipo de trabajo podr\u00e1 detectar las disfunciones m\u00e1s r\u00e1pidamente, minimizar el tiempo de inactividad, mejorar la calidad del producto, trabajar de manera m\u00e1s eficiente y mucho m\u00e1s.<\/p>\n<p><b>Explore las\u00a0dos \u00e1reas de servicios que se encuentran a la derecha y descubra los detalles de la ayuda que le podemos ofrecer.<\/b><\/p>\n","protected":false},"excerpt":{"rendered":"<p>MAS HERRAMIENTAS Y HABILIDADES QUE SUS EMPLEADOS NECESITEN PARA LLEVAR SU LINEA AL MAXIMO DE SU CAPACIDAD La habilidad requiere pr\u00e1ctica y capacitaci\u00f3n.\u00a0Contar con empleados bien capacitados es crucial para el \u00e9xito de cualquier empresa.\u00a0La capacitaci\u00f3n construye el esp\u00edritu de equipo y puede contribuir a que su personal mejore su desempe\u00f1o y a obtener los [&hellip;]<\/p>\n","protected":false},"author":3,"featured_media":0,"parent":0,"menu_order":0,"comment_status":"closed","ping_status":"closed","template":"","meta":{"footnotes":""},"categories":[],"tags":[],"class_list":["post-1058","page","type-page","status-publish","hentry"],"_links":{"self":[{"href":"https:\/\/aszsa.com.ar\/portal\/wp-json\/wp\/v2\/pages\/1058","targetHints":{"allow":["GET"]}}],"collection":[{"href":"https:\/\/aszsa.com.ar\/portal\/wp-json\/wp\/v2\/pages"}],"about":[{"href":"https:\/\/aszsa.com.ar\/portal\/wp-json\/wp\/v2\/types\/page"}],"author":[{"embeddable":true,"href":"https:\/\/aszsa.com.ar\/portal\/wp-json\/wp\/v2\/users\/3"}],"replies":[{"embeddable":true,"href":"https:\/\/aszsa.com.ar\/portal\/wp-json\/wp\/v2\/comments?post=1058"}],"version-history":[{"count":4,"href":"https:\/\/aszsa.com.ar\/portal\/wp-json\/wp\/v2\/pages\/1058\/revisions"}],"predecessor-version":[{"id":1395,"href":"https:\/\/aszsa.com.ar\/portal\/wp-json\/wp\/v2\/pages\/1058\/revisions\/1395"}],"wp:attachment":[{"href":"https:\/\/aszsa.com.ar\/portal\/wp-json\/wp\/v2\/media?parent=1058"}],"wp:term":[{"taxonomy":"category","embeddable":true,"href":"https:\/\/aszsa.com.ar\/portal\/wp-json\/wp\/v2\/categories?post=1058"},{"taxonomy":"post_tag","embeddable":true,"href":"https:\/\/aszsa.com.ar\/portal\/wp-json\/wp\/v2\/tags?post=1058"}],"curies":[{"name":"wp","href":"https:\/\/api.w.org\/{rel}","templated":true}]}}