{"id":1061,"date":"2015-10-13T18:36:11","date_gmt":"2015-10-13T15:36:11","guid":{"rendered":"http:\/\/aszsa.com.ar\/portal\/?page_id=1061"},"modified":"2015-10-29T21:02:24","modified_gmt":"2015-10-29T18:02:24","slug":"mantenimiento","status":"publish","type":"page","link":"https:\/\/aszsa.com.ar\/portal\/mantenimiento\/","title":{"rendered":"Mantenimiento"},"content":{"rendered":"<h3>LOS BREVES PLAZOS DE RESPUESTA QUE USTED REQUIERE Y MEDIDAS PREVENTIVAS PARA REDUCIR LAS PARADAS DE PRODUCCION<\/h3>\n<p><a href=\"http:\/\/aszsa.com.ar\/portal\/wp-content\/uploads\/2015\/09\/2.12.jpg\"><img loading=\"lazy\" decoding=\"async\" class=\"alignleft size-full wp-image-1139\" src=\"http:\/\/aszsa.com.ar\/portal\/wp-content\/uploads\/2015\/09\/2.12.jpg\" alt=\"2.12\" width=\"815\" height=\"250\" srcset=\"https:\/\/aszsa.com.ar\/portal\/wp-content\/uploads\/2015\/09\/2.12.jpg 815w, https:\/\/aszsa.com.ar\/portal\/wp-content\/uploads\/2015\/09\/2.12-300x92.jpg 300w\" sizes=\"auto, (max-width: 815px) 100vw, 815px\" \/><\/a><\/p>\n<p>Proporcionamos asistencia de mantenimiento preventivo proactivo para ayudarlo a recuperar su l\u00ednea e, incluso, evitar paradas en ella.\u00a0El objetivo final siempre es una mejor eficacia general de los equipos (OEE, por sus siglas en ingl\u00e9s).<br \/>\nNuestros servicios de mantenimiento incluyen:<\/p>\n<ul>\n<li>Contratos de mantenimiento<\/li>\n<li>Asistencia t\u00e9cnica y en el sitio<\/li>\n<li>Visitas de diagn\u00f3stico<\/li>\n<li>Gesti\u00f3n de los activos<\/li>\n<\/ul>\n<p><b>El valor del mantenimiento<\/b><\/p>\n<p>Una l\u00ednea de producci\u00f3n siempre requerir\u00e1 alg\u00fan tipo de mantenimiento.\u00a0Y as\u00ed como cada minuto de inactividad o de ineficiencia puede disminuir el rendimiento de su inversi\u00f3n, el paquete de mantenimiento correcto puede crear m\u00e1s valor para sus negocios.<br \/>\n<b><\/b><\/p>\n<p><b>Mantenimiento planificado o no planificado<\/b><\/p>\n<p>Ya sea de manera planificada o no, podemos ayudarlo a mantener la eficiencia de su l\u00ednea, transformando las costosas paradas de las m\u00e1quinas en tiempo de funcionamiento rentable.\u00a0Nuestros equipos de expertos en mantenimiento personalizan nuestros servicios para usted y pueden ayudarle a reducir los costos de inventario de repuestos, optimizar el flujo financiero y asegurar una producci\u00f3n eficiente sin comprometer la calidad del producto.\u00a0Est\u00e1n dedicados completamente a sus necesidades de mantenimiento, desde la ejecuci\u00f3n hasta el seguimiento.<\/p>\n","protected":false},"excerpt":{"rendered":"<p>LOS BREVES PLAZOS DE RESPUESTA QUE USTED REQUIERE Y MEDIDAS PREVENTIVAS PARA REDUCIR LAS PARADAS DE PRODUCCION Proporcionamos asistencia de mantenimiento preventivo proactivo para ayudarlo a recuperar su l\u00ednea e, incluso, evitar paradas en ella.\u00a0El objetivo final siempre es una mejor eficacia general de los equipos (OEE, por sus siglas en ingl\u00e9s). Nuestros servicios de [&hellip;]<\/p>\n","protected":false},"author":3,"featured_media":0,"parent":0,"menu_order":0,"comment_status":"closed","ping_status":"closed","template":"","meta":{"footnotes":""},"categories":[],"tags":[],"class_list":["post-1061","page","type-page","status-publish","hentry"],"_links":{"self":[{"href":"https:\/\/aszsa.com.ar\/portal\/wp-json\/wp\/v2\/pages\/1061","targetHints":{"allow":["GET"]}}],"collection":[{"href":"https:\/\/aszsa.com.ar\/portal\/wp-json\/wp\/v2\/pages"}],"about":[{"href":"https:\/\/aszsa.com.ar\/portal\/wp-json\/wp\/v2\/types\/page"}],"author":[{"embeddable":true,"href":"https:\/\/aszsa.com.ar\/portal\/wp-json\/wp\/v2\/users\/3"}],"replies":[{"embeddable":true,"href":"https:\/\/aszsa.com.ar\/portal\/wp-json\/wp\/v2\/comments?post=1061"}],"version-history":[{"count":3,"href":"https:\/\/aszsa.com.ar\/portal\/wp-json\/wp\/v2\/pages\/1061\/revisions"}],"predecessor-version":[{"id":1174,"href":"https:\/\/aszsa.com.ar\/portal\/wp-json\/wp\/v2\/pages\/1061\/revisions\/1174"}],"wp:attachment":[{"href":"https:\/\/aszsa.com.ar\/portal\/wp-json\/wp\/v2\/media?parent=1061"}],"wp:term":[{"taxonomy":"category","embeddable":true,"href":"https:\/\/aszsa.com.ar\/portal\/wp-json\/wp\/v2\/categories?post=1061"},{"taxonomy":"post_tag","embeddable":true,"href":"https:\/\/aszsa.com.ar\/portal\/wp-json\/wp\/v2\/tags?post=1061"}],"curies":[{"name":"wp","href":"https:\/\/api.w.org\/{rel}","templated":true}]}}