{"id":1070,"date":"2015-10-13T19:03:30","date_gmt":"2015-10-13T16:03:30","guid":{"rendered":"http:\/\/aszsa.com.ar\/portal\/?page_id=1070"},"modified":"2015-11-02T21:36:17","modified_gmt":"2015-11-02T18:36:17","slug":"seguridad-e-higiene-laboral","status":"publish","type":"page","link":"https:\/\/aszsa.com.ar\/portal\/seguridad-e-higiene-laboral\/","title":{"rendered":"Seguridad e Higiene Laboral"},"content":{"rendered":"<p><a href=\"http:\/\/aszsa.com.ar\/portal\/wp-content\/uploads\/2015\/09\/4.4.1.jpg\"><img loading=\"lazy\" decoding=\"async\" class=\"alignleft size-full wp-image-1234\" src=\"http:\/\/aszsa.com.ar\/portal\/wp-content\/uploads\/2015\/09\/4.4.1.jpg\" alt=\"4.4.1\" width=\"815\" height=\"251\" srcset=\"https:\/\/aszsa.com.ar\/portal\/wp-content\/uploads\/2015\/09\/4.4.1.jpg 815w, https:\/\/aszsa.com.ar\/portal\/wp-content\/uploads\/2015\/09\/4.4.1-300x92.jpg 300w\" sizes=\"auto, (max-width: 815px) 100vw, 815px\" \/><\/a><\/p>\n<p><strong>Higiene y Seguridad en el trabajo:<\/strong><\/p>\n<p>Brindamos asesoramiento a empresas e instituciones que est\u00e9n comprendidas en la ley nacional 19587. Desarrollamos un programa anual de trabajo a trav\u00e9s de un cronograma de visitas mensuales donde se desarrollan entre otras, las tareas que se detallan a continuaci\u00f3n:<\/p>\n<ul>\n<li>Cuadro de incendio<\/li>\n<li>Estudio de carga de fuego<\/li>\n<li>Plan anual de capacitaci\u00f3n<\/li>\n<li>Capacitaciones<\/li>\n<li>Atenci\u00f3n a inspecciones de ART<\/li>\n<li>Atenci\u00f3n a inspecciones de organismos municipales<\/li>\n<li>Mapa de riesgos<\/li>\n<li>Resoluciones de la SRT (415, 463, etc.)<\/li>\n<li>An\u00e1lisis de riesgos por puesto de trabajo<\/li>\n<li>Medici\u00f3n de los niveles de iluminaci\u00f3n<\/li>\n<li>Medici\u00f3n de los niveles de ruido<\/li>\n<li>Programas de seguridad<\/li>\n<li>Estudio de Elementos de Protecci\u00f3n Personal (EPP) por puesto de trabajo<\/li>\n<li>Asesoramiento en Medio Ambiente<\/li>\n<\/ul>\n","protected":false},"excerpt":{"rendered":"<p>Higiene y Seguridad en el trabajo: Brindamos asesoramiento a empresas e instituciones que est\u00e9n comprendidas en la ley nacional 19587. Desarrollamos un programa anual de trabajo a trav\u00e9s de un cronograma de visitas mensuales donde se desarrollan entre otras, las tareas que se detallan a continuaci\u00f3n: Cuadro de incendio Estudio de carga de fuego Plan [&hellip;]<\/p>\n","protected":false},"author":3,"featured_media":0,"parent":0,"menu_order":0,"comment_status":"closed","ping_status":"closed","template":"","meta":{"footnotes":""},"categories":[22],"tags":[],"class_list":["post-1070","page","type-page","status-publish","hentry","category-servicios-de-hsma"],"_links":{"self":[{"href":"https:\/\/aszsa.com.ar\/portal\/wp-json\/wp\/v2\/pages\/1070","targetHints":{"allow":["GET"]}}],"collection":[{"href":"https:\/\/aszsa.com.ar\/portal\/wp-json\/wp\/v2\/pages"}],"about":[{"href":"https:\/\/aszsa.com.ar\/portal\/wp-json\/wp\/v2\/types\/page"}],"author":[{"embeddable":true,"href":"https:\/\/aszsa.com.ar\/portal\/wp-json\/wp\/v2\/users\/3"}],"replies":[{"embeddable":true,"href":"https:\/\/aszsa.com.ar\/portal\/wp-json\/wp\/v2\/comments?post=1070"}],"version-history":[{"count":4,"href":"https:\/\/aszsa.com.ar\/portal\/wp-json\/wp\/v2\/pages\/1070\/revisions"}],"predecessor-version":[{"id":1246,"href":"https:\/\/aszsa.com.ar\/portal\/wp-json\/wp\/v2\/pages\/1070\/revisions\/1246"}],"wp:attachment":[{"href":"https:\/\/aszsa.com.ar\/portal\/wp-json\/wp\/v2\/media?parent=1070"}],"wp:term":[{"taxonomy":"category","embeddable":true,"href":"https:\/\/aszsa.com.ar\/portal\/wp-json\/wp\/v2\/categories?post=1070"},{"taxonomy":"post_tag","embeddable":true,"href":"https:\/\/aszsa.com.ar\/portal\/wp-json\/wp\/v2\/tags?post=1070"}],"curies":[{"name":"wp","href":"https:\/\/api.w.org\/{rel}","templated":true}]}}