{"id":1073,"date":"2015-10-13T19:04:05","date_gmt":"2015-10-13T16:04:05","guid":{"rendered":"http:\/\/aszsa.com.ar\/portal\/?page_id=1073"},"modified":"2016-02-22T06:43:16","modified_gmt":"2016-02-22T03:43:16","slug":"capacitacion-hsma","status":"publish","type":"page","link":"https:\/\/aszsa.com.ar\/portal\/capacitacion-hsma\/","title":{"rendered":"Capacitacion HSMA"},"content":{"rendered":"<h3>PROGRAMAS CAPACITACI\u00d3N HS&amp;MA<\/h3>\n<h3><a href=\"http:\/\/aszsa.com.ar\/portal\/wp-content\/uploads\/2015\/09\/4.5.1.jpg\"><img loading=\"lazy\" decoding=\"async\" class=\"alignleft size-full wp-image-1236\" src=\"http:\/\/aszsa.com.ar\/portal\/wp-content\/uploads\/2015\/09\/4.5.1.jpg\" alt=\"4.5.1\" width=\"815\" height=\"251\" srcset=\"https:\/\/aszsa.com.ar\/portal\/wp-content\/uploads\/2015\/09\/4.5.1.jpg 815w, https:\/\/aszsa.com.ar\/portal\/wp-content\/uploads\/2015\/09\/4.5.1-300x92.jpg 300w\" sizes=\"auto, (max-width: 815px) 100vw, 815px\" \/><\/a><\/h3>\n<h3>ES LA DIFERENCIA PARA UN TRABAJO SEGURO<\/h3>\n<p>En la actualidad la capacitaci\u00f3n de los recursos humanos es la respuesta a la necesidad que tienen las empresas o instituciones de contar con un personal calificado y productivo.<\/p>\n<p>Para las empresas u organizaciones, la capacitaci\u00f3n de recursos humanos debe ser de vital importancia porque contribuye al desarrollo personal y profesional de los individuos a la vez que redunda en beneficios para la empresa.<\/p>\n<p>Desde el campo de la Higiene y Seguridad laboral, nuestra misi\u00f3n es transmitir \u00a0a sus recursos conocimientos sobre los distintos aspectos tendientes a evitar accidentes de trabajo y enfermedades profesionales, como as\u00ed tambi\u00e9n generar una conciencia colectiva tendiente a cuidar al recurso humano, pilar fundamental de cualquier organizaci\u00f3n.<\/p>\n<p>Nuestros cursos est\u00e1n dirigidos y orientados a los distintos niveles de la empresa, y en todos se entrega material de apoyo y se toma una evaluaci\u00f3n para verificar la comprensi\u00f3n.<\/p>\n","protected":false},"excerpt":{"rendered":"<p>PROGRAMAS CAPACITACI\u00d3N HS&amp;MA ES LA DIFERENCIA PARA UN TRABAJO SEGURO En la actualidad la capacitaci\u00f3n de los recursos humanos es la respuesta a la necesidad que tienen las empresas o instituciones de contar con un personal calificado y productivo. Para las empresas u organizaciones, la capacitaci\u00f3n de recursos humanos debe ser de vital importancia porque [&hellip;]<\/p>\n","protected":false},"author":3,"featured_media":0,"parent":0,"menu_order":0,"comment_status":"closed","ping_status":"closed","template":"","meta":{"footnotes":""},"categories":[22],"tags":[],"class_list":["post-1073","page","type-page","status-publish","hentry","category-servicios-de-hsma"],"_links":{"self":[{"href":"https:\/\/aszsa.com.ar\/portal\/wp-json\/wp\/v2\/pages\/1073","targetHints":{"allow":["GET"]}}],"collection":[{"href":"https:\/\/aszsa.com.ar\/portal\/wp-json\/wp\/v2\/pages"}],"about":[{"href":"https:\/\/aszsa.com.ar\/portal\/wp-json\/wp\/v2\/types\/page"}],"author":[{"embeddable":true,"href":"https:\/\/aszsa.com.ar\/portal\/wp-json\/wp\/v2\/users\/3"}],"replies":[{"embeddable":true,"href":"https:\/\/aszsa.com.ar\/portal\/wp-json\/wp\/v2\/comments?post=1073"}],"version-history":[{"count":3,"href":"https:\/\/aszsa.com.ar\/portal\/wp-json\/wp\/v2\/pages\/1073\/revisions"}],"predecessor-version":[{"id":1333,"href":"https:\/\/aszsa.com.ar\/portal\/wp-json\/wp\/v2\/pages\/1073\/revisions\/1333"}],"wp:attachment":[{"href":"https:\/\/aszsa.com.ar\/portal\/wp-json\/wp\/v2\/media?parent=1073"}],"wp:term":[{"taxonomy":"category","embeddable":true,"href":"https:\/\/aszsa.com.ar\/portal\/wp-json\/wp\/v2\/categories?post=1073"},{"taxonomy":"post_tag","embeddable":true,"href":"https:\/\/aszsa.com.ar\/portal\/wp-json\/wp\/v2\/tags?post=1073"}],"curies":[{"name":"wp","href":"https:\/\/api.w.org\/{rel}","templated":true}]}}