{"id":1076,"date":"2015-10-13T19:04:45","date_gmt":"2015-10-13T16:04:45","guid":{"rendered":"http:\/\/aszsa.com.ar\/portal\/?page_id=1076"},"modified":"2016-03-14T23:09:12","modified_gmt":"2016-03-14T20:09:12","slug":"medio-ambiente-industrial","status":"publish","type":"page","link":"https:\/\/aszsa.com.ar\/portal\/medio-ambiente-industrial\/","title":{"rendered":"Gesti\u00f3n Ambiental Industrial"},"content":{"rendered":"<h3>PROTEGER EL MEDIO AMBIENTE ES PROTEGER NUESTRO FUTURO<a href=\"http:\/\/aszsa.com.ar\/portal\/wp-content\/uploads\/2015\/09\/4.6.1.jpg\"><img loading=\"lazy\" decoding=\"async\" class=\"alignleft size-full wp-image-1238\" src=\"http:\/\/aszsa.com.ar\/portal\/wp-content\/uploads\/2015\/09\/4.6.1.jpg\" alt=\"4.6.1\" width=\"815\" height=\"250\" srcset=\"https:\/\/aszsa.com.ar\/portal\/wp-content\/uploads\/2015\/09\/4.6.1.jpg 815w, https:\/\/aszsa.com.ar\/portal\/wp-content\/uploads\/2015\/09\/4.6.1-300x92.jpg 300w\" sizes=\"auto, (max-width: 815px) 100vw, 815px\" \/><\/a><\/h3>\n<h3>Objetivos principales de la Gesti\u00f3n Ambiental Industrial<\/h3>\n<ul>\n<li>La prevenci\u00f3n de la contaminaci\u00f3n<\/li>\n<li>El cumplimiento de las leyes ambientales y otras a las que la empresa voluntariamente adhiera.<\/li>\n<li>La mejora continua de la protecci\u00f3n ambiental<\/li>\n<li>Alcanzar el equilibrio entre el desarrollo econ\u00f3mico y la disponibilidad de recursos naturales<\/li>\n<\/ul>\n<p><i><strong>\u00a0 &gt;&gt;&gt; Esto significa que se establece un nivel de desempe\u00f1o Ambiental a cumplir !!!!!<\/strong><\/i><\/p>\n<p><i><strong>ASZSA<\/strong> ofrece Servicios de consultor\u00eda integral para la Industria que desee iniciar u optimizar sus procesos con aplicaci\u00f3n de herramientas sistem\u00e1ticas de Mejora:<\/i><\/p>\n<ul>\n<li>Relevamiento de Aspectos Ambientales<\/li>\n<li>Requisitos Legales y\/o Propios.<\/li>\n<li>Calificaci\u00f3n de Aspectos e Impactos Ambientales<\/li>\n<li>Propuestas de Mejora o Remediaci\u00f3n<\/li>\n<li>Gesti\u00f3n Integral de Residuos<\/li>\n<li>Auditor\u00edas Ambientales<\/li>\n<\/ul>\n","protected":false},"excerpt":{"rendered":"<p>PROTEGER EL MEDIO AMBIENTE ES PROTEGER NUESTRO FUTURO Objetivos principales de la Gesti\u00f3n Ambiental Industrial La prevenci\u00f3n de la contaminaci\u00f3n El cumplimiento de las leyes ambientales y otras a las que la empresa voluntariamente adhiera. La mejora continua de la protecci\u00f3n ambiental Alcanzar el equilibrio entre el desarrollo econ\u00f3mico y la disponibilidad de recursos naturales [&hellip;]<\/p>\n","protected":false},"author":3,"featured_media":0,"parent":0,"menu_order":0,"comment_status":"closed","ping_status":"closed","template":"","meta":{"footnotes":""},"categories":[22],"tags":[],"class_list":["post-1076","page","type-page","status-publish","hentry","category-servicios-de-hsma"],"_links":{"self":[{"href":"https:\/\/aszsa.com.ar\/portal\/wp-json\/wp\/v2\/pages\/1076","targetHints":{"allow":["GET"]}}],"collection":[{"href":"https:\/\/aszsa.com.ar\/portal\/wp-json\/wp\/v2\/pages"}],"about":[{"href":"https:\/\/aszsa.com.ar\/portal\/wp-json\/wp\/v2\/types\/page"}],"author":[{"embeddable":true,"href":"https:\/\/aszsa.com.ar\/portal\/wp-json\/wp\/v2\/users\/3"}],"replies":[{"embeddable":true,"href":"https:\/\/aszsa.com.ar\/portal\/wp-json\/wp\/v2\/comments?post=1076"}],"version-history":[{"count":9,"href":"https:\/\/aszsa.com.ar\/portal\/wp-json\/wp\/v2\/pages\/1076\/revisions"}],"predecessor-version":[{"id":1396,"href":"https:\/\/aszsa.com.ar\/portal\/wp-json\/wp\/v2\/pages\/1076\/revisions\/1396"}],"wp:attachment":[{"href":"https:\/\/aszsa.com.ar\/portal\/wp-json\/wp\/v2\/media?parent=1076"}],"wp:term":[{"taxonomy":"category","embeddable":true,"href":"https:\/\/aszsa.com.ar\/portal\/wp-json\/wp\/v2\/categories?post=1076"},{"taxonomy":"post_tag","embeddable":true,"href":"https:\/\/aszsa.com.ar\/portal\/wp-json\/wp\/v2\/tags?post=1076"}],"curies":[{"name":"wp","href":"https:\/\/api.w.org\/{rel}","templated":true}]}}