{"id":1601,"date":"2024-10-23T02:31:29","date_gmt":"2024-10-22T23:31:29","guid":{"rendered":"https:\/\/aszsa.com.ar\/portal\/?page_id=1601"},"modified":"2024-10-24T02:08:54","modified_gmt":"2024-10-23T23:08:54","slug":"calidad","status":"publish","type":"page","link":"https:\/\/aszsa.com.ar\/portal\/calidad\/","title":{"rendered":"CALIDAD"},"content":{"rendered":"\n<figure class=\"wp-block-image size-full\"><a href=\"http:\/\/aszsa.com.ar\/portal\/wp-content\/uploads\/2024\/10\/ISO90001-e1729638974711.jpg\"><img loading=\"lazy\" decoding=\"async\" width=\"924\" height=\"411\" src=\"http:\/\/aszsa.com.ar\/portal\/wp-content\/uploads\/2024\/10\/ISO90001-e1729638974711.jpg\" alt=\"\" class=\"wp-image-1604\" srcset=\"https:\/\/aszsa.com.ar\/portal\/wp-content\/uploads\/2024\/10\/ISO90001-e1729638974711.jpg 924w, https:\/\/aszsa.com.ar\/portal\/wp-content\/uploads\/2024\/10\/ISO90001-e1729638974711-300x133.jpg 300w, https:\/\/aszsa.com.ar\/portal\/wp-content\/uploads\/2024\/10\/ISO90001-e1729638974711-768x342.jpg 768w\" sizes=\"auto, (max-width: 924px) 100vw, 924px\" \/><\/a><\/figure>\n\n\n\n<p>Estamos comprometidos con la mejora continua de nuestros procesos y del sistema de gesti\u00f3n de la calidad para garantizar la satisfacci\u00f3n&nbsp;del cliente.<\/p>\n\n\n\n<p>Desarrollamos relaciones colaborativas y eficientes con nuestros proveedores, y nos enfocamos en la formaci\u00f3n t\u00e9cnica de nuestro equipo, promoviendo una comunicaci\u00f3n efectiva en todos los niveles. Esto nos permite ofrecer un servicio de excelencia.<\/p>\n\n\n\n<p>Para reafirmar nuestro compromiso con la calidad, hemos obtenido la certificaci\u00f3n ISO 9001:2015 a trav\u00e9s de SGS Argentina SA, lo que garantiza la solidez de nuestros procesos y nuestra dedicaci\u00f3n a un servicio que cumple con los m\u00e1s altos est\u00e1ndares internacionales.<\/p>\n\n\n\n<div class=\"wp-block-columns is-layout-flex wp-container-core-columns-is-layout-9d6595d7 wp-block-columns-is-layout-flex\">\n<div class=\"wp-block-column is-layout-flow wp-block-column-is-layout-flow\"><div class=\"wp-block-image\">\n<figure class=\"aligncenter size-full is-resized\"><a href=\"https:\/\/aszsa.com.ar\/portal\/wp-content\/uploads\/2024\/10\/Captura-de-pantalla-2024-10-22-195255.png\"><img loading=\"lazy\" decoding=\"async\" width=\"732\" height=\"1047\" src=\"https:\/\/aszsa.com.ar\/portal\/wp-content\/uploads\/2024\/10\/Captura-de-pantalla-2024-10-22-195255.png\" alt=\"\" class=\"wp-image-1609\" style=\"width:200px\" srcset=\"https:\/\/aszsa.com.ar\/portal\/wp-content\/uploads\/2024\/10\/Captura-de-pantalla-2024-10-22-195255.png 732w, https:\/\/aszsa.com.ar\/portal\/wp-content\/uploads\/2024\/10\/Captura-de-pantalla-2024-10-22-195255-210x300.png 210w, https:\/\/aszsa.com.ar\/portal\/wp-content\/uploads\/2024\/10\/Captura-de-pantalla-2024-10-22-195255-716x1024.png 716w\" sizes=\"auto, (max-width: 732px) 100vw, 732px\" \/><\/a><\/figure>\n<\/div>\n\n\n<div class=\"wp-block-file aligncenter\"><a id=\"wp-block-file--media-86edfdeb-bf5a-4832-99d7-f7695a61f784\" href=\"http:\/\/aszsa.com.ar\/portal\/wp-content\/uploads\/2024\/10\/POLITICA-DE-CALIDAD-PARA-WEB-2-1.pdf\">POLITICA DE CALIDAD<\/a><\/div>\n<\/div>\n\n\n\n<div class=\"wp-block-column is-layout-flow wp-block-column-is-layout-flow\"><div class=\"wp-block-image\">\n<figure class=\"aligncenter size-large is-resized\"><a href=\"https:\/\/aszsa.com.ar\/portal\/wp-content\/uploads\/2024\/10\/Captura-de-pantalla-2024-10-22-195603.png\"><img loading=\"lazy\" decoding=\"async\" width=\"723\" height=\"1024\" src=\"https:\/\/aszsa.com.ar\/portal\/wp-content\/uploads\/2024\/10\/Captura-de-pantalla-2024-10-22-195603-723x1024.png\" alt=\"\" class=\"wp-image-1610\" style=\"width:200px\" srcset=\"https:\/\/aszsa.com.ar\/portal\/wp-content\/uploads\/2024\/10\/Captura-de-pantalla-2024-10-22-195603-723x1024.png 723w, https:\/\/aszsa.com.ar\/portal\/wp-content\/uploads\/2024\/10\/Captura-de-pantalla-2024-10-22-195603-212x300.png 212w, https:\/\/aszsa.com.ar\/portal\/wp-content\/uploads\/2024\/10\/Captura-de-pantalla-2024-10-22-195603.png 748w\" sizes=\"auto, (max-width: 723px) 100vw, 723px\" \/><\/a><\/figure>\n<\/div>\n\n\n<div class=\"wp-block-file aligncenter\"><a id=\"wp-block-file--media-1698fbb0-362a-4c7b-98df-ef65869eab9a\" href=\"https:\/\/aszsa.com.ar\/portal\/wp-content\/uploads\/2024\/10\/Certificado-ISO-9001-OAA-Argent-Service-Zarate-S.A-ASZSA-issue-1-1.pdf\">Certificado ISO 9001<\/a><\/div>\n\n\n\n<p class=\"has-text-align-center\" style=\"font-size:14px\"><a href=\"https:\/\/www.sgs.com\/en-ar\/certified-clients-and-products\/certified-client-directory\">Directorio de Clientes Certificados<\/a><\/p>\n<\/div>\n<\/div>\n\n\n\n<p><\/p>\n","protected":false},"excerpt":{"rendered":"<p>Estamos comprometidos con la mejora continua de nuestros procesos y del sistema de gesti\u00f3n de la calidad para garantizar la satisfacci\u00f3n&nbsp;del cliente. Desarrollamos relaciones colaborativas y eficientes con nuestros proveedores, y nos enfocamos en la formaci\u00f3n t\u00e9cnica de nuestro equipo, promoviendo una comunicaci\u00f3n efectiva en todos los niveles. Esto nos permite ofrecer un servicio de [&hellip;]<\/p>\n","protected":false},"author":2,"featured_media":0,"parent":0,"menu_order":0,"comment_status":"closed","ping_status":"closed","template":"","meta":{"footnotes":""},"categories":[],"tags":[],"class_list":["post-1601","page","type-page","status-publish","hentry"],"_links":{"self":[{"href":"https:\/\/aszsa.com.ar\/portal\/wp-json\/wp\/v2\/pages\/1601","targetHints":{"allow":["GET"]}}],"collection":[{"href":"https:\/\/aszsa.com.ar\/portal\/wp-json\/wp\/v2\/pages"}],"about":[{"href":"https:\/\/aszsa.com.ar\/portal\/wp-json\/wp\/v2\/types\/page"}],"author":[{"embeddable":true,"href":"https:\/\/aszsa.com.ar\/portal\/wp-json\/wp\/v2\/users\/2"}],"replies":[{"embeddable":true,"href":"https:\/\/aszsa.com.ar\/portal\/wp-json\/wp\/v2\/comments?post=1601"}],"version-history":[{"count":8,"href":"https:\/\/aszsa.com.ar\/portal\/wp-json\/wp\/v2\/pages\/1601\/revisions"}],"predecessor-version":[{"id":1638,"href":"https:\/\/aszsa.com.ar\/portal\/wp-json\/wp\/v2\/pages\/1601\/revisions\/1638"}],"wp:attachment":[{"href":"https:\/\/aszsa.com.ar\/portal\/wp-json\/wp\/v2\/media?parent=1601"}],"wp:term":[{"taxonomy":"category","embeddable":true,"href":"https:\/\/aszsa.com.ar\/portal\/wp-json\/wp\/v2\/categories?post=1601"},{"taxonomy":"post_tag","embeddable":true,"href":"https:\/\/aszsa.com.ar\/portal\/wp-json\/wp\/v2\/tags?post=1601"}],"curies":[{"name":"wp","href":"https:\/\/api.w.org\/{rel}","templated":true}]}}