{"id":585,"date":"2015-09-08T00:31:11","date_gmt":"2015-09-07T21:31:11","guid":{"rendered":"http:\/\/aszsa.com.ar\/portal\/?page_id=585"},"modified":"2019-04-26T22:46:24","modified_gmt":"2019-04-26T19:46:24","slug":"historia","status":"publish","type":"page","link":"https:\/\/aszsa.com.ar\/portal\/historia\/","title":{"rendered":"Historia"},"content":{"rendered":"<h3>DE DONDE VENIMOS &#8211; Una Historia de Pioneros<\/h3>\n<p><a href=\"http:\/\/aszsa.com.ar\/portal\/wp-content\/uploads\/2015\/09\/1.33.gif\"><img loading=\"lazy\" decoding=\"async\" class=\"alignleft size-full wp-image-1099\" src=\"http:\/\/aszsa.com.ar\/portal\/wp-content\/uploads\/2015\/09\/1.33.gif\" alt=\"1.33\" width=\"815\" height=\"250\" \/><\/a><\/p>\n<h4><span style=\"color: #003366;\"><em><strong>2014 \u2013 LA IDEA INICIAL<\/strong><\/em><\/span><\/h4>\n<p><span style=\"color: #003366;\">Un Grupo de trabajadores industriales, so\u00f1aban con desarrollar un gran emprendimiento de Servicios para las industrias de la zona, con gran esp\u00edritu emprendedor, se decide afrontar la idea y manos a la obra con este desaf\u00edo de embarcarse en el proyecto de una S.A.<\/span><\/p>\n<h4><span style=\"color: #003366;\"><em><strong>2015 \u2013 EL COMIENZO EN ZARATE<\/strong><\/em><\/span><\/h4>\n<p><span style=\"color: #003366;\">Despu\u00e9s de varios meses de trabajo de Gesti\u00f3n del Proyecto, se funda ASZSA (Argent Service Z\u00e1rate S.A.), viendo la oportunidad de poner sus habilidades y experiencias al servicio de las industrias de la zona<\/span><\/p>\n<h4><span style=\"color: #003366;\"><em><strong>2016 \u2013 PRIMEROS DESAF\u00cdOS<\/strong><\/em><\/span><\/h4>\n<p><span style=\"color: #003366;\">Desarrollos y Servicios en varias Empresas. Mejorando sus costos, con optimizaci\u00f3n de activos, mejoras en metodolog\u00edas y evaluaci\u00f3n de Proyectos, que necesitaban para \u00abMejorar en Competitividad Integral\u00bb.<\/span><\/p>\n<h4><span style=\"color: #003366;\"><em><strong>2018 \u2013\u00a0AMPLIACI\u00d3N DE SERVICIOS<\/strong><\/em><\/span><\/h4>\n<p><span style=\"color: #003366;\">Ampliar y crecer en Servicios ASZSA. Dentro de nuestras Divisiones originarias, se crean nuevas Subdivisiones con Especializaci\u00f3n T\u00e9cnica, en Climatizaci\u00f3n\u00a0y\u00a0Refrigeraci\u00f3n, Mto de Equipos &#8211; Sistemas &#8211; Redes Inform\u00e1ticas, Electro-Instrumentaci\u00f3n,\u00a0Repuestos Especiales, y otros.<\/span><\/p>\n<h3><span style=\"color: #003366;\"><em><strong>2019 \u2013 EXPANSI\u00d3N SIN FRONTERAS<\/strong><\/em><\/span><\/h3>\n<p><span style=\"color: #003366;\">Expansi\u00f3n del Servicio de Broker Comercial y COMEX, con un grupo exclusivo de Profesionales, as\u00ed seguir llevando soluciones y crecimiento a Nuestros Clientes.<\/span><\/p>\n","protected":false},"excerpt":{"rendered":"<p>DE DONDE VENIMOS &#8211; Una Historia de Pioneros 2014 \u2013 LA IDEA INICIAL Un Grupo de trabajadores industriales, so\u00f1aban con desarrollar un gran emprendimiento de Servicios para las industrias de la zona, con gran esp\u00edritu emprendedor, se decide afrontar la idea y manos a la obra con este desaf\u00edo de embarcarse en el proyecto de [&hellip;]<\/p>\n","protected":false},"author":3,"featured_media":0,"parent":0,"menu_order":0,"comment_status":"closed","ping_status":"closed","template":"","meta":{"footnotes":""},"categories":[19],"tags":[],"class_list":["post-585","page","type-page","status-publish","hentry","category-sobre-nosotros"],"_links":{"self":[{"href":"https:\/\/aszsa.com.ar\/portal\/wp-json\/wp\/v2\/pages\/585","targetHints":{"allow":["GET"]}}],"collection":[{"href":"https:\/\/aszsa.com.ar\/portal\/wp-json\/wp\/v2\/pages"}],"about":[{"href":"https:\/\/aszsa.com.ar\/portal\/wp-json\/wp\/v2\/types\/page"}],"author":[{"embeddable":true,"href":"https:\/\/aszsa.com.ar\/portal\/wp-json\/wp\/v2\/users\/3"}],"replies":[{"embeddable":true,"href":"https:\/\/aszsa.com.ar\/portal\/wp-json\/wp\/v2\/comments?post=585"}],"version-history":[{"count":8,"href":"https:\/\/aszsa.com.ar\/portal\/wp-json\/wp\/v2\/pages\/585\/revisions"}],"predecessor-version":[{"id":1480,"href":"https:\/\/aszsa.com.ar\/portal\/wp-json\/wp\/v2\/pages\/585\/revisions\/1480"}],"wp:attachment":[{"href":"https:\/\/aszsa.com.ar\/portal\/wp-json\/wp\/v2\/media?parent=585"}],"wp:term":[{"taxonomy":"category","embeddable":true,"href":"https:\/\/aszsa.com.ar\/portal\/wp-json\/wp\/v2\/categories?post=585"},{"taxonomy":"post_tag","embeddable":true,"href":"https:\/\/aszsa.com.ar\/portal\/wp-json\/wp\/v2\/tags?post=585"}],"curies":[{"name":"wp","href":"https:\/\/api.w.org\/{rel}","templated":true}]}}