{"id":590,"date":"2015-09-07T01:56:15","date_gmt":"2015-09-06T22:56:15","guid":{"rendered":"http:\/\/aszsa.com.ar\/portal\/?page_id=590"},"modified":"2016-01-12T23:58:04","modified_gmt":"2016-01-12T20:58:04","slug":"que-hacemos","status":"publish","type":"page","link":"https:\/\/aszsa.com.ar\/portal\/que-hacemos\/","title":{"rendered":"\u00bfQue Hacemos?"},"content":{"rendered":"<h3>CREAMOS VALOR PARA SU EMPRESA<a href=\"http:\/\/aszsa.com.ar\/portal\/wp-content\/uploads\/2015\/09\/1.6.gif\"><img loading=\"lazy\" decoding=\"async\" class=\"alignleft size-full wp-image-1110\" src=\"http:\/\/aszsa.com.ar\/portal\/wp-content\/uploads\/2015\/09\/1.6.gif\" alt=\"1.6\" width=\"815\" height=\"250\" \/><\/a><\/h3>\n<p>En ASZSA, el suministro de soluciones significa mucho m\u00e1s que solo vender materiales y\/o servicios. Como proveedor de servicios integrales, nuestro enfoque hol\u00edstico de creaci\u00f3n comienza con el dise\u00f1o de soluciones especializadas que respondan a sus necesidades. Luego le ayudamos a que su producci\u00f3n entre en funcionamiento pleno, asegur\u00e1ndonos de que su l\u00ednea opera bien y se mantiene a lo largo del tiempo. Paso a paso, lo ayudamos a sacar provecho de sus peque\u00f1as mejoras en todo su ciclo de vida.<\/p>\n<p>Tambi\u00e9n realizamos importantes aportes en innovaci\u00f3n para contribuir a que su empresa se posicione por encima de la competencia. Nuestra amplia gama de soluciones est\u00e1 dise\u00f1ada para mejorar la flexibilidad de los equipos, maximizar la eficiencia, garantizar la seguridad industrial, reducir su huella medioambiental y mantener la integridad de todos sus productos.<\/p>\n","protected":false},"excerpt":{"rendered":"<p>CREAMOS VALOR PARA SU EMPRESA En ASZSA, el suministro de soluciones significa mucho m\u00e1s que solo vender materiales y\/o servicios. Como proveedor de servicios integrales, nuestro enfoque hol\u00edstico de creaci\u00f3n comienza con el dise\u00f1o de soluciones especializadas que respondan a sus necesidades. Luego le ayudamos a que su producci\u00f3n entre en funcionamiento pleno, asegur\u00e1ndonos de [&hellip;]<\/p>\n","protected":false},"author":3,"featured_media":0,"parent":0,"menu_order":0,"comment_status":"closed","ping_status":"closed","template":"","meta":{"footnotes":""},"categories":[19],"tags":[],"class_list":["post-590","page","type-page","status-publish","hentry","category-sobre-nosotros"],"_links":{"self":[{"href":"https:\/\/aszsa.com.ar\/portal\/wp-json\/wp\/v2\/pages\/590","targetHints":{"allow":["GET"]}}],"collection":[{"href":"https:\/\/aszsa.com.ar\/portal\/wp-json\/wp\/v2\/pages"}],"about":[{"href":"https:\/\/aszsa.com.ar\/portal\/wp-json\/wp\/v2\/types\/page"}],"author":[{"embeddable":true,"href":"https:\/\/aszsa.com.ar\/portal\/wp-json\/wp\/v2\/users\/3"}],"replies":[{"embeddable":true,"href":"https:\/\/aszsa.com.ar\/portal\/wp-json\/wp\/v2\/comments?post=590"}],"version-history":[{"count":4,"href":"https:\/\/aszsa.com.ar\/portal\/wp-json\/wp\/v2\/pages\/590\/revisions"}],"predecessor-version":[{"id":1111,"href":"https:\/\/aszsa.com.ar\/portal\/wp-json\/wp\/v2\/pages\/590\/revisions\/1111"}],"wp:attachment":[{"href":"https:\/\/aszsa.com.ar\/portal\/wp-json\/wp\/v2\/media?parent=590"}],"wp:term":[{"taxonomy":"category","embeddable":true,"href":"https:\/\/aszsa.com.ar\/portal\/wp-json\/wp\/v2\/categories?post=590"},{"taxonomy":"post_tag","embeddable":true,"href":"https:\/\/aszsa.com.ar\/portal\/wp-json\/wp\/v2\/tags?post=590"}],"curies":[{"name":"wp","href":"https:\/\/api.w.org\/{rel}","templated":true}]}}