{"id":594,"date":"2015-09-07T01:57:47","date_gmt":"2015-09-06T22:57:47","guid":{"rendered":"http:\/\/aszsa.com.ar\/portal\/?page_id=594"},"modified":"2016-03-14T21:53:25","modified_gmt":"2016-03-14T18:53:25","slug":"nuestro-compromiso","status":"publish","type":"page","link":"https:\/\/aszsa.com.ar\/portal\/nuestro-compromiso\/","title":{"rendered":"Nuestro Compromiso"},"content":{"rendered":"<pre><\/pre>\n<h3>QUEREMOS SER RECONOCIDOS COMO UNA EMPRESA RESPONSABLE. UNA EMPRESA QUE SE PREOCUPA.<\/h3>\n<p><img loading=\"lazy\" decoding=\"async\" class=\"alignleft size-full wp-image-1115\" src=\"http:\/\/aszsa.com.ar\/portal\/wp-content\/uploads\/2015\/10\/1.8.gif\" alt=\"1.8\" width=\"815\" height=\"250\" \/><\/p>\n<p>Hemos construido nuestra empresa sobre la base de ser el socio m\u00e1s innovador y confiable, el que ofrece mayor capacidad de respuesta y facilita soluciones sostenibles a la industria. Constantemente desafiamos los l\u00edmites de la tecnolog\u00eda y de los servicios para brindar a nuestros clientes los medios para desarrollar un negocio m\u00e1s sostenible, al tiempo que se preservan los recursos y se act\u00faa de manera \u00e9tica y con responsabilidad social.<br \/>\nCon esa filosof\u00eda, tambi\u00e9n concentramos nuestros esfuerzos en un triple resultado: mejorar el medio ambiente, contribuir a la prosperidad econ\u00f3mica y asegurar igualdad social. Nuestra pol\u00edtica se aplica tanto interna como externamente a los beneficios que ofrecen nuestros productos y servicios, los procesos de fabricaci\u00f3n de nuestras soluciones y las operaciones diarias.<\/p>\n<p><strong>Los principios de ASZSA:<\/strong><\/p>\n<p>\u2013 Eliminar o gestionar los riesgos de salud y seguridad;<br \/>\n\u2013 Reducir nuestro impacto en el cambio clim\u00e1tico;<br \/>\n\u2013 Preservar nuestro entorno natural, respetando el medio ambiente;<br \/>\n\u2013 Reducir el consumo de energ\u00eda;<br \/>\n\u2013 Prevenir los riesgos tecnol\u00f3gicos;<br \/>\n\u2013 Cumplir con las reglas \u00e9ticas, promover la diversidad;<br \/>\n\u2013 Promover la informaci\u00f3n, la educaci\u00f3n y la comunicaci\u00f3n.<\/p>\n<p>Explore los enlaces para conocer m\u00e1s acerca de los esfuerzos de ASZSA en cuanto a desarrollo sostenible y c\u00f3mo podemos ayudar a su empresa a contribuir a su programa de sostenibilidad.<\/p>\n","protected":false},"excerpt":{"rendered":"<p>QUEREMOS SER RECONOCIDOS COMO UNA EMPRESA RESPONSABLE. UNA EMPRESA QUE SE PREOCUPA. Hemos construido nuestra empresa sobre la base de ser el socio m\u00e1s innovador y confiable, el que ofrece mayor capacidad de respuesta y facilita soluciones sostenibles a la industria. Constantemente desafiamos los l\u00edmites de la tecnolog\u00eda y de los servicios para brindar a [&hellip;]<\/p>\n","protected":false},"author":3,"featured_media":0,"parent":0,"menu_order":0,"comment_status":"closed","ping_status":"closed","template":"","meta":{"footnotes":""},"categories":[19],"tags":[],"class_list":["post-594","page","type-page","status-publish","hentry","category-sobre-nosotros"],"_links":{"self":[{"href":"https:\/\/aszsa.com.ar\/portal\/wp-json\/wp\/v2\/pages\/594","targetHints":{"allow":["GET"]}}],"collection":[{"href":"https:\/\/aszsa.com.ar\/portal\/wp-json\/wp\/v2\/pages"}],"about":[{"href":"https:\/\/aszsa.com.ar\/portal\/wp-json\/wp\/v2\/types\/page"}],"author":[{"embeddable":true,"href":"https:\/\/aszsa.com.ar\/portal\/wp-json\/wp\/v2\/users\/3"}],"replies":[{"embeddable":true,"href":"https:\/\/aszsa.com.ar\/portal\/wp-json\/wp\/v2\/comments?post=594"}],"version-history":[{"count":8,"href":"https:\/\/aszsa.com.ar\/portal\/wp-json\/wp\/v2\/pages\/594\/revisions"}],"predecessor-version":[{"id":1373,"href":"https:\/\/aszsa.com.ar\/portal\/wp-json\/wp\/v2\/pages\/594\/revisions\/1373"}],"wp:attachment":[{"href":"https:\/\/aszsa.com.ar\/portal\/wp-json\/wp\/v2\/media?parent=594"}],"wp:term":[{"taxonomy":"category","embeddable":true,"href":"https:\/\/aszsa.com.ar\/portal\/wp-json\/wp\/v2\/categories?post=594"},{"taxonomy":"post_tag","embeddable":true,"href":"https:\/\/aszsa.com.ar\/portal\/wp-json\/wp\/v2\/tags?post=594"}],"curies":[{"name":"wp","href":"https:\/\/api.w.org\/{rel}","templated":true}]}}