{"id":596,"date":"2015-09-07T01:58:11","date_gmt":"2015-09-06T22:58:11","guid":{"rendered":"http:\/\/aszsa.com.ar\/portal\/?page_id=596"},"modified":"2015-10-29T19:20:05","modified_gmt":"2015-10-29T16:20:05","slug":"social-sociedad","status":"publish","type":"page","link":"https:\/\/aszsa.com.ar\/portal\/social-sociedad\/","title":{"rendered":"Social \/ Sociedad"},"content":{"rendered":"<h3><strong>LA<\/strong> <strong>IGUALDAD Y LA RESPONSABILIDAD VAN DE LA MANO<\/strong><\/h3>\n<p><a href=\"http:\/\/aszsa.com.ar\/portal\/wp-content\/uploads\/2015\/09\/1.9.gif\"><img loading=\"lazy\" decoding=\"async\" class=\"alignleft size-full wp-image-1118\" src=\"http:\/\/aszsa.com.ar\/portal\/wp-content\/uploads\/2015\/09\/1.9.gif\" alt=\"1.9\" width=\"815\" height=\"250\" \/><\/a><\/p>\n<p>Como una empresa \u00e9tica, tenemos una gran responsabilidad para con nuestros empleados, la gente con la que trabajamos y las comunidades donde operamos. Nos enorgullecemos no solo para nuestros esfuerzos para mejorar las vidas de las personas, sino tambi\u00e9n por aquellos que realizamos para promover la reutilizaci\u00f3n y el reciclaje en todo el continente.Siempre participamos en peque\u00f1as y grandes iniciativas: Nuestros t\u00e9cnicos usan camisetas hechas de material reciclado, optimizamos los gastos de recursos de energ\u00eda, y ayudamos a preservar el biotopo y los parques nacionales. Tambi\u00e9n nos aseguramos de que nuestro intercambio de informaci\u00f3n con los clientes se realice siempre de manera \u00e9tica y transparente a trav\u00e9s de nuestra colaboraci\u00f3n con SEDEX (Supplier Ethical Data Exchange o Intercambio \u00c9tico de Informaci\u00f3n con los Proveedores).<\/p>\n<p>Peri\u00f3dicamente proveemos y presentamos informaci\u00f3n acerca de nuestros est\u00e1ndares laborales, esfuerzos medioambientales, iniciativas en salud y seguridad, e integridad corporativa.<\/p>\n<pre><strong><img loading=\"lazy\" decoding=\"async\" class=\"wp-image-803 alignleft\" src=\"http:\/\/aszsa.com.ar\/portal\/wp-content\/uploads\/2015\/09\/A_LOGO-BLANCO_Chico.jpg\" alt=\"A_LOGO-BLANCO_Chico\" width=\"324\" height=\"324\" srcset=\"https:\/\/aszsa.com.ar\/portal\/wp-content\/uploads\/2015\/09\/A_LOGO-BLANCO_Chico.jpg 200w, https:\/\/aszsa.com.ar\/portal\/wp-content\/uploads\/2015\/09\/A_LOGO-BLANCO_Chico-150x150.jpg 150w\" sizes=\"auto, (max-width: 324px) 100vw, 324px\" \/>Igualdad de oportunidades<\/strong><\/pre>\n<p><strong> ASZSA<\/strong> refleja los rostros de diversidad de individuos y especialidades \u00fanicas. Dentro de la empresa, las personas con capacidades diferentes son el centro de un programa de integraci\u00f3n y adaptaci\u00f3n de puestos de trabajo. En nuestras filiales y en las de nuestros proveedores o socios, nos aseguramos de que el trabajo infantil est\u00e9 prohibido, as\u00ed como tambi\u00e9n cualquier forma de discriminaci\u00f3n por raza, g\u00e9nero, edad o afiliaci\u00f3n sindical. Estamos comprometidos al desarrollo del talent\u00f3 de nuestros trabajadores, tanto a nivel colectivo como individual.<\/p>\n<pre><strong>Salud y Seguridad<\/strong><\/pre>\n<p>Nuestro objetivo es asegurarnos de que las operaciones productivas y empresariales se desarrollen de manera fluida y segura como sea posible, sin da\u00f1ar a nadie. Con el apoyo de SEDEX, cumplimos con las reglas locales y apuntamos a la eliminaci\u00f3n total de accidentes o enfermedades laborales, a trav\u00e9s de la supresi\u00f3n o la gesti\u00f3n de riesgo.<\/p>\n","protected":false},"excerpt":{"rendered":"<p>LA IGUALDAD Y LA RESPONSABILIDAD VAN DE LA MANO Como una empresa \u00e9tica, tenemos una gran responsabilidad para con nuestros empleados, la gente con la que trabajamos y las comunidades donde operamos. Nos enorgullecemos no solo para nuestros esfuerzos para mejorar las vidas de las personas, sino tambi\u00e9n por aquellos que realizamos para promover la [&hellip;]<\/p>\n","protected":false},"author":3,"featured_media":0,"parent":0,"menu_order":0,"comment_status":"closed","ping_status":"closed","template":"","meta":{"footnotes":""},"categories":[19],"tags":[],"class_list":["post-596","page","type-page","status-publish","hentry","category-sobre-nosotros"],"_links":{"self":[{"href":"https:\/\/aszsa.com.ar\/portal\/wp-json\/wp\/v2\/pages\/596","targetHints":{"allow":["GET"]}}],"collection":[{"href":"https:\/\/aszsa.com.ar\/portal\/wp-json\/wp\/v2\/pages"}],"about":[{"href":"https:\/\/aszsa.com.ar\/portal\/wp-json\/wp\/v2\/types\/page"}],"author":[{"embeddable":true,"href":"https:\/\/aszsa.com.ar\/portal\/wp-json\/wp\/v2\/users\/3"}],"replies":[{"embeddable":true,"href":"https:\/\/aszsa.com.ar\/portal\/wp-json\/wp\/v2\/comments?post=596"}],"version-history":[{"count":7,"href":"https:\/\/aszsa.com.ar\/portal\/wp-json\/wp\/v2\/pages\/596\/revisions"}],"predecessor-version":[{"id":1120,"href":"https:\/\/aszsa.com.ar\/portal\/wp-json\/wp\/v2\/pages\/596\/revisions\/1120"}],"wp:attachment":[{"href":"https:\/\/aszsa.com.ar\/portal\/wp-json\/wp\/v2\/media?parent=596"}],"wp:term":[{"taxonomy":"category","embeddable":true,"href":"https:\/\/aszsa.com.ar\/portal\/wp-json\/wp\/v2\/categories?post=596"},{"taxonomy":"post_tag","embeddable":true,"href":"https:\/\/aszsa.com.ar\/portal\/wp-json\/wp\/v2\/tags?post=596"}],"curies":[{"name":"wp","href":"https:\/\/api.w.org\/{rel}","templated":true}]}}