{"id":599,"date":"2015-09-07T22:37:19","date_gmt":"2015-09-07T19:37:19","guid":{"rendered":"http:\/\/aszsa.com.ar\/portal\/?page_id=599"},"modified":"2015-10-29T19:21:23","modified_gmt":"2015-10-29T16:21:23","slug":"medio-ambiente","status":"publish","type":"page","link":"https:\/\/aszsa.com.ar\/portal\/medio-ambiente\/","title":{"rendered":"Medio Ambiente"},"content":{"rendered":"<h3><strong>PROTEGER EL MEDIO AMBIENTE ES PROTEGER NUESTRA VIDA<\/strong><\/h3>\n<p><a href=\"http:\/\/aszsa.com.ar\/portal\/wp-content\/uploads\/2015\/09\/110.gif\"><img loading=\"lazy\" decoding=\"async\" class=\"alignleft size-full wp-image-1121\" src=\"http:\/\/aszsa.com.ar\/portal\/wp-content\/uploads\/2015\/09\/110.gif\" alt=\"110\" width=\"815\" height=\"250\" \/><\/a><\/p>\n<p>Para <strong>ASZSA<\/strong>, la sostenibilidad y el medio ambiente son temas de creciente importancia.<\/p>\n<p>El respeto por el medio ambiente es una prioridad en todas nuestras actividades: los productos que dise\u00f1amos y fabricamos, los servicios de auditor\u00eda y mejora de suministros, las plantas en las cuales operamos en todo el continente\u2026. El fin \u00faltimo en cada paso que damos es el de construir un futuro m\u00e1s sostenible en el cual llevar a cabo nuestra actividad \u2013 <strong><em>juntos<\/em><\/strong>.<\/p>\n<p>Lea m\u00e1s acerca de nuestros esfuerzos espec\u00edficos en torno al medio ambiente y a nuestros productos y servicios ecol\u00f3gicos a trav\u00e9s de los enlaces a la derecha.<\/p>\n","protected":false},"excerpt":{"rendered":"<p>PROTEGER EL MEDIO AMBIENTE ES PROTEGER NUESTRA VIDA Para ASZSA, la sostenibilidad y el medio ambiente son temas de creciente importancia. El respeto por el medio ambiente es una prioridad en todas nuestras actividades: los productos que dise\u00f1amos y fabricamos, los servicios de auditor\u00eda y mejora de suministros, las plantas en las cuales operamos en [&hellip;]<\/p>\n","protected":false},"author":3,"featured_media":0,"parent":0,"menu_order":0,"comment_status":"closed","ping_status":"closed","template":"","meta":{"footnotes":""},"categories":[19],"tags":[],"class_list":["post-599","page","type-page","status-publish","hentry","category-sobre-nosotros"],"_links":{"self":[{"href":"https:\/\/aszsa.com.ar\/portal\/wp-json\/wp\/v2\/pages\/599","targetHints":{"allow":["GET"]}}],"collection":[{"href":"https:\/\/aszsa.com.ar\/portal\/wp-json\/wp\/v2\/pages"}],"about":[{"href":"https:\/\/aszsa.com.ar\/portal\/wp-json\/wp\/v2\/types\/page"}],"author":[{"embeddable":true,"href":"https:\/\/aszsa.com.ar\/portal\/wp-json\/wp\/v2\/users\/3"}],"replies":[{"embeddable":true,"href":"https:\/\/aszsa.com.ar\/portal\/wp-json\/wp\/v2\/comments?post=599"}],"version-history":[{"count":4,"href":"https:\/\/aszsa.com.ar\/portal\/wp-json\/wp\/v2\/pages\/599\/revisions"}],"predecessor-version":[{"id":1122,"href":"https:\/\/aszsa.com.ar\/portal\/wp-json\/wp\/v2\/pages\/599\/revisions\/1122"}],"wp:attachment":[{"href":"https:\/\/aszsa.com.ar\/portal\/wp-json\/wp\/v2\/media?parent=599"}],"wp:term":[{"taxonomy":"category","embeddable":true,"href":"https:\/\/aszsa.com.ar\/portal\/wp-json\/wp\/v2\/categories?post=599"},{"taxonomy":"post_tag","embeddable":true,"href":"https:\/\/aszsa.com.ar\/portal\/wp-json\/wp\/v2\/tags?post=599"}],"curies":[{"name":"wp","href":"https:\/\/api.w.org\/{rel}","templated":true}]}}