{"id":601,"date":"2015-09-07T01:58:56","date_gmt":"2015-09-06T22:58:56","guid":{"rendered":"http:\/\/aszsa.com.ar\/portal\/?page_id=601"},"modified":"2016-01-13T00:15:10","modified_gmt":"2016-01-12T21:15:10","slug":"reducir-reutilizar-reciclar","status":"publish","type":"page","link":"https:\/\/aszsa.com.ar\/portal\/reducir-reutilizar-reciclar\/","title":{"rendered":"Reducir, Reutilizar &#038; Reciclar"},"content":{"rendered":"<h3><strong>PROTEGER EL MEDIO AMBIENTE ES PROTEGER NUESTRO FUTURO<\/strong><\/h3>\n<p><a href=\"http:\/\/aszsa.com.ar\/portal\/wp-content\/uploads\/2015\/09\/1.11.gif\"><img loading=\"lazy\" decoding=\"async\" class=\"alignleft size-full wp-image-1123\" src=\"http:\/\/aszsa.com.ar\/portal\/wp-content\/uploads\/2015\/09\/1.11.gif\" alt=\"1.11\" width=\"815\" height=\"240\" \/><\/a><\/p>\n<p>La regla de las \u201c<em><strong>3R<\/strong><\/em>\u201d, para <strong>ASZSA<\/strong>, es un objetivo vital, que se basa en minimizar la generaci\u00f3n de residuos, y se logra mediante los m\u00e9todos convencionales de tratamiento. Por tanto, no lo consideramos como un sistema de tratamiento final de residuos, sino como una pr\u00e1ctica de gesti\u00f3n que maximiza la recuperaci\u00f3n de los recursos contenidos en los residuos y minimiza la fracci\u00f3n que debe ser enviada a eliminaci\u00f3n.<\/p>\n<p>Los conceptos de las \u201c<em><strong>3R<\/strong><\/em>\u201d aplicados son:<\/p>\n<p><strong> Reducci\u00f3n<\/strong>:\u00a0Consiste en la toma de medidas de car\u00e1cter preventivo, para disminuir la cantidad y peligrosidad de los residuos generados. Esta reducci\u00f3n de residuos tiene tres objetivos b\u00e1sicos:<\/p>\n<ul>\n<li>Revalorizar el residuo, transform\u00e1ndolo en un subproducto.<\/li>\n<li>Compatibilizar la tecnolog\u00eda con la m\u00ednima producci\u00f3n de residuos.<\/li>\n<li>Consumir productos que generen la m\u00ednima cantidad de residuos.<\/li>\n<\/ul>\n<p><strong>Reutilizaci\u00f3n<\/strong>:\u00a0Este proceso de reutilizar es la acci\u00f3n de volver a utilizar los bienes o productos.<br \/>\nSe basa en dar a los materiales m\u00e1s de una vida \u00fatil, bien mediante su reparaci\u00f3n para un mismo uso, o bien utilizando la imaginaci\u00f3n para un uso diferente.<\/p>\n<p><strong>Reciclaje<\/strong>:\u00a0Consiste en la transformaci\u00f3n de los residuos, para que vuelvan a utilizarse con su fin inicial o para otros fines. Implica una serie de procesos industriales que, partiendo de unos residuos originales y someti\u00e9ndolos a tratamientos f\u00edsicos, qu\u00edmicos o biol\u00f3gicos, dan como resultado la obtenci\u00f3n de una serie de materiales que pueden ser introducidos nuevamente en el proceso como materia prima o como un nuevo producto.<br \/>\nLa clasificaci\u00f3n de los residuos en el origen y la deposici\u00f3n en los contenedores espec\u00edficos facilita su posterior reciclaje, con lo que se consigue el ahorro de energ\u00eda y materias primas.<br \/>\n<a href=\"http:\/\/aszsa.com.ar\/portal\/wp-content\/uploads\/2015\/06\/reciclar.png\"><img loading=\"lazy\" decoding=\"async\" class=\" wp-image-1124 aligncenter\" src=\"http:\/\/aszsa.com.ar\/portal\/wp-content\/uploads\/2015\/09\/1.11.2_Nosotros_Reciclar-3R-Abajo.jpg\" alt=\"1.11.2_Nosotros_Reciclar 3R (Abajo)\" width=\"417\" height=\"300\" srcset=\"https:\/\/aszsa.com.ar\/portal\/wp-content\/uploads\/2015\/09\/1.11.2_Nosotros_Reciclar-3R-Abajo.jpg 350w, https:\/\/aszsa.com.ar\/portal\/wp-content\/uploads\/2015\/09\/1.11.2_Nosotros_Reciclar-3R-Abajo-300x216.jpg 300w\" sizes=\"auto, (max-width: 417px) 100vw, 417px\" \/><br \/>\n<\/a><\/p>\n","protected":false},"excerpt":{"rendered":"<p>PROTEGER EL MEDIO AMBIENTE ES PROTEGER NUESTRO FUTURO La regla de las \u201c3R\u201d, para ASZSA, es un objetivo vital, que se basa en minimizar la generaci\u00f3n de residuos, y se logra mediante los m\u00e9todos convencionales de tratamiento. Por tanto, no lo consideramos como un sistema de tratamiento final de residuos, sino como una pr\u00e1ctica de [&hellip;]<\/p>\n","protected":false},"author":3,"featured_media":0,"parent":0,"menu_order":0,"comment_status":"closed","ping_status":"closed","template":"","meta":{"footnotes":""},"categories":[19],"tags":[],"class_list":["post-601","page","type-page","status-publish","hentry","category-sobre-nosotros"],"_links":{"self":[{"href":"https:\/\/aszsa.com.ar\/portal\/wp-json\/wp\/v2\/pages\/601","targetHints":{"allow":["GET"]}}],"collection":[{"href":"https:\/\/aszsa.com.ar\/portal\/wp-json\/wp\/v2\/pages"}],"about":[{"href":"https:\/\/aszsa.com.ar\/portal\/wp-json\/wp\/v2\/types\/page"}],"author":[{"embeddable":true,"href":"https:\/\/aszsa.com.ar\/portal\/wp-json\/wp\/v2\/users\/3"}],"replies":[{"embeddable":true,"href":"https:\/\/aszsa.com.ar\/portal\/wp-json\/wp\/v2\/comments?post=601"}],"version-history":[{"count":7,"href":"https:\/\/aszsa.com.ar\/portal\/wp-json\/wp\/v2\/pages\/601\/revisions"}],"predecessor-version":[{"id":1314,"href":"https:\/\/aszsa.com.ar\/portal\/wp-json\/wp\/v2\/pages\/601\/revisions\/1314"}],"wp:attachment":[{"href":"https:\/\/aszsa.com.ar\/portal\/wp-json\/wp\/v2\/media?parent=601"}],"wp:term":[{"taxonomy":"category","embeddable":true,"href":"https:\/\/aszsa.com.ar\/portal\/wp-json\/wp\/v2\/categories?post=601"},{"taxonomy":"post_tag","embeddable":true,"href":"https:\/\/aszsa.com.ar\/portal\/wp-json\/wp\/v2\/tags?post=601"}],"curies":[{"name":"wp","href":"https:\/\/api.w.org\/{rel}","templated":true}]}}