{"id":603,"date":"2015-09-07T01:59:20","date_gmt":"2015-09-06T22:59:20","guid":{"rendered":"http:\/\/aszsa.com.ar\/portal\/?page_id=603"},"modified":"2016-03-14T21:38:30","modified_gmt":"2016-03-14T18:38:30","slug":"politica-de-gestion-integrada","status":"publish","type":"page","link":"https:\/\/aszsa.com.ar\/portal\/politica-de-gestion-integrada\/","title":{"rendered":"Gesti\u00f3n Integrada"},"content":{"rendered":"<h3><img loading=\"lazy\" decoding=\"async\" class=\"alignleft size-full wp-image-517\" src=\"http:\/\/aszsa.com.ar\/portal\/wp-content\/uploads\/2015\/09\/B_BANNER-LOGO-BLANCO.jpg\" alt=\"B_BANNER-LOGO-BLANCO\" width=\"990\" height=\"304\" srcset=\"https:\/\/aszsa.com.ar\/portal\/wp-content\/uploads\/2015\/09\/B_BANNER-LOGO-BLANCO.jpg 990w, https:\/\/aszsa.com.ar\/portal\/wp-content\/uploads\/2015\/09\/B_BANNER-LOGO-BLANCO-300x92.jpg 300w\" sizes=\"auto, (max-width: 990px) 100vw, 990px\" \/><span style=\"text-decoration: underline;\">POL\u00cdTICA DE GESTI\u00d3N INTEGRADA DE LA CALIDAD <\/span><\/h3>\n<p>La Direcci\u00f3n de ASZSA, establece un firme compromiso con la Calidad, las condiciones de Seguridad y Salud Ocupacional y la preservaci\u00f3n del Medio Ambiente; en un marco de mejora continua, como pilares de su Gesti\u00f3n y Estrategia competitiva.<\/p>\n<p>El cumplimiento de este compromiso se sustenta en:<\/p>\n<p><b>Nuestro Cliente<\/b>, que constituye la pieza fundamental del negocio, asegurando conocer sus necesidades, esforz\u00e1ndonos constantemente para satisfacer sus requisitos y exceder sus expectativas, con el objetivo de brindarle productos y servicios con la m\u00e1s alta Calidad.<\/p>\n<p><b>El Liderazgo<\/b>, compromiso y participaci\u00f3n de nuestra Direcci\u00f3n para desarrollar y mantener el Sistema de Gesti\u00f3n Integrada de la Calidad, la participaci\u00f3n efectiva de nuestro personal, as\u00ed como proporcionar los recursos necesarios para la gesti\u00f3n dentro de un adecuado ambiente interno de trabajo.<\/p>\n<p><b>Nuestro Personal<\/b>, formado en la cultura del trabajo basado en equipos y en comunicaciones abiertas y transparentes, en la toma de decisiones en base a hechos y en la mejora continua de los procesos, con una capacitaci\u00f3n adecuada y constante que asegura el cumplimiento de esta Pol\u00edtica Integrada.<\/p>\n<p><b>Nuestros Proveedores<\/b>, con quienes desarrollamos una fluida relaci\u00f3n para asegurar que compartan nuestro compromiso con nuestra Gesti\u00f3n Integrada de la Calidad y a quienes requerimos su participaci\u00f3n y responsabilidad por el cuidado de las personas y el Medio Ambiente.<\/p>\n<p><b>Nuestra Gesti\u00f3n de la Calidad<\/b>, con un enfoque basado en procesos, mediante la cual planificamos y realizamos nuestras operaciones, para el logro con eficacia y eficiencia de los Objetivos Integrados de la Calidad.<\/p>\n<p><b>Nuestra Gesti\u00f3n de Seguridad y Salud Ocupacional<\/b>, basada en la prevenci\u00f3n y control sistem\u00e1tico de los riesgos en las condiciones, procedimientos de trabajo y los procesos industriales.<\/p>\n<p><b>Nuestra Gesti\u00f3n Ambiental<\/b>, que dentro de un marco sustentable est\u00e1 orientada hacia el uso racional de la energ\u00eda y de los recursos naturales, el reciclado y la disposici\u00f3n final responsable de los residuos.<\/p>\n<p><b>El Cumplimiento<\/b> con lo dispuesto por la legislaci\u00f3n vigente y con otros requerimientos que la organizaci\u00f3n suscriba, aplicables a los productos, procesos y actividades.<\/p>\n","protected":false},"excerpt":{"rendered":"<p>POL\u00cdTICA DE GESTI\u00d3N INTEGRADA DE LA CALIDAD La Direcci\u00f3n de ASZSA, establece un firme compromiso con la Calidad, las condiciones de Seguridad y Salud Ocupacional y la preservaci\u00f3n del Medio Ambiente; en un marco de mejora continua, como pilares de su Gesti\u00f3n y Estrategia competitiva. El cumplimiento de este compromiso se sustenta en: Nuestro Cliente, [&hellip;]<\/p>\n","protected":false},"author":3,"featured_media":0,"parent":0,"menu_order":0,"comment_status":"closed","ping_status":"closed","template":"","meta":{"footnotes":""},"categories":[],"tags":[],"class_list":["post-603","page","type-page","status-publish","hentry"],"_links":{"self":[{"href":"https:\/\/aszsa.com.ar\/portal\/wp-json\/wp\/v2\/pages\/603","targetHints":{"allow":["GET"]}}],"collection":[{"href":"https:\/\/aszsa.com.ar\/portal\/wp-json\/wp\/v2\/pages"}],"about":[{"href":"https:\/\/aszsa.com.ar\/portal\/wp-json\/wp\/v2\/types\/page"}],"author":[{"embeddable":true,"href":"https:\/\/aszsa.com.ar\/portal\/wp-json\/wp\/v2\/users\/3"}],"replies":[{"embeddable":true,"href":"https:\/\/aszsa.com.ar\/portal\/wp-json\/wp\/v2\/comments?post=603"}],"version-history":[{"count":8,"href":"https:\/\/aszsa.com.ar\/portal\/wp-json\/wp\/v2\/pages\/603\/revisions"}],"predecessor-version":[{"id":1371,"href":"https:\/\/aszsa.com.ar\/portal\/wp-json\/wp\/v2\/pages\/603\/revisions\/1371"}],"wp:attachment":[{"href":"https:\/\/aszsa.com.ar\/portal\/wp-json\/wp\/v2\/media?parent=603"}],"wp:term":[{"taxonomy":"category","embeddable":true,"href":"https:\/\/aszsa.com.ar\/portal\/wp-json\/wp\/v2\/categories?post=603"},{"taxonomy":"post_tag","embeddable":true,"href":"https:\/\/aszsa.com.ar\/portal\/wp-json\/wp\/v2\/tags?post=603"}],"curies":[{"name":"wp","href":"https:\/\/api.w.org\/{rel}","templated":true}]}}