{"id":607,"date":"2015-09-07T02:00:05","date_gmt":"2015-09-06T23:00:05","guid":{"rendered":"http:\/\/aszsa.com.ar\/portal\/?page_id=607"},"modified":"2016-04-19T04:31:42","modified_gmt":"2016-04-19T01:31:42","slug":"un-poquito-mas-mto","status":"publish","type":"page","link":"https:\/\/aszsa.com.ar\/portal\/un-poquito-mas-mto\/","title":{"rendered":"Un Poquito M\u00e1s (Mto)"},"content":{"rendered":"<pre><img loading=\"lazy\" decoding=\"async\" class=\"wp-image-932 size-full aligncenter\" src=\"http:\/\/aszsa.com.ar\/portal\/wp-content\/uploads\/2015\/09\/2.0_Portada-Un-Poquito-M\u00e1s.jpg\" alt=\"2.0_Portada Un Poquito M\u00e1s\" width=\"1559\" height=\"850\" srcset=\"https:\/\/aszsa.com.ar\/portal\/wp-content\/uploads\/2015\/09\/2.0_Portada-Un-Poquito-M\u00e1s.jpg 1559w, https:\/\/aszsa.com.ar\/portal\/wp-content\/uploads\/2015\/09\/2.0_Portada-Un-Poquito-M\u00e1s-300x164.jpg 300w, https:\/\/aszsa.com.ar\/portal\/wp-content\/uploads\/2015\/09\/2.0_Portada-Un-Poquito-M\u00e1s-1024x558.jpg 1024w\" sizes=\"auto, (max-width: 1559px) 100vw, 1559px\" \/><\/pre>\n<h3>SATISFACER SUS NECESIDADES CON UN POQUITO MAS DE VALOR<\/h3>\n<p>De manera individual, cada uno de nuestros servicios le ofrece un poquito m\u00e1s; de manera conjunta, nuestra gama puede aumentar el valor de su producci\u00f3n. Valor agregado con cada servicio<\/p>\n<p>En <em><strong>ASZSA<\/strong><\/em> comprendemos la gran cantidad de desaf\u00edos que presenta el mercado y queremos ayudarlo a enfrentarlos. Podemos agregar un poquito m\u00e1s de valor a sus equipos instalados, sus productos y sus resultados. Con cada servicio, le podemos dar un poquito m\u00e1s:<\/p>\n<p>\u2022<em><strong>Calidad de Producto<\/strong><\/em><\/p>\n<p><em><strong>\u2022Eficiencia <\/strong><\/em><\/p>\n<p><em><strong>\u2022Flexibilidad \u00a0<\/strong><\/em><\/p>\n<p><em><strong>\u2022Optimizaci\u00f3n de los costos <\/strong><\/em><\/p>\n<p><em><strong>\u2022Apoyo a la marca<\/strong><\/em><\/p>\n<p style=\"text-align: center;\"><span style=\"font-size: 8pt;\"> Explore las cuatro \u00e1reas de servicios de mantenimiento que se encuentran m\u00e1s abajo y descubra los detalles de la ayuda que le podemos ofrecer. <\/span><a href=\"http:\/\/aszsa.com.ar\/portal\/capacitacion-2\/\" rel=\"attachment wp-att-1356\"><br \/>\n<\/a><a href=\"http:\/\/aszsa.com.ar\/portal\/repuestos-y-logisticas\/\" rel=\"attachment wp-att-1359\"><img loading=\"lazy\" decoding=\"async\" class=\"alignleft size-full wp-image-1359\" src=\"http:\/\/aszsa.com.ar\/portal\/wp-content\/uploads\/2015\/09\/botonrepuestosylogisticas.jpg\" alt=\"botonrepuestosylogisticas\" width=\"381\" height=\"196\" srcset=\"https:\/\/aszsa.com.ar\/portal\/wp-content\/uploads\/2015\/09\/botonrepuestosylogisticas.jpg 381w, https:\/\/aszsa.com.ar\/portal\/wp-content\/uploads\/2015\/09\/botonrepuestosylogisticas-300x154.jpg 300w, https:\/\/aszsa.com.ar\/portal\/wp-content\/uploads\/2015\/09\/botonrepuestosylogisticas-380x196.jpg 380w\" sizes=\"auto, (max-width: 381px) 100vw, 381px\" \/><\/a><a href=\"http:\/\/aszsa.com.ar\/portal\/mejoras-en-linea\/\" rel=\"attachment wp-att-1358\"><img loading=\"lazy\" decoding=\"async\" class=\"alignleft size-full wp-image-1358\" src=\"http:\/\/aszsa.com.ar\/portal\/wp-content\/uploads\/2015\/09\/Botonmejorasenlineas.jpg\" alt=\"Botonmejorasenlineas\" width=\"381\" height=\"196\" srcset=\"https:\/\/aszsa.com.ar\/portal\/wp-content\/uploads\/2015\/09\/Botonmejorasenlineas.jpg 381w, https:\/\/aszsa.com.ar\/portal\/wp-content\/uploads\/2015\/09\/Botonmejorasenlineas-300x154.jpg 300w, https:\/\/aszsa.com.ar\/portal\/wp-content\/uploads\/2015\/09\/Botonmejorasenlineas-380x196.jpg 380w\" sizes=\"auto, (max-width: 381px) 100vw, 381px\" \/><\/a><a href=\"http:\/\/aszsa.com.ar\/portal\/capacitacion-2\/\" rel=\"attachment wp-att-1356\"><img loading=\"lazy\" decoding=\"async\" class=\"alignleft size-full wp-image-1356\" src=\"http:\/\/aszsa.com.ar\/portal\/wp-content\/uploads\/2015\/09\/botoncapacitacion.jpg\" alt=\"botoncapacitacion\" width=\"381\" height=\"196\" srcset=\"https:\/\/aszsa.com.ar\/portal\/wp-content\/uploads\/2015\/09\/botoncapacitacion.jpg 381w, https:\/\/aszsa.com.ar\/portal\/wp-content\/uploads\/2015\/09\/botoncapacitacion-300x154.jpg 300w, https:\/\/aszsa.com.ar\/portal\/wp-content\/uploads\/2015\/09\/botoncapacitacion-380x196.jpg 380w\" sizes=\"auto, (max-width: 381px) 100vw, 381px\" \/><\/a> <a href=\"http:\/\/aszsa.com.ar\/portal\/mantenimiento\/\" rel=\"attachment wp-att-1357\"><img loading=\"lazy\" decoding=\"async\" class=\"alignleft wp-image-1357 size-full\" src=\"http:\/\/aszsa.com.ar\/portal\/wp-content\/uploads\/2015\/09\/botonmantenimiento.jpg\" alt=\"botonmantenimiento\" width=\"381\" height=\"196\" srcset=\"https:\/\/aszsa.com.ar\/portal\/wp-content\/uploads\/2015\/09\/botonmantenimiento.jpg 381w, https:\/\/aszsa.com.ar\/portal\/wp-content\/uploads\/2015\/09\/botonmantenimiento-300x154.jpg 300w, https:\/\/aszsa.com.ar\/portal\/wp-content\/uploads\/2015\/09\/botonmantenimiento-380x196.jpg 380w\" sizes=\"auto, (max-width: 381px) 100vw, 381px\" \/><\/a><\/p>\n","protected":false},"excerpt":{"rendered":"<p>SATISFACER SUS NECESIDADES CON UN POQUITO MAS DE VALOR De manera individual, cada uno de nuestros servicios le ofrece un poquito m\u00e1s; de manera conjunta, nuestra gama puede aumentar el valor de su producci\u00f3n. Valor agregado con cada servicio En ASZSA comprendemos la gran cantidad de desaf\u00edos que presenta el mercado y queremos ayudarlo a [&hellip;]<\/p>\n","protected":false},"author":3,"featured_media":0,"parent":0,"menu_order":0,"comment_status":"closed","ping_status":"closed","template":"","meta":{"footnotes":""},"categories":[],"tags":[],"class_list":["post-607","page","type-page","status-publish","hentry"],"_links":{"self":[{"href":"https:\/\/aszsa.com.ar\/portal\/wp-json\/wp\/v2\/pages\/607","targetHints":{"allow":["GET"]}}],"collection":[{"href":"https:\/\/aszsa.com.ar\/portal\/wp-json\/wp\/v2\/pages"}],"about":[{"href":"https:\/\/aszsa.com.ar\/portal\/wp-json\/wp\/v2\/types\/page"}],"author":[{"embeddable":true,"href":"https:\/\/aszsa.com.ar\/portal\/wp-json\/wp\/v2\/users\/3"}],"replies":[{"embeddable":true,"href":"https:\/\/aszsa.com.ar\/portal\/wp-json\/wp\/v2\/comments?post=607"}],"version-history":[{"count":14,"href":"https:\/\/aszsa.com.ar\/portal\/wp-json\/wp\/v2\/pages\/607\/revisions"}],"predecessor-version":[{"id":1456,"href":"https:\/\/aszsa.com.ar\/portal\/wp-json\/wp\/v2\/pages\/607\/revisions\/1456"}],"wp:attachment":[{"href":"https:\/\/aszsa.com.ar\/portal\/wp-json\/wp\/v2\/media?parent=607"}],"wp:term":[{"taxonomy":"category","embeddable":true,"href":"https:\/\/aszsa.com.ar\/portal\/wp-json\/wp\/v2\/categories?post=607"},{"taxonomy":"post_tag","embeddable":true,"href":"https:\/\/aszsa.com.ar\/portal\/wp-json\/wp\/v2\/tags?post=607"}],"curies":[{"name":"wp","href":"https:\/\/api.w.org\/{rel}","templated":true}]}}