{"id":609,"date":"2015-09-07T02:00:22","date_gmt":"2015-09-06T23:00:22","guid":{"rendered":"http:\/\/aszsa.com.ar\/portal\/?page_id=609"},"modified":"2015-10-29T20:32:34","modified_gmt":"2015-10-29T17:32:34","slug":"repuestos-originales","status":"publish","type":"page","link":"https:\/\/aszsa.com.ar\/portal\/repuestos-originales\/","title":{"rendered":"Repuestos Originales"},"content":{"rendered":"<h3>CALIDAD ORIGINAL DE EQUIPOS YA INSTALADOS<a href=\"http:\/\/aszsa.com.ar\/portal\/wp-content\/uploads\/2015\/09\/2.2.jpg\"><img loading=\"lazy\" decoding=\"async\" class=\"alignleft size-full wp-image-1129\" src=\"http:\/\/aszsa.com.ar\/portal\/wp-content\/uploads\/2015\/09\/2.2.jpg\" alt=\"2.2\" width=\"815\" height=\"250\" srcset=\"https:\/\/aszsa.com.ar\/portal\/wp-content\/uploads\/2015\/09\/2.2.jpg 815w, https:\/\/aszsa.com.ar\/portal\/wp-content\/uploads\/2015\/09\/2.2-300x92.jpg 300w\" sizes=\"auto, (max-width: 815px) 100vw, 815px\" \/><\/a><\/h3>\n<p>Los repuestos originales que suministramos son\u00a0 los definidos por el fabricante, y acordados con nuestro cliente\u00a0 (usuario\u00a0 final). Contamos con tres niveles de prioridad de entrega de repuestos:<\/p>\n<ul>\n<li><b>Prioridad 1: Emergencia.<\/b> Para que su m\u00e1quina vuelva a funcionar inmediatamente, apuntamos a entregar los repuestos disponibles en nuestro almac\u00e9n en un plazo de 24 a 48 hs, y dentro de un m\u00e1ximo de cinco d\u00edas para las piezas que no est\u00e9n disponibles.<\/li>\n<li><b> Prioridad 2: Reabastecimiento. <\/b>Si desea reabastecerse de piezas que no necesita inmediatamente, le entregaremos su pedido en un plazo de dos a cuatro semanas, seg\u00fan sus requerimientos.<\/li>\n<li><b> Prioridad 3: Mantenimiento planificado.<\/b> Si se necesitan las piezas en una fecha determinada como, por ejemplo, el d\u00eda previsto para realizar una operaci\u00f3n de mantenimiento, le garantizamos la entrega integral de su encargo en un plazo de cuatro a ochos semanas.<\/li>\n<\/ul>\n<p><b>Instalar nuevos beneficios<\/b><\/p>\n<p>Estos repuestos de calidad pueden brindar un riesgo m\u00ednimo de roturas, una mejor seguridad para sus operarios, una garant\u00eda a largo plazo para su producci\u00f3n y el cumplimiento de las normas de seguridad del proceso correspondiente. Tambi\u00e9n puede dar mayor continuidad a la producci\u00f3n, lo que, en definitiva, resultar\u00e1 en una mejora positiva en el costo total de propiedad (TCO, por sus siglas en ingl\u00e9s).<\/p>\n<p>&nbsp;<\/p>\n<p>&nbsp;<\/p>\n","protected":false},"excerpt":{"rendered":"<p>CALIDAD ORIGINAL DE EQUIPOS YA INSTALADOS Los repuestos originales que suministramos son\u00a0 los definidos por el fabricante, y acordados con nuestro cliente\u00a0 (usuario\u00a0 final). Contamos con tres niveles de prioridad de entrega de repuestos: Prioridad 1: Emergencia. Para que su m\u00e1quina vuelva a funcionar inmediatamente, apuntamos a entregar los repuestos disponibles en nuestro almac\u00e9n en [&hellip;]<\/p>\n","protected":false},"author":3,"featured_media":0,"parent":0,"menu_order":0,"comment_status":"closed","ping_status":"closed","template":"","meta":{"footnotes":""},"categories":[20],"tags":[],"class_list":["post-609","page","type-page","status-publish","hentry","category-servicios-de-mto"],"_links":{"self":[{"href":"https:\/\/aszsa.com.ar\/portal\/wp-json\/wp\/v2\/pages\/609","targetHints":{"allow":["GET"]}}],"collection":[{"href":"https:\/\/aszsa.com.ar\/portal\/wp-json\/wp\/v2\/pages"}],"about":[{"href":"https:\/\/aszsa.com.ar\/portal\/wp-json\/wp\/v2\/types\/page"}],"author":[{"embeddable":true,"href":"https:\/\/aszsa.com.ar\/portal\/wp-json\/wp\/v2\/users\/3"}],"replies":[{"embeddable":true,"href":"https:\/\/aszsa.com.ar\/portal\/wp-json\/wp\/v2\/comments?post=609"}],"version-history":[{"count":4,"href":"https:\/\/aszsa.com.ar\/portal\/wp-json\/wp\/v2\/pages\/609\/revisions"}],"predecessor-version":[{"id":1155,"href":"https:\/\/aszsa.com.ar\/portal\/wp-json\/wp\/v2\/pages\/609\/revisions\/1155"}],"wp:attachment":[{"href":"https:\/\/aszsa.com.ar\/portal\/wp-json\/wp\/v2\/media?parent=609"}],"wp:term":[{"taxonomy":"category","embeddable":true,"href":"https:\/\/aszsa.com.ar\/portal\/wp-json\/wp\/v2\/categories?post=609"},{"taxonomy":"post_tag","embeddable":true,"href":"https:\/\/aszsa.com.ar\/portal\/wp-json\/wp\/v2\/tags?post=609"}],"curies":[{"name":"wp","href":"https:\/\/api.w.org\/{rel}","templated":true}]}}