{"id":611,"date":"2015-09-07T02:00:37","date_gmt":"2015-09-06T23:00:37","guid":{"rendered":"http:\/\/aszsa.com.ar\/portal\/?page_id=611"},"modified":"2015-10-29T20:37:09","modified_gmt":"2015-10-29T17:37:09","slug":"repuestos-alternativos","status":"publish","type":"page","link":"https:\/\/aszsa.com.ar\/portal\/repuestos-alternativos\/","title":{"rendered":"Repuestos Alternativos"},"content":{"rendered":"<h3>CALIDAD IDEM AL ORIGINAL A MENOR COSTO<a href=\"http:\/\/aszsa.com.ar\/portal\/wp-content\/uploads\/2015\/09\/2.3.jpg\"><img loading=\"lazy\" decoding=\"async\" class=\"alignleft size-full wp-image-1130\" src=\"http:\/\/aszsa.com.ar\/portal\/wp-content\/uploads\/2015\/09\/2.3.jpg\" alt=\"2.3\" width=\"815\" height=\"250\" srcset=\"https:\/\/aszsa.com.ar\/portal\/wp-content\/uploads\/2015\/09\/2.3.jpg 815w, https:\/\/aszsa.com.ar\/portal\/wp-content\/uploads\/2015\/09\/2.3-300x92.jpg 300w\" sizes=\"auto, (max-width: 815px) 100vw, 815px\" \/><\/a><\/h3>\n<p>Los repuestos que suministramos est\u00e1n dise\u00f1ados, evaluados y aprobados por Especialistas de ASZSA y son id\u00e9nticos a los instalados en su m\u00e1quina original o en un modelo actualizado. Contamos con tres niveles de prioridad de entrega de repuestos:<\/p>\n<p><strong><em>Prioridad 1<\/em><\/strong>:\u00a0Emergencia. Para que su m\u00e1quina vuelva a funcionar inmediatamente, apuntamos a entregar los repuestos disponibles en nuestro almac\u00e9n en un plazo de 24 a 48 hs, y dentro de un m\u00e1ximo de cinco d\u00edas para las piezas que no est\u00e9n disponibles.<\/p>\n<p><strong><em>Prioridad 2<\/em><\/strong>: Reabastecimiento. Si desea reabastecerse de piezas que no necesita inmediatamente, le entregaremos su pedido en un plazo de dos a cuatro semanas, seg\u00fan sus requerimientos.<\/p>\n<p><strong><em>Prioridad 3<\/em><\/strong>:\u00a0Mantenimiento planificado. Si se necesitan las piezas en una fecha determinada como, por ejemplo, el d\u00eda previsto para realizar una operaci\u00f3n de mantenimiento, le garantizamos la entrega integral de su encargo en un plazo de cuatro a ochos semanas.<\/p>\n<p><strong>Instalar nuevos beneficios<\/strong><\/p>\n<p><img loading=\"lazy\" decoding=\"async\" class=\"alignright wp-image-939 size-medium\" src=\"http:\/\/aszsa.com.ar\/portal\/wp-content\/uploads\/2015\/09\/2.1_Mto-Repuesto-Original-300x127.jpg\" alt=\"2.1_Mto Repuesto Original\" width=\"300\" height=\"127\" srcset=\"https:\/\/aszsa.com.ar\/portal\/wp-content\/uploads\/2015\/09\/2.1_Mto-Repuesto-Original-300x127.jpg 300w, https:\/\/aszsa.com.ar\/portal\/wp-content\/uploads\/2015\/09\/2.1_Mto-Repuesto-Original.jpg 478w\" sizes=\"auto, (max-width: 300px) 100vw, 300px\" \/>Estos repuestos de calidad pueden brindar un riesgo m\u00ednimo de roturas, una mejor seguridad para sus operarios, una garant\u00eda a largo plazo para su producci\u00f3n y el cumplimiento de las normas de seguridad del proceso correspondiente. Tambi\u00e9n puede dar mayor continuidad a la producci\u00f3n, lo que, en definitiva, resultar\u00e1 en una mejora positiva en el costo total de propiedad (TCO, por sus siglas en ingl\u00e9s).<\/p>\n","protected":false},"excerpt":{"rendered":"<p>CALIDAD IDEM AL ORIGINAL A MENOR COSTO Los repuestos que suministramos est\u00e1n dise\u00f1ados, evaluados y aprobados por Especialistas de ASZSA y son id\u00e9nticos a los instalados en su m\u00e1quina original o en un modelo actualizado. Contamos con tres niveles de prioridad de entrega de repuestos: Prioridad 1:\u00a0Emergencia. Para que su m\u00e1quina vuelva a funcionar inmediatamente, [&hellip;]<\/p>\n","protected":false},"author":3,"featured_media":0,"parent":0,"menu_order":0,"comment_status":"closed","ping_status":"closed","template":"","meta":{"footnotes":""},"categories":[20],"tags":[],"class_list":["post-611","page","type-page","status-publish","hentry","category-servicios-de-mto"],"_links":{"self":[{"href":"https:\/\/aszsa.com.ar\/portal\/wp-json\/wp\/v2\/pages\/611","targetHints":{"allow":["GET"]}}],"collection":[{"href":"https:\/\/aszsa.com.ar\/portal\/wp-json\/wp\/v2\/pages"}],"about":[{"href":"https:\/\/aszsa.com.ar\/portal\/wp-json\/wp\/v2\/types\/page"}],"author":[{"embeddable":true,"href":"https:\/\/aszsa.com.ar\/portal\/wp-json\/wp\/v2\/users\/3"}],"replies":[{"embeddable":true,"href":"https:\/\/aszsa.com.ar\/portal\/wp-json\/wp\/v2\/comments?post=611"}],"version-history":[{"count":10,"href":"https:\/\/aszsa.com.ar\/portal\/wp-json\/wp\/v2\/pages\/611\/revisions"}],"predecessor-version":[{"id":941,"href":"https:\/\/aszsa.com.ar\/portal\/wp-json\/wp\/v2\/pages\/611\/revisions\/941"}],"wp:attachment":[{"href":"https:\/\/aszsa.com.ar\/portal\/wp-json\/wp\/v2\/media?parent=611"}],"wp:term":[{"taxonomy":"category","embeddable":true,"href":"https:\/\/aszsa.com.ar\/portal\/wp-json\/wp\/v2\/categories?post=611"},{"taxonomy":"post_tag","embeddable":true,"href":"https:\/\/aszsa.com.ar\/portal\/wp-json\/wp\/v2\/tags?post=611"}],"curies":[{"name":"wp","href":"https:\/\/api.w.org\/{rel}","templated":true}]}}