{"id":615,"date":"2015-09-07T02:01:12","date_gmt":"2015-09-06T23:01:12","guid":{"rendered":"http:\/\/aszsa.com.ar\/portal\/?page_id=615"},"modified":"2016-01-13T01:03:12","modified_gmt":"2016-01-12T22:03:12","slug":"logistica-y-entregas-globales","status":"publish","type":"page","link":"https:\/\/aszsa.com.ar\/portal\/logistica-y-entregas-globales\/","title":{"rendered":"Log\u00edstica y Entregas Globales"},"content":{"rendered":"<h3>ENTREGA R\u00c1PIDA EN TODO EL MUNDO<\/h3>\n<p><a href=\"http:\/\/aszsa.com.ar\/portal\/wp-content\/uploads\/2015\/09\/2.5.jpg\"><img loading=\"lazy\" decoding=\"async\" class=\"alignleft size-full wp-image-1132\" src=\"http:\/\/aszsa.com.ar\/portal\/wp-content\/uploads\/2015\/09\/2.5.jpg\" alt=\"2.5\" width=\"815\" height=\"249\" srcset=\"https:\/\/aszsa.com.ar\/portal\/wp-content\/uploads\/2015\/09\/2.5.jpg 815w, https:\/\/aszsa.com.ar\/portal\/wp-content\/uploads\/2015\/09\/2.5-300x92.jpg 300w\" sizes=\"auto, (max-width: 815px) 100vw, 815px\" \/><\/a>Pensando en usted, garantizamos la disponibilidad de un transporte las 24 horas del d\u00eda, 7 d\u00edas a la semana, as\u00ed como una entrega r\u00e1pida y el seguimiento intuitivo de la encomienda desde nuestros almacenes hasta su puerta.<\/p>\n<h4>PROCESAMIENTO EFICIENTE<\/h4>\n<p>Para maximizar su tiempo de funcionamiento y simplificar el proceso de reparaci\u00f3n, todos los repuestos necesarios se preparan y embalan con anticipaci\u00f3n para cada m\u00e1quina, ya listos para ser entregados donde usted lo requiera.<\/p>\n","protected":false},"excerpt":{"rendered":"<p>ENTREGA R\u00c1PIDA EN TODO EL MUNDO Pensando en usted, garantizamos la disponibilidad de un transporte las 24 horas del d\u00eda, 7 d\u00edas a la semana, as\u00ed como una entrega r\u00e1pida y el seguimiento intuitivo de la encomienda desde nuestros almacenes hasta su puerta. PROCESAMIENTO EFICIENTE Para maximizar su tiempo de funcionamiento y simplificar el proceso [&hellip;]<\/p>\n","protected":false},"author":3,"featured_media":0,"parent":0,"menu_order":0,"comment_status":"closed","ping_status":"closed","template":"","meta":{"footnotes":""},"categories":[20],"tags":[],"class_list":["post-615","page","type-page","status-publish","hentry","category-servicios-de-mto"],"_links":{"self":[{"href":"https:\/\/aszsa.com.ar\/portal\/wp-json\/wp\/v2\/pages\/615","targetHints":{"allow":["GET"]}}],"collection":[{"href":"https:\/\/aszsa.com.ar\/portal\/wp-json\/wp\/v2\/pages"}],"about":[{"href":"https:\/\/aszsa.com.ar\/portal\/wp-json\/wp\/v2\/types\/page"}],"author":[{"embeddable":true,"href":"https:\/\/aszsa.com.ar\/portal\/wp-json\/wp\/v2\/users\/3"}],"replies":[{"embeddable":true,"href":"https:\/\/aszsa.com.ar\/portal\/wp-json\/wp\/v2\/comments?post=615"}],"version-history":[{"count":6,"href":"https:\/\/aszsa.com.ar\/portal\/wp-json\/wp\/v2\/pages\/615\/revisions"}],"predecessor-version":[{"id":1316,"href":"https:\/\/aszsa.com.ar\/portal\/wp-json\/wp\/v2\/pages\/615\/revisions\/1316"}],"wp:attachment":[{"href":"https:\/\/aszsa.com.ar\/portal\/wp-json\/wp\/v2\/media?parent=615"}],"wp:term":[{"taxonomy":"category","embeddable":true,"href":"https:\/\/aszsa.com.ar\/portal\/wp-json\/wp\/v2\/categories?post=615"},{"taxonomy":"post_tag","embeddable":true,"href":"https:\/\/aszsa.com.ar\/portal\/wp-json\/wp\/v2\/tags?post=615"}],"curies":[{"name":"wp","href":"https:\/\/api.w.org\/{rel}","templated":true}]}}