{"id":617,"date":"2015-09-07T02:01:29","date_gmt":"2015-09-06T23:01:29","guid":{"rendered":"http:\/\/aszsa.com.ar\/portal\/?page_id=617"},"modified":"2015-10-29T20:51:08","modified_gmt":"2015-10-29T17:51:08","slug":"auditorias-de-lineas","status":"publish","type":"page","link":"https:\/\/aszsa.com.ar\/portal\/auditorias-de-lineas\/","title":{"rendered":"Auditor\u00edas de L\u00edneas"},"content":{"rendered":"<h3>BUSCAR EL POTENCIAL EN UNA LINEA<\/h3>\n<p><a href=\"http:\/\/aszsa.com.ar\/portal\/wp-content\/uploads\/2015\/09\/2.7.jpg\"><img loading=\"lazy\" decoding=\"async\" class=\"alignleft size-full wp-image-1134\" src=\"http:\/\/aszsa.com.ar\/portal\/wp-content\/uploads\/2015\/09\/2.7.jpg\" alt=\"2.7\" width=\"815\" height=\"250\" srcset=\"https:\/\/aszsa.com.ar\/portal\/wp-content\/uploads\/2015\/09\/2.7.jpg 815w, https:\/\/aszsa.com.ar\/portal\/wp-content\/uploads\/2015\/09\/2.7-300x92.jpg 300w\" sizes=\"auto, (max-width: 815px) 100vw, 815px\" \/><\/a><\/p>\n<p>Nuestras auditor\u00edas de la productividad de la l\u00ednea y el servicio ECO Audit\u2122 le ayudan a identificar los cuellos de botella y las ineficiencias a lo largo de la l\u00ednea para realizar mejoras estrat\u00e9gicas, reducir el consumo y optimizar sus planes de inversi\u00f3n.<br \/>\n<b>Auditor\u00edas de la productividad de la l\u00ednea<\/b><\/p>\n<p>Los t\u00e9cnicos especializados utilizan herramientas de medici\u00f3n comprobadas para realizar observaciones cuantitativas y cualitativas, y as\u00ed evaluar sus equipos, la disposici\u00f3n de la l\u00ednea y el entorno.\u00a0Este an\u00e1lisis hol\u00edstico les permite sugerir un plan de recomendaciones para las mejoras, a trav\u00e9s del desarrollo de algunas de las \u00e1reas siguientes o de todas ellas:<\/p>\n<p>Productividad<\/p>\n<ul>\n<li>Flexibilidad<\/li>\n<li>Higiene<\/li>\n<li>Seguridad<\/li>\n<li>Rentabilidad<\/li>\n<\/ul>\n<p><b>ECO <\/b><b>Audit<\/b><\/p>\n<p>Podemos registrar de manera continua los diferentes niveles de consumo de su l\u00ednea sin intervenir en la misma de manera directa.\u00a0Luego, podemos evaluar las brechas entre las especificaciones originales y el rendimiento real para establecer una referencia clara para las mejoras.\u00a0Los resultados que se determinen pueden llevar a grandes beneficios econ\u00f3micos y medioambientales.<\/p>\n","protected":false},"excerpt":{"rendered":"<p>BUSCAR EL POTENCIAL EN UNA LINEA Nuestras auditor\u00edas de la productividad de la l\u00ednea y el servicio ECO Audit\u2122 le ayudan a identificar los cuellos de botella y las ineficiencias a lo largo de la l\u00ednea para realizar mejoras estrat\u00e9gicas, reducir el consumo y optimizar sus planes de inversi\u00f3n. Auditor\u00edas de la productividad de la [&hellip;]<\/p>\n","protected":false},"author":3,"featured_media":0,"parent":0,"menu_order":0,"comment_status":"closed","ping_status":"closed","template":"","meta":{"footnotes":""},"categories":[20],"tags":[],"class_list":["post-617","page","type-page","status-publish","hentry","category-servicios-de-mto"],"_links":{"self":[{"href":"https:\/\/aszsa.com.ar\/portal\/wp-json\/wp\/v2\/pages\/617","targetHints":{"allow":["GET"]}}],"collection":[{"href":"https:\/\/aszsa.com.ar\/portal\/wp-json\/wp\/v2\/pages"}],"about":[{"href":"https:\/\/aszsa.com.ar\/portal\/wp-json\/wp\/v2\/types\/page"}],"author":[{"embeddable":true,"href":"https:\/\/aszsa.com.ar\/portal\/wp-json\/wp\/v2\/users\/3"}],"replies":[{"embeddable":true,"href":"https:\/\/aszsa.com.ar\/portal\/wp-json\/wp\/v2\/comments?post=617"}],"version-history":[{"count":4,"href":"https:\/\/aszsa.com.ar\/portal\/wp-json\/wp\/v2\/pages\/617\/revisions"}],"predecessor-version":[{"id":1166,"href":"https:\/\/aszsa.com.ar\/portal\/wp-json\/wp\/v2\/pages\/617\/revisions\/1166"}],"wp:attachment":[{"href":"https:\/\/aszsa.com.ar\/portal\/wp-json\/wp\/v2\/media?parent=617"}],"wp:term":[{"taxonomy":"category","embeddable":true,"href":"https:\/\/aszsa.com.ar\/portal\/wp-json\/wp\/v2\/categories?post=617"},{"taxonomy":"post_tag","embeddable":true,"href":"https:\/\/aszsa.com.ar\/portal\/wp-json\/wp\/v2\/tags?post=617"}],"curies":[{"name":"wp","href":"https:\/\/api.w.org\/{rel}","templated":true}]}}