{"id":621,"date":"2015-09-07T02:02:06","date_gmt":"2015-09-06T23:02:06","guid":{"rendered":"http:\/\/aszsa.com.ar\/portal\/?page_id=621"},"modified":"2015-10-29T20:56:59","modified_gmt":"2015-10-29T17:56:59","slug":"programa-y-soluciones-capacitacion-mto","status":"publish","type":"page","link":"https:\/\/aszsa.com.ar\/portal\/programa-y-soluciones-capacitacion-mto\/","title":{"rendered":"Programa y Soluciones Capacitaci\u00f3n"},"content":{"rendered":"<h3>CONSTRUIR LAS CAPACIDADES PARA EL EXITO<\/h3>\n<p><a href=\"http:\/\/aszsa.com.ar\/portal\/wp-content\/uploads\/2015\/09\/2.10.jpg\"><img loading=\"lazy\" decoding=\"async\" class=\"alignleft size-full wp-image-1137\" src=\"http:\/\/aszsa.com.ar\/portal\/wp-content\/uploads\/2015\/09\/2.10.jpg\" alt=\"2.10\" width=\"815\" height=\"250\" srcset=\"https:\/\/aszsa.com.ar\/portal\/wp-content\/uploads\/2015\/09\/2.10.jpg 815w, https:\/\/aszsa.com.ar\/portal\/wp-content\/uploads\/2015\/09\/2.10-300x92.jpg 300w\" sizes=\"auto, (max-width: 815px) 100vw, 815px\" \/><\/a><\/p>\n<p>Los instructores que lideran nuestros programas son profesionales que conocen la industria.\u00a0A trav\u00e9s de una diversidad de interesantes m\u00e9todos, con sistemas virtuales y de realidad aumentada, educamos a su gente en una gran variedad de temas, que incluyen:<\/p>\n<ul>\n<li>aspectos mec\u00e1nicos, el\u00e9ctricos y generales;<\/li>\n<li>operaci\u00f3n y procesos;<\/li>\n<li>mantenimiento general;<\/li>\n<li>resoluci\u00f3n de problemas;<\/li>\n<li>eficiencia de l\u00edneas completas.<\/li>\n<\/ul>\n<p><b>En l\u00ednea, en persona o en el trabajo<\/b><\/p>\n<p>Nuestro cat\u00e1logo de capacitaci\u00f3n contiene variedad de programas, compuestos por m\u00f3dulos de pr\u00e1ctica, cursos presenciales y formaci\u00f3n en el lugar de trabajo. Estos programas pueden adaptarse y personalizarse seg\u00fan las necesidades y habilidades de sus empleados, as\u00ed como sus requerimientos laborales espec\u00edficos.<br \/>\nAdem\u00e1s de estar se nuestro Cliente prefiere tenemos acuerdos con centros de capacitaci\u00f3n externos que est\u00e1n ubicados en la zona, y ofrecemos sesiones presenciales sobre tecnolog\u00edas, mantenimiento, aplicaciones para productos y mucho m\u00e1s.<br \/>\n<b>Haga clic aqu\u00ed para acceder a nuestro cat\u00e1logo de capacitaci\u00f3n y obtener m\u00e1s informaci\u00f3n, as\u00ed como los datos de contacto.\u00a0<\/b><\/p>\n","protected":false},"excerpt":{"rendered":"<p>CONSTRUIR LAS CAPACIDADES PARA EL EXITO Los instructores que lideran nuestros programas son profesionales que conocen la industria.\u00a0A trav\u00e9s de una diversidad de interesantes m\u00e9todos, con sistemas virtuales y de realidad aumentada, educamos a su gente en una gran variedad de temas, que incluyen: aspectos mec\u00e1nicos, el\u00e9ctricos y generales; operaci\u00f3n y procesos; mantenimiento general; resoluci\u00f3n [&hellip;]<\/p>\n","protected":false},"author":3,"featured_media":0,"parent":0,"menu_order":0,"comment_status":"closed","ping_status":"closed","template":"","meta":{"footnotes":""},"categories":[20],"tags":[],"class_list":["post-621","page","type-page","status-publish","hentry","category-servicios-de-mto"],"_links":{"self":[{"href":"https:\/\/aszsa.com.ar\/portal\/wp-json\/wp\/v2\/pages\/621","targetHints":{"allow":["GET"]}}],"collection":[{"href":"https:\/\/aszsa.com.ar\/portal\/wp-json\/wp\/v2\/pages"}],"about":[{"href":"https:\/\/aszsa.com.ar\/portal\/wp-json\/wp\/v2\/types\/page"}],"author":[{"embeddable":true,"href":"https:\/\/aszsa.com.ar\/portal\/wp-json\/wp\/v2\/users\/3"}],"replies":[{"embeddable":true,"href":"https:\/\/aszsa.com.ar\/portal\/wp-json\/wp\/v2\/comments?post=621"}],"version-history":[{"count":4,"href":"https:\/\/aszsa.com.ar\/portal\/wp-json\/wp\/v2\/pages\/621\/revisions"}],"predecessor-version":[{"id":1170,"href":"https:\/\/aszsa.com.ar\/portal\/wp-json\/wp\/v2\/pages\/621\/revisions\/1170"}],"wp:attachment":[{"href":"https:\/\/aszsa.com.ar\/portal\/wp-json\/wp\/v2\/media?parent=621"}],"wp:term":[{"taxonomy":"category","embeddable":true,"href":"https:\/\/aszsa.com.ar\/portal\/wp-json\/wp\/v2\/categories?post=621"},{"taxonomy":"post_tag","embeddable":true,"href":"https:\/\/aszsa.com.ar\/portal\/wp-json\/wp\/v2\/tags?post=621"}],"curies":[{"name":"wp","href":"https:\/\/api.w.org\/{rel}","templated":true}]}}