{"id":623,"date":"2015-09-07T02:02:20","date_gmt":"2015-09-06T23:02:20","guid":{"rendered":"http:\/\/aszsa.com.ar\/portal\/?page_id=623"},"modified":"2016-01-12T23:03:48","modified_gmt":"2016-01-12T20:03:48","slug":"auditorias-de-competencias-mto","status":"publish","type":"page","link":"https:\/\/aszsa.com.ar\/portal\/auditorias-de-competencias-mto\/","title":{"rendered":"Auditorias de Competencias"},"content":{"rendered":"<h3>EVALUACION DE HABILIDADES PARA UNA CAPACIDAD DE TRABAJO OPTIMA<\/h3>\n<p><img loading=\"lazy\" decoding=\"async\" class=\"alignleft size-full wp-image-1296\" src=\"http:\/\/aszsa.com.ar\/portal\/wp-content\/uploads\/2015\/09\/PORTADA.jpg\" alt=\"PORTADA\" width=\"850\" height=\"274\" srcset=\"https:\/\/aszsa.com.ar\/portal\/wp-content\/uploads\/2015\/09\/PORTADA.jpg 850w, https:\/\/aszsa.com.ar\/portal\/wp-content\/uploads\/2015\/09\/PORTADA-300x97.jpg 300w, https:\/\/aszsa.com.ar\/portal\/wp-content\/uploads\/2015\/09\/PORTADA-768x248.jpg 768w\" sizes=\"auto, (max-width: 850px) 100vw, 850px\" \/><\/p>\n<p>Por medio de nuestras auditor\u00edas de competencias, podemos brindarle un panorama claro y oportuno de los conocimientos, habilidades y competencias de sus empleados, a trav\u00e9s de la identificaci\u00f3n de las \u00e1reas en las cuales su personal puede beneficiarse con entrenamiento espec\u00edfico.<\/p>\n<p><b>C\u00f3mo funciona<br \/>\n<\/b><b>Fase 1:<\/b>\u00a0usted nos suministra un perfil laboral por cada empleado.\u00a0Los trabajadores responden a un cuestionario acerca de las operaciones en la l\u00ednea y se los eval\u00faa de manera pr\u00e1ctica mientras operan la maquinaria.\u00a0Los expertos de ASZSA los supervisan y los asisten en su trabajo, y los eval\u00faan tanto a nivel te\u00f3rico como pr\u00e1ctico.<\/p>\n<p><b>Fase 2<\/b>: elaboramos un informe integral sobre el desempe\u00f1o de cada empleado y recomendamos sesiones personalizadas de capacitaci\u00f3n que se realizan en la planta o en uno de nuestros centros de capacitaci\u00f3n.<\/p>\n<p><b>Fase 3:<\/b>\u00a0varias semanas despu\u00e9s del entrenamiento personalizado, realizamos una evaluaci\u00f3n de seguimiento para asegurarnos de que cada empleado y el equipo en su totalidad hayan llegado a sus objetivos predeterminados.<br \/>\nMuchos de nuestros clientes ya han probado este servicio con un gran \u00e9xito.<\/p>\n","protected":false},"excerpt":{"rendered":"<p>EVALUACION DE HABILIDADES PARA UNA CAPACIDAD DE TRABAJO OPTIMA Por medio de nuestras auditor\u00edas de competencias, podemos brindarle un panorama claro y oportuno de los conocimientos, habilidades y competencias de sus empleados, a trav\u00e9s de la identificaci\u00f3n de las \u00e1reas en las cuales su personal puede beneficiarse con entrenamiento espec\u00edfico. C\u00f3mo funciona Fase 1:\u00a0usted nos [&hellip;]<\/p>\n","protected":false},"author":3,"featured_media":0,"parent":0,"menu_order":0,"comment_status":"closed","ping_status":"closed","template":"","meta":{"footnotes":""},"categories":[20],"tags":[],"class_list":["post-623","page","type-page","status-publish","hentry","category-servicios-de-mto"],"_links":{"self":[{"href":"https:\/\/aszsa.com.ar\/portal\/wp-json\/wp\/v2\/pages\/623","targetHints":{"allow":["GET"]}}],"collection":[{"href":"https:\/\/aszsa.com.ar\/portal\/wp-json\/wp\/v2\/pages"}],"about":[{"href":"https:\/\/aszsa.com.ar\/portal\/wp-json\/wp\/v2\/types\/page"}],"author":[{"embeddable":true,"href":"https:\/\/aszsa.com.ar\/portal\/wp-json\/wp\/v2\/users\/3"}],"replies":[{"embeddable":true,"href":"https:\/\/aszsa.com.ar\/portal\/wp-json\/wp\/v2\/comments?post=623"}],"version-history":[{"count":8,"href":"https:\/\/aszsa.com.ar\/portal\/wp-json\/wp\/v2\/pages\/623\/revisions"}],"predecessor-version":[{"id":1297,"href":"https:\/\/aszsa.com.ar\/portal\/wp-json\/wp\/v2\/pages\/623\/revisions\/1297"}],"wp:attachment":[{"href":"https:\/\/aszsa.com.ar\/portal\/wp-json\/wp\/v2\/media?parent=623"}],"wp:term":[{"taxonomy":"category","embeddable":true,"href":"https:\/\/aszsa.com.ar\/portal\/wp-json\/wp\/v2\/categories?post=623"},{"taxonomy":"post_tag","embeddable":true,"href":"https:\/\/aszsa.com.ar\/portal\/wp-json\/wp\/v2\/tags?post=623"}],"curies":[{"name":"wp","href":"https:\/\/api.w.org\/{rel}","templated":true}]}}