{"id":625,"date":"2015-09-07T02:02:35","date_gmt":"2015-09-06T23:02:35","guid":{"rendered":"http:\/\/aszsa.com.ar\/portal\/?page_id=625"},"modified":"2016-01-12T22:54:43","modified_gmt":"2016-01-12T19:54:43","slug":"contratos-de-mto","status":"publish","type":"page","link":"https:\/\/aszsa.com.ar\/portal\/contratos-de-mto\/","title":{"rendered":"Contratos de Mantenimiento"},"content":{"rendered":"<h3>MANTENER SUS LINEAS A PUNTO PARA UN MAXIMO RENDIMIENTO<\/h3>\n<p><img loading=\"lazy\" decoding=\"async\" class=\"alignleft size-full wp-image-1293\" src=\"http:\/\/aszsa.com.ar\/portal\/wp-content\/uploads\/2015\/09\/2.9_Mto-Contrato-Reparar-Maq-1.png\" alt=\"2.9_Mto Contrato Reparar Maq\" width=\"884\" height=\"328\" srcset=\"https:\/\/aszsa.com.ar\/portal\/wp-content\/uploads\/2015\/09\/2.9_Mto-Contrato-Reparar-Maq-1.png 884w, https:\/\/aszsa.com.ar\/portal\/wp-content\/uploads\/2015\/09\/2.9_Mto-Contrato-Reparar-Maq-1-300x111.png 300w, https:\/\/aszsa.com.ar\/portal\/wp-content\/uploads\/2015\/09\/2.9_Mto-Contrato-Reparar-Maq-1-768x285.png 768w\" sizes=\"auto, (max-width: 884px) 100vw, 884px\" \/><\/p>\n<p>El objetivo final de todo contrato de mantenimiento es el mismo:\u00a0lograr una fiabilidad total y una mayor tranquilidad.\u00a0Ofrecemos diferentes paquetes de mantenimiento de entre 1 y 3 a\u00f1os, que incluyen:<\/p>\n<ul>\n<li>supervisi\u00f3n de m\u00e1quinas y transferencia de conocimientos;<\/li>\n<li>renovaci\u00f3n de equipos;<\/li>\n<li>mantenimiento preventivo;<\/li>\n<li>repuestos y log\u00edstica (incluye kits de piezas que se deben cambiar con regularidad).<\/li>\n<\/ul>\n<p>Por ejemplo, si le interesa aumentar su capacidad de producci\u00f3n o est\u00e1 preocupado porque la condici\u00f3n actual de sus m\u00e1quinas puede afectar la calidad de sus productos, un contrato de mantenimiento con ASZSA es una forma de obtener mayor control del rendimiento de sus equipos.<\/p>\n","protected":false},"excerpt":{"rendered":"<p>MANTENER SUS LINEAS A PUNTO PARA UN MAXIMO RENDIMIENTO El objetivo final de todo contrato de mantenimiento es el mismo:\u00a0lograr una fiabilidad total y una mayor tranquilidad.\u00a0Ofrecemos diferentes paquetes de mantenimiento de entre 1 y 3 a\u00f1os, que incluyen: supervisi\u00f3n de m\u00e1quinas y transferencia de conocimientos; renovaci\u00f3n de equipos; mantenimiento preventivo; repuestos y log\u00edstica (incluye [&hellip;]<\/p>\n","protected":false},"author":3,"featured_media":0,"parent":0,"menu_order":0,"comment_status":"closed","ping_status":"closed","template":"","meta":{"footnotes":""},"categories":[20],"tags":[],"class_list":["post-625","page","type-page","status-publish","hentry","category-servicios-de-mto"],"_links":{"self":[{"href":"https:\/\/aszsa.com.ar\/portal\/wp-json\/wp\/v2\/pages\/625","targetHints":{"allow":["GET"]}}],"collection":[{"href":"https:\/\/aszsa.com.ar\/portal\/wp-json\/wp\/v2\/pages"}],"about":[{"href":"https:\/\/aszsa.com.ar\/portal\/wp-json\/wp\/v2\/types\/page"}],"author":[{"embeddable":true,"href":"https:\/\/aszsa.com.ar\/portal\/wp-json\/wp\/v2\/users\/3"}],"replies":[{"embeddable":true,"href":"https:\/\/aszsa.com.ar\/portal\/wp-json\/wp\/v2\/comments?post=625"}],"version-history":[{"count":6,"href":"https:\/\/aszsa.com.ar\/portal\/wp-json\/wp\/v2\/pages\/625\/revisions"}],"predecessor-version":[{"id":1294,"href":"https:\/\/aszsa.com.ar\/portal\/wp-json\/wp\/v2\/pages\/625\/revisions\/1294"}],"wp:attachment":[{"href":"https:\/\/aszsa.com.ar\/portal\/wp-json\/wp\/v2\/media?parent=625"}],"wp:term":[{"taxonomy":"category","embeddable":true,"href":"https:\/\/aszsa.com.ar\/portal\/wp-json\/wp\/v2\/categories?post=625"},{"taxonomy":"post_tag","embeddable":true,"href":"https:\/\/aszsa.com.ar\/portal\/wp-json\/wp\/v2\/tags?post=625"}],"curies":[{"name":"wp","href":"https:\/\/api.w.org\/{rel}","templated":true}]}}