{"id":629,"date":"2015-09-07T02:03:36","date_gmt":"2015-09-06T23:03:36","guid":{"rendered":"http:\/\/aszsa.com.ar\/portal\/?page_id=629"},"modified":"2015-10-29T21:15:41","modified_gmt":"2015-10-29T18:15:41","slug":"visitas-de-diagnostico","status":"publish","type":"page","link":"https:\/\/aszsa.com.ar\/portal\/visitas-de-diagnostico\/","title":{"rendered":"Visitas de diagn\u00f3stico"},"content":{"rendered":"<h3>EVALUAR LA SALUD DE SUS MAQUINAS<\/h3>\n<p><a href=\"http:\/\/aszsa.com.ar\/portal\/wp-content\/uploads\/2015\/09\/2.15.jpg\"><img loading=\"lazy\" decoding=\"async\" class=\"alignleft size-full wp-image-1142\" src=\"http:\/\/aszsa.com.ar\/portal\/wp-content\/uploads\/2015\/09\/2.15.jpg\" alt=\"2.15\" width=\"815\" height=\"250\" srcset=\"https:\/\/aszsa.com.ar\/portal\/wp-content\/uploads\/2015\/09\/2.15.jpg 815w, https:\/\/aszsa.com.ar\/portal\/wp-content\/uploads\/2015\/09\/2.15-300x92.jpg 300w\" sizes=\"auto, (max-width: 815px) 100vw, 815px\" \/><\/a><\/p>\n<p>El tiempo de inactividad de las m\u00e1quinas puede ser muy costoso y dificultar el logro de los objetivos de producci\u00f3n, especialmente cuando son repentinos o no est\u00e1n programados.\u00a0Para minimizar o incluso evitar estas interrupciones en la producci\u00f3n, ofrecemos ex\u00e1menes de salud in situ para sus m\u00e1quinas.<\/p>\n<p><b>Del diagn\u00f3stico al tratamiento<\/b><\/p>\n<p>Luego de un an\u00e1lisis completo de su equipo, nuestros expertos t\u00e9cnicos de campo est\u00e1n en condiciones de darle un panorama preciso de la condici\u00f3n de sus m\u00e1quinas.\u00a0Identifican sus puntos d\u00e9biles y recomiendan las medidas correctivas para que su rendimiento vuelva a su curso.\u00a0Estas propuestas pueden cubrir:<\/p>\n<ul>\n<li>la provisi\u00f3n de repuestos;<\/li>\n<li>el mantenimiento preventivo;<\/li>\n<li>la actualizaci\u00f3n a nuevas tecnolog\u00edas;<\/li>\n<li>la optimizaci\u00f3n de costos;<\/li>\n<li>la reducci\u00f3n de consumos.<\/li>\n<\/ul>\n<p>El tomar conciencia del estado actual de sus m\u00e1quinas no solo lo ayudar\u00e1 a evitar los tiempos de inactividad, sino que tambi\u00e9n le permitir\u00e1 recuperar o mantener el rendimiento, anticipar costos y tomar las decisiones de inversi\u00f3n correctas en el futuro.<\/p>\n","protected":false},"excerpt":{"rendered":"<p>EVALUAR LA SALUD DE SUS MAQUINAS El tiempo de inactividad de las m\u00e1quinas puede ser muy costoso y dificultar el logro de los objetivos de producci\u00f3n, especialmente cuando son repentinos o no est\u00e1n programados.\u00a0Para minimizar o incluso evitar estas interrupciones en la producci\u00f3n, ofrecemos ex\u00e1menes de salud in situ para sus m\u00e1quinas. Del diagn\u00f3stico al [&hellip;]<\/p>\n","protected":false},"author":3,"featured_media":0,"parent":0,"menu_order":0,"comment_status":"closed","ping_status":"closed","template":"","meta":{"footnotes":""},"categories":[20],"tags":[],"class_list":["post-629","page","type-page","status-publish","hentry","category-servicios-de-mto"],"_links":{"self":[{"href":"https:\/\/aszsa.com.ar\/portal\/wp-json\/wp\/v2\/pages\/629","targetHints":{"allow":["GET"]}}],"collection":[{"href":"https:\/\/aszsa.com.ar\/portal\/wp-json\/wp\/v2\/pages"}],"about":[{"href":"https:\/\/aszsa.com.ar\/portal\/wp-json\/wp\/v2\/types\/page"}],"author":[{"embeddable":true,"href":"https:\/\/aszsa.com.ar\/portal\/wp-json\/wp\/v2\/users\/3"}],"replies":[{"embeddable":true,"href":"https:\/\/aszsa.com.ar\/portal\/wp-json\/wp\/v2\/comments?post=629"}],"version-history":[{"count":4,"href":"https:\/\/aszsa.com.ar\/portal\/wp-json\/wp\/v2\/pages\/629\/revisions"}],"predecessor-version":[{"id":1180,"href":"https:\/\/aszsa.com.ar\/portal\/wp-json\/wp\/v2\/pages\/629\/revisions\/1180"}],"wp:attachment":[{"href":"https:\/\/aszsa.com.ar\/portal\/wp-json\/wp\/v2\/media?parent=629"}],"wp:term":[{"taxonomy":"category","embeddable":true,"href":"https:\/\/aszsa.com.ar\/portal\/wp-json\/wp\/v2\/categories?post=629"},{"taxonomy":"post_tag","embeddable":true,"href":"https:\/\/aszsa.com.ar\/portal\/wp-json\/wp\/v2\/tags?post=629"}],"curies":[{"name":"wp","href":"https:\/\/api.w.org\/{rel}","templated":true}]}}