{"id":631,"date":"2015-09-07T02:03:57","date_gmt":"2015-09-06T23:03:57","guid":{"rendered":"http:\/\/aszsa.com.ar\/portal\/?page_id=631"},"modified":"2015-10-29T21:17:22","modified_gmt":"2015-10-29T18:17:22","slug":"gestion-de-activos","status":"publish","type":"page","link":"https:\/\/aszsa.com.ar\/portal\/gestion-de-activos\/","title":{"rendered":"Gesti\u00f3n de activos"},"content":{"rendered":"<h3>EL ANALISIS DE SUS ACTIVOS VALE LA PENA<\/h3>\n<p><a href=\"http:\/\/aszsa.com.ar\/portal\/wp-content\/uploads\/2015\/09\/2.17.jpg\"><img loading=\"lazy\" decoding=\"async\" class=\"alignleft size-full wp-image-1144\" src=\"http:\/\/aszsa.com.ar\/portal\/wp-content\/uploads\/2015\/09\/2.17.jpg\" alt=\"2.17\" width=\"815\" height=\"250\" srcset=\"https:\/\/aszsa.com.ar\/portal\/wp-content\/uploads\/2015\/09\/2.17.jpg 815w, https:\/\/aszsa.com.ar\/portal\/wp-content\/uploads\/2015\/09\/2.17-300x92.jpg 300w\" sizes=\"auto, (max-width: 815px) 100vw, 815px\" \/><\/a><\/p>\n<p>Para asegurar que sus equipos y l\u00edneas sean lo m\u00e1s eficaces posible a trav\u00e9s del tiempo, podemos hacer recomendaciones sobre la base de t\u00e9cnicas de an\u00e1lisis de categor\u00eda mundial como Lean Manufacturing (manufactura esbelta) y Total Productivity Management (TPM o gesti\u00f3n total de la productividad).<\/p>\n<p>Los tres fundamentos clave del TPM son:<\/p>\n<ul>\n<li><b> El mantenimiento aut\u00f3nomo<\/b>, que se refiere a brindar al operario m\u00e1s conocimiento acerca de la m\u00e1quina para que pueda realizar tareas de mantenimiento y reparaciones menores sin ayuda de un t\u00e9cnico.<\/li>\n<li><b> El mantenimiento preventivo<\/b>, que apunta a tomar medidas proactivas antes de que suceda el problema.<\/li>\n<li><b> El mejoramiento continuo<\/b>para un aumento constante de la confiabilidad de los equipos.<\/li>\n<\/ul>\n","protected":false},"excerpt":{"rendered":"<p>EL ANALISIS DE SUS ACTIVOS VALE LA PENA Para asegurar que sus equipos y l\u00edneas sean lo m\u00e1s eficaces posible a trav\u00e9s del tiempo, podemos hacer recomendaciones sobre la base de t\u00e9cnicas de an\u00e1lisis de categor\u00eda mundial como Lean Manufacturing (manufactura esbelta) y Total Productivity Management (TPM o gesti\u00f3n total de la productividad). Los tres [&hellip;]<\/p>\n","protected":false},"author":3,"featured_media":0,"parent":0,"menu_order":0,"comment_status":"closed","ping_status":"closed","template":"","meta":{"footnotes":""},"categories":[20],"tags":[],"class_list":["post-631","page","type-page","status-publish","hentry","category-servicios-de-mto"],"_links":{"self":[{"href":"https:\/\/aszsa.com.ar\/portal\/wp-json\/wp\/v2\/pages\/631","targetHints":{"allow":["GET"]}}],"collection":[{"href":"https:\/\/aszsa.com.ar\/portal\/wp-json\/wp\/v2\/pages"}],"about":[{"href":"https:\/\/aszsa.com.ar\/portal\/wp-json\/wp\/v2\/types\/page"}],"author":[{"embeddable":true,"href":"https:\/\/aszsa.com.ar\/portal\/wp-json\/wp\/v2\/users\/3"}],"replies":[{"embeddable":true,"href":"https:\/\/aszsa.com.ar\/portal\/wp-json\/wp\/v2\/comments?post=631"}],"version-history":[{"count":3,"href":"https:\/\/aszsa.com.ar\/portal\/wp-json\/wp\/v2\/pages\/631\/revisions"}],"predecessor-version":[{"id":1181,"href":"https:\/\/aszsa.com.ar\/portal\/wp-json\/wp\/v2\/pages\/631\/revisions\/1181"}],"wp:attachment":[{"href":"https:\/\/aszsa.com.ar\/portal\/wp-json\/wp\/v2\/media?parent=631"}],"wp:term":[{"taxonomy":"category","embeddable":true,"href":"https:\/\/aszsa.com.ar\/portal\/wp-json\/wp\/v2\/categories?post=631"},{"taxonomy":"post_tag","embeddable":true,"href":"https:\/\/aszsa.com.ar\/portal\/wp-json\/wp\/v2\/tags?post=631"}],"curies":[{"name":"wp","href":"https:\/\/api.w.org\/{rel}","templated":true}]}}