{"id":635,"date":"2015-09-07T02:05:26","date_gmt":"2015-09-06T23:05:26","guid":{"rendered":"http:\/\/aszsa.com.ar\/portal\/?page_id=635"},"modified":"2016-03-14T22:52:37","modified_gmt":"2016-03-14T19:52:37","slug":"que-nos-distingue-rrhh","status":"publish","type":"page","link":"https:\/\/aszsa.com.ar\/portal\/que-nos-distingue-rrhh\/","title":{"rendered":"Que Nos Distingue RRHH"},"content":{"rendered":"<h3><a href=\"http:\/\/aszsa.com.ar\/portal\/wp-content\/uploads\/2015\/09\/3.jpg\"><img loading=\"lazy\" decoding=\"async\" class=\"alignleft size-full wp-image-1203\" src=\"http:\/\/aszsa.com.ar\/portal\/wp-content\/uploads\/2015\/09\/3.jpg\" alt=\"3\" width=\"815\" height=\"257\" srcset=\"https:\/\/aszsa.com.ar\/portal\/wp-content\/uploads\/2015\/09\/3.jpg 815w, https:\/\/aszsa.com.ar\/portal\/wp-content\/uploads\/2015\/09\/3-300x95.jpg 300w\" sizes=\"auto, (max-width: 815px) 100vw, 815px\" \/><\/a><strong>TENER RECURSO HUMANO CALIFICADO MEJORA LA PRODUCTIVIDAD<\/strong><\/h3>\n<p><b>Staff de Profesionales y Fuente de Reclutamiento<\/b><\/p>\n<p>En ASZSA contamos con experiencia en el mercado laboral local y cuenta con los profesionales m\u00e1s capacitados para asesorarlo en su negocio. Es uno de sus principales atributos que le permite diferenciarse con amplitud entre sus competidores, su equipo de profesionales marca la diferencia.<\/p>\n<p>Brinda una amplia variedad de soluciones dentro de su paquete de servicios pudiendo adaptarse y flexibilizar sus propios procesos en pos de lograr una mayor satisfacci\u00f3n por parte de sus clientes.<br \/>\nASZSA\u00a0 trabaja para posicionarse como una gran fuente de reclutamiento gracias a sus innovadoras herramientas de evaluaci\u00f3n que le permiten dar con el perfil m\u00e1s adecuado para la posici\u00f3n que lo requiera, superando as\u00ed elevados est\u00e1ndares de negocio.<\/p>\n<p>&nbsp;<\/p>\n<p><b>V\u00ednculos con Universidades<\/b><\/p>\n<p>Potenciamos la b\u00fasqueda de nuevos talentos y capacitamos en universidades y escuelas t\u00e9cnicas en base a nuestra experiencia y conocimiento del mundo del empleo.<\/p>\n<p>&nbsp;<\/p>\n<p><b>Herramientas de Evaluaci\u00f3n<\/b><\/p>\n<p>En ASZSA desarrollamos un conjunto de herramientas innovadoras y muy sencillas de utilizar. Garantizan que cada talento incorporado a una empresa tenga todo lo requerido para alcanzar el mejor desempe\u00f1o laboral.<br \/>\nAl mismo tiempo eval\u00faa el grado de sus habilidades, estableciendo con precisi\u00f3n el nivel alcanzado.<\/p>\n<p><b>Los procesos de selecci\u00f3n de talento de ASZSA incluyen estas herramientas que nos diferencian y potencian en el mercado, a la vez que nos permite adecuarnos a las necesidades de las empresas.\u00a0<\/b><\/p>\n","protected":false},"excerpt":{"rendered":"<p>TENER RECURSO HUMANO CALIFICADO MEJORA LA PRODUCTIVIDAD Staff de Profesionales y Fuente de Reclutamiento En ASZSA contamos con experiencia en el mercado laboral local y cuenta con los profesionales m\u00e1s capacitados para asesorarlo en su negocio. Es uno de sus principales atributos que le permite diferenciarse con amplitud entre sus competidores, su equipo de profesionales [&hellip;]<\/p>\n","protected":false},"author":3,"featured_media":0,"parent":0,"menu_order":0,"comment_status":"closed","ping_status":"closed","template":"","meta":{"footnotes":""},"categories":[21],"tags":[],"class_list":["post-635","page","type-page","status-publish","hentry","category-servicios-de-rrhh"],"_links":{"self":[{"href":"https:\/\/aszsa.com.ar\/portal\/wp-json\/wp\/v2\/pages\/635","targetHints":{"allow":["GET"]}}],"collection":[{"href":"https:\/\/aszsa.com.ar\/portal\/wp-json\/wp\/v2\/pages"}],"about":[{"href":"https:\/\/aszsa.com.ar\/portal\/wp-json\/wp\/v2\/types\/page"}],"author":[{"embeddable":true,"href":"https:\/\/aszsa.com.ar\/portal\/wp-json\/wp\/v2\/users\/3"}],"replies":[{"embeddable":true,"href":"https:\/\/aszsa.com.ar\/portal\/wp-json\/wp\/v2\/comments?post=635"}],"version-history":[{"count":15,"href":"https:\/\/aszsa.com.ar\/portal\/wp-json\/wp\/v2\/pages\/635\/revisions"}],"predecessor-version":[{"id":1392,"href":"https:\/\/aszsa.com.ar\/portal\/wp-json\/wp\/v2\/pages\/635\/revisions\/1392"}],"wp:attachment":[{"href":"https:\/\/aszsa.com.ar\/portal\/wp-json\/wp\/v2\/media?parent=635"}],"wp:term":[{"taxonomy":"category","embeddable":true,"href":"https:\/\/aszsa.com.ar\/portal\/wp-json\/wp\/v2\/categories?post=635"},{"taxonomy":"post_tag","embeddable":true,"href":"https:\/\/aszsa.com.ar\/portal\/wp-json\/wp\/v2\/tags?post=635"}],"curies":[{"name":"wp","href":"https:\/\/api.w.org\/{rel}","templated":true}]}}