{"id":637,"date":"2015-09-07T02:05:54","date_gmt":"2015-09-06T23:05:54","guid":{"rendered":"http:\/\/aszsa.com.ar\/portal\/?page_id=637"},"modified":"2015-09-08T19:32:30","modified_gmt":"2015-09-08T16:32:30","slug":"proceso-de-seleccion","status":"publish","type":"page","link":"https:\/\/aszsa.com.ar\/portal\/proceso-de-seleccion\/","title":{"rendered":"Proceso de Selecci\u00f3n"},"content":{"rendered":"<pre>Proceso Selecci\u00f3n de Personal<\/pre>\n<p>S\u00f3lo la correcta elecci\u00f3n de los colaboradores de una empresa lleva al \u00e9xito de la misma, para ello es indispensable que el proceso de b\u00fasqueda sea llevado a cabo por profesionales. El proceso de b\u00fasqueda debe ser profundo y exhaustivo, en ASZSA Solutions poseemos un proceso completo:<\/p>\n<p><img loading=\"lazy\" decoding=\"async\" class=\"alignnone wp-image-445\" src=\"http:\/\/aszsa.com.ar\/portal\/wp-content\/uploads\/2015\/05\/seleccion.png\" alt=\"seleccion\" width=\"811\" height=\"574\" srcset=\"https:\/\/aszsa.com.ar\/portal\/wp-content\/uploads\/2015\/05\/seleccion.png 811w, https:\/\/aszsa.com.ar\/portal\/wp-content\/uploads\/2015\/05\/seleccion-300x212.png 300w\" sizes=\"auto, (max-width: 811px) 100vw, 811px\" \/><\/p>\n","protected":false},"excerpt":{"rendered":"<p>Proceso Selecci\u00f3n de Personal S\u00f3lo la correcta elecci\u00f3n de los colaboradores de una empresa lleva al \u00e9xito de la misma, para ello es indispensable que el proceso de b\u00fasqueda sea llevado a cabo por profesionales. El proceso de b\u00fasqueda debe ser profundo y exhaustivo, en ASZSA Solutions poseemos un proceso completo:<\/p>\n","protected":false},"author":3,"featured_media":0,"parent":0,"menu_order":0,"comment_status":"closed","ping_status":"closed","template":"","meta":{"footnotes":""},"categories":[21],"tags":[],"class_list":["post-637","page","type-page","status-publish","hentry","category-servicios-de-rrhh"],"_links":{"self":[{"href":"https:\/\/aszsa.com.ar\/portal\/wp-json\/wp\/v2\/pages\/637","targetHints":{"allow":["GET"]}}],"collection":[{"href":"https:\/\/aszsa.com.ar\/portal\/wp-json\/wp\/v2\/pages"}],"about":[{"href":"https:\/\/aszsa.com.ar\/portal\/wp-json\/wp\/v2\/types\/page"}],"author":[{"embeddable":true,"href":"https:\/\/aszsa.com.ar\/portal\/wp-json\/wp\/v2\/users\/3"}],"replies":[{"embeddable":true,"href":"https:\/\/aszsa.com.ar\/portal\/wp-json\/wp\/v2\/comments?post=637"}],"version-history":[{"count":3,"href":"https:\/\/aszsa.com.ar\/portal\/wp-json\/wp\/v2\/pages\/637\/revisions"}],"predecessor-version":[{"id":967,"href":"https:\/\/aszsa.com.ar\/portal\/wp-json\/wp\/v2\/pages\/637\/revisions\/967"}],"wp:attachment":[{"href":"https:\/\/aszsa.com.ar\/portal\/wp-json\/wp\/v2\/media?parent=637"}],"wp:term":[{"taxonomy":"category","embeddable":true,"href":"https:\/\/aszsa.com.ar\/portal\/wp-json\/wp\/v2\/categories?post=637"},{"taxonomy":"post_tag","embeddable":true,"href":"https:\/\/aszsa.com.ar\/portal\/wp-json\/wp\/v2\/tags?post=637"}],"curies":[{"name":"wp","href":"https:\/\/api.w.org\/{rel}","templated":true}]}}