{"id":642,"date":"2015-09-07T02:11:30","date_gmt":"2015-09-06T23:11:30","guid":{"rendered":"http:\/\/aszsa.com.ar\/portal\/?page_id=642"},"modified":"2015-11-02T18:50:27","modified_gmt":"2015-11-02T15:50:27","slug":"consultoria-en-diversidad-e-inclusion","status":"publish","type":"page","link":"https:\/\/aszsa.com.ar\/portal\/consultoria-en-diversidad-e-inclusion\/","title":{"rendered":"Consultor\u00eda en diversidad e inclusi\u00f3n"},"content":{"rendered":"<p><a href=\"http:\/\/aszsa.com.ar\/portal\/wp-content\/uploads\/2015\/09\/3.2.4.2.jpg\"><img loading=\"lazy\" decoding=\"async\" class=\"alignleft size-full wp-image-1188\" src=\"http:\/\/aszsa.com.ar\/portal\/wp-content\/uploads\/2015\/09\/3.2.4.2.jpg\" alt=\"3.2.4.2\" width=\"815\" height=\"255\" srcset=\"https:\/\/aszsa.com.ar\/portal\/wp-content\/uploads\/2015\/09\/3.2.4.2.jpg 815w, https:\/\/aszsa.com.ar\/portal\/wp-content\/uploads\/2015\/09\/3.2.4.2-300x94.jpg 300w\" sizes=\"auto, (max-width: 815px) 100vw, 815px\" \/><\/a><br \/>\nBasados en el conocimiento y la experiencia adquiridos, desarrollamos una propuesta integral para acompa\u00f1ar a las organizaciones en su acercamiento a la Diversidad en el \u00e1mbito laboral.<\/p>\n<p>Nuestra Consultor\u00eda en Diversidad e Inclusi\u00f3n contempla todas las acciones posibles: desde el dise\u00f1o e implementaci\u00f3n de un programa integral de inclusi\u00f3n hasta el desarrollo de soluciones a medida de las necesidades puntuales de las empresas en t\u00e9rminos de capacitaci\u00f3n, inserci\u00f3n, adecuaci\u00f3n a un puesto de trabajo e incluso el servicio de outplacement.<\/p>\n<p>A trav\u00e9s de un equipo profesional experto, aportamos a su empresa un enfoque estrat\u00e9gico adaptado a cada cultura organizacional y herramientas eficaces para avanzar en el camino del desarrollo de entornos inclusivos en las organizaciones.<\/p>\n<p>Comprende la posibilidad de incluir personas con discapacidad y otros colectivos como j\u00f3venes en desventaja, mayores de 45 a\u00f1os, mujeres que buscan reinsertarse en el mercado laboral y personas refugiadas.<\/p>\n<p><a href=\"http:\/\/aszsa.com.ar\/portal\/wp-content\/uploads\/2015\/09\/3.2.4.jpg\"><img loading=\"lazy\" decoding=\"async\" class=\"size-full wp-image-1189 aligncenter\" src=\"http:\/\/aszsa.com.ar\/portal\/wp-content\/uploads\/2015\/09\/3.2.4.jpg\" alt=\"3.2.4\" width=\"300\" height=\"135\" \/><\/a><\/p>\n","protected":false},"excerpt":{"rendered":"<p>Basados en el conocimiento y la experiencia adquiridos, desarrollamos una propuesta integral para acompa\u00f1ar a las organizaciones en su acercamiento a la Diversidad en el \u00e1mbito laboral. Nuestra Consultor\u00eda en Diversidad e Inclusi\u00f3n contempla todas las acciones posibles: desde el dise\u00f1o e implementaci\u00f3n de un programa integral de inclusi\u00f3n hasta el desarrollo de soluciones a [&hellip;]<\/p>\n","protected":false},"author":3,"featured_media":0,"parent":0,"menu_order":0,"comment_status":"closed","ping_status":"closed","template":"","meta":{"footnotes":""},"categories":[21],"tags":[],"class_list":["post-642","page","type-page","status-publish","hentry","category-servicios-de-rrhh"],"_links":{"self":[{"href":"https:\/\/aszsa.com.ar\/portal\/wp-json\/wp\/v2\/pages\/642","targetHints":{"allow":["GET"]}}],"collection":[{"href":"https:\/\/aszsa.com.ar\/portal\/wp-json\/wp\/v2\/pages"}],"about":[{"href":"https:\/\/aszsa.com.ar\/portal\/wp-json\/wp\/v2\/types\/page"}],"author":[{"embeddable":true,"href":"https:\/\/aszsa.com.ar\/portal\/wp-json\/wp\/v2\/users\/3"}],"replies":[{"embeddable":true,"href":"https:\/\/aszsa.com.ar\/portal\/wp-json\/wp\/v2\/comments?post=642"}],"version-history":[{"count":4,"href":"https:\/\/aszsa.com.ar\/portal\/wp-json\/wp\/v2\/pages\/642\/revisions"}],"predecessor-version":[{"id":1213,"href":"https:\/\/aszsa.com.ar\/portal\/wp-json\/wp\/v2\/pages\/642\/revisions\/1213"}],"wp:attachment":[{"href":"https:\/\/aszsa.com.ar\/portal\/wp-json\/wp\/v2\/media?parent=642"}],"wp:term":[{"taxonomy":"category","embeddable":true,"href":"https:\/\/aszsa.com.ar\/portal\/wp-json\/wp\/v2\/categories?post=642"},{"taxonomy":"post_tag","embeddable":true,"href":"https:\/\/aszsa.com.ar\/portal\/wp-json\/wp\/v2\/tags?post=642"}],"curies":[{"name":"wp","href":"https:\/\/api.w.org\/{rel}","templated":true}]}}