{"id":649,"date":"2015-09-07T02:13:20","date_gmt":"2015-09-06T23:13:20","guid":{"rendered":"http:\/\/aszsa.com.ar\/portal\/?page_id=649"},"modified":"2015-11-02T18:53:33","modified_gmt":"2015-11-02T15:53:33","slug":"personal-eventual","status":"publish","type":"page","link":"https:\/\/aszsa.com.ar\/portal\/personal-eventual\/","title":{"rendered":"Personal eventual"},"content":{"rendered":"<h3><a href=\"http:\/\/aszsa.com.ar\/portal\/wp-content\/uploads\/2015\/09\/3.2.6.jpg\"><img loading=\"lazy\" decoding=\"async\" class=\"alignleft size-full wp-image-1191\" src=\"http:\/\/aszsa.com.ar\/portal\/wp-content\/uploads\/2015\/09\/3.2.6.jpg\" alt=\"3.2.6\" width=\"815\" height=\"253\" srcset=\"https:\/\/aszsa.com.ar\/portal\/wp-content\/uploads\/2015\/09\/3.2.6.jpg 815w, https:\/\/aszsa.com.ar\/portal\/wp-content\/uploads\/2015\/09\/3.2.6-300x93.jpg 300w\" sizes=\"auto, (max-width: 815px) 100vw, 815px\" \/><\/a><\/h3>\n<h3>Personal eventual\u00a0 <b>=<span style=\"color: #ff0000;\">&gt; Programa No Lanzado<\/span><\/b><\/h3>\n<p><b>\u00bf<\/b><b>Busc\u00e1s<\/b><b> flexibilidad en la estructura de personal y eficiencia en tu negocio?<br \/>\n\u00bf<\/b><b>Ten\u00e9s<\/b><b> un pico extraordinario de trabajo y requer\u00eds talento r\u00e1pidamente?<br \/>\n\u00bfNecesitas contar con personal para cubrir licencias o vacaciones?\u00a0<\/b><\/p>\n<p>En ASZSA lideramos la provisi\u00f3n de servicios de personal eventual dando respuestas \u00e1giles a clientes que conf\u00edan en nuestras soluciones. Para ello, contamos con las herramientas de reclutamiento m\u00e1s innovadoras del mercado y una amplia base de talentos con m\u00faltiples perfiles en todo el pa\u00eds.<\/p>\n<p>Nuestro equipo de profesionales est\u00e1 atento a tus necesidades, aplicando procesos internacionalmente validados para asegurar r\u00e1pidamente un alto nivel de cobertura y adecuaci\u00f3n al perfil solicitado.<\/p>\n<p>Brindamos el respaldo y la confianza de una empresa con altos est\u00e1ndares \u00e9ticos y de cumplimiento normativo, solvencia financiera y, seguridad jur\u00eddica.<\/p>\n<p>Descubr\u00ed todas las posibilidades que ASZSA te ofrece a trav\u00e9s de su servicio de personal eventual. Contanos tus preocupaciones, estamos deseosos de ofrecerte las respuestas que esperas.<\/p>\n","protected":false},"excerpt":{"rendered":"<p>Personal eventual\u00a0 =&gt; Programa No Lanzado \u00bfBusc\u00e1s flexibilidad en la estructura de personal y eficiencia en tu negocio? \u00bfTen\u00e9s un pico extraordinario de trabajo y requer\u00eds talento r\u00e1pidamente? \u00bfNecesitas contar con personal para cubrir licencias o vacaciones?\u00a0 En ASZSA lideramos la provisi\u00f3n de servicios de personal eventual dando respuestas \u00e1giles a clientes que conf\u00edan en [&hellip;]<\/p>\n","protected":false},"author":3,"featured_media":0,"parent":0,"menu_order":0,"comment_status":"closed","ping_status":"closed","template":"","meta":{"footnotes":""},"categories":[21],"tags":[],"class_list":["post-649","page","type-page","status-publish","hentry","category-servicios-de-rrhh"],"_links":{"self":[{"href":"https:\/\/aszsa.com.ar\/portal\/wp-json\/wp\/v2\/pages\/649","targetHints":{"allow":["GET"]}}],"collection":[{"href":"https:\/\/aszsa.com.ar\/portal\/wp-json\/wp\/v2\/pages"}],"about":[{"href":"https:\/\/aszsa.com.ar\/portal\/wp-json\/wp\/v2\/types\/page"}],"author":[{"embeddable":true,"href":"https:\/\/aszsa.com.ar\/portal\/wp-json\/wp\/v2\/users\/3"}],"replies":[{"embeddable":true,"href":"https:\/\/aszsa.com.ar\/portal\/wp-json\/wp\/v2\/comments?post=649"}],"version-history":[{"count":3,"href":"https:\/\/aszsa.com.ar\/portal\/wp-json\/wp\/v2\/pages\/649\/revisions"}],"predecessor-version":[{"id":1216,"href":"https:\/\/aszsa.com.ar\/portal\/wp-json\/wp\/v2\/pages\/649\/revisions\/1216"}],"wp:attachment":[{"href":"https:\/\/aszsa.com.ar\/portal\/wp-json\/wp\/v2\/media?parent=649"}],"wp:term":[{"taxonomy":"category","embeddable":true,"href":"https:\/\/aszsa.com.ar\/portal\/wp-json\/wp\/v2\/categories?post=649"},{"taxonomy":"post_tag","embeddable":true,"href":"https:\/\/aszsa.com.ar\/portal\/wp-json\/wp\/v2\/tags?post=649"}],"curies":[{"name":"wp","href":"https:\/\/api.w.org\/{rel}","templated":true}]}}