{"id":657,"date":"2015-09-07T02:14:42","date_gmt":"2015-09-06T23:14:42","guid":{"rendered":"http:\/\/aszsa.com.ar\/portal\/?page_id=657"},"modified":"2016-02-22T05:40:48","modified_gmt":"2016-02-22T02:40:48","slug":"procesos-de-evaluacion-de-desempeno","status":"publish","type":"page","link":"https:\/\/aszsa.com.ar\/portal\/procesos-de-evaluacion-de-desempeno\/","title":{"rendered":"Procesos de Evaluaci\u00f3n de Desempe\u00f1o"},"content":{"rendered":"<h3><img loading=\"lazy\" decoding=\"async\" class=\"alignleft size-full wp-image-1202\" src=\"http:\/\/aszsa.com.ar\/portal\/wp-content\/uploads\/2015\/09\/3.6.jpg\" alt=\"3.6\" width=\"815\" height=\"250\" srcset=\"https:\/\/aszsa.com.ar\/portal\/wp-content\/uploads\/2015\/09\/3.6.jpg 815w, https:\/\/aszsa.com.ar\/portal\/wp-content\/uploads\/2015\/09\/3.6-300x92.jpg 300w\" sizes=\"auto, (max-width: 815px) 100vw, 815px\" \/>DESARROLLO DE NUESTRO PERSONAL<\/h3>\n<p><b>Caracter\u00edsticas B\u00e1sicas del Proceso de Evaluaci\u00f3n de Desempe\u00f1o:<\/b><\/p>\n<ul>\n<li>\u00a0Proceso anual o semestral<\/li>\n<li>\u00a0Revisi\u00f3n sistem\u00e1tica del desempe\u00f1o individual<\/li>\n<li>\u00a0Con el objetivo de promover la mejora permanente en la gesti\u00f3n<\/li>\n<\/ul>\n<p><b><i>\u00a0Herramienta de gesti\u00f3n \u00a0&#8211; \u00a0\u00a0<\/i><\/b><b><i>Base de informaci\u00f3n<\/i><\/b><\/p>\n<p><b>Beneficios del Proceso de Evaluaci\u00f3n de Desempe\u00f1o.<\/b><\/p>\n<p><img loading=\"lazy\" decoding=\"async\" class=\"alignleft size-full wp-image-1323\" src=\"http:\/\/aszsa.com.ar\/portal\/wp-content\/uploads\/2015\/09\/cuadro.jpg\" alt=\"cuadro\" width=\"466\" height=\"172\" srcset=\"https:\/\/aszsa.com.ar\/portal\/wp-content\/uploads\/2015\/09\/cuadro.jpg 466w, https:\/\/aszsa.com.ar\/portal\/wp-content\/uploads\/2015\/09\/cuadro-300x111.jpg 300w\" sizes=\"auto, (max-width: 466px) 100vw, 466px\" \/><\/p>\n","protected":false},"excerpt":{"rendered":"<p>DESARROLLO DE NUESTRO PERSONAL Caracter\u00edsticas B\u00e1sicas del Proceso de Evaluaci\u00f3n de Desempe\u00f1o: \u00a0Proceso anual o semestral \u00a0Revisi\u00f3n sistem\u00e1tica del desempe\u00f1o individual \u00a0Con el objetivo de promover la mejora permanente en la gesti\u00f3n \u00a0Herramienta de gesti\u00f3n \u00a0&#8211; \u00a0\u00a0Base de informaci\u00f3n Beneficios del Proceso de Evaluaci\u00f3n de Desempe\u00f1o.<\/p>\n","protected":false},"author":3,"featured_media":0,"parent":0,"menu_order":0,"comment_status":"closed","ping_status":"closed","template":"","meta":{"footnotes":""},"categories":[],"tags":[],"class_list":["post-657","page","type-page","status-publish","hentry"],"_links":{"self":[{"href":"https:\/\/aszsa.com.ar\/portal\/wp-json\/wp\/v2\/pages\/657","targetHints":{"allow":["GET"]}}],"collection":[{"href":"https:\/\/aszsa.com.ar\/portal\/wp-json\/wp\/v2\/pages"}],"about":[{"href":"https:\/\/aszsa.com.ar\/portal\/wp-json\/wp\/v2\/types\/page"}],"author":[{"embeddable":true,"href":"https:\/\/aszsa.com.ar\/portal\/wp-json\/wp\/v2\/users\/3"}],"replies":[{"embeddable":true,"href":"https:\/\/aszsa.com.ar\/portal\/wp-json\/wp\/v2\/comments?post=657"}],"version-history":[{"count":9,"href":"https:\/\/aszsa.com.ar\/portal\/wp-json\/wp\/v2\/pages\/657\/revisions"}],"predecessor-version":[{"id":1324,"href":"https:\/\/aszsa.com.ar\/portal\/wp-json\/wp\/v2\/pages\/657\/revisions\/1324"}],"wp:attachment":[{"href":"https:\/\/aszsa.com.ar\/portal\/wp-json\/wp\/v2\/media?parent=657"}],"wp:term":[{"taxonomy":"category","embeddable":true,"href":"https:\/\/aszsa.com.ar\/portal\/wp-json\/wp\/v2\/categories?post=657"},{"taxonomy":"post_tag","embeddable":true,"href":"https:\/\/aszsa.com.ar\/portal\/wp-json\/wp\/v2\/tags?post=657"}],"curies":[{"name":"wp","href":"https:\/\/api.w.org\/{rel}","templated":true}]}}