{"id":659,"date":"2015-09-07T02:15:04","date_gmt":"2015-09-06T23:15:04","guid":{"rendered":"http:\/\/aszsa.com.ar\/portal\/?page_id=659"},"modified":"2016-01-12T22:46:26","modified_gmt":"2016-01-12T19:46:26","slug":"encuestas-de-clima-laboral","status":"publish","type":"page","link":"https:\/\/aszsa.com.ar\/portal\/encuestas-de-clima-laboral\/","title":{"rendered":"Encuestas de Clima Laboral"},"content":{"rendered":"<h3><img loading=\"lazy\" decoding=\"async\" class=\"alignleft size-full wp-image-1201\" src=\"http:\/\/aszsa.com.ar\/portal\/wp-content\/uploads\/2015\/09\/3.6.2.jpg\" alt=\"3.6.2\" width=\"815\" height=\"250\" srcset=\"https:\/\/aszsa.com.ar\/portal\/wp-content\/uploads\/2015\/09\/3.6.2.jpg 815w, https:\/\/aszsa.com.ar\/portal\/wp-content\/uploads\/2015\/09\/3.6.2-300x92.jpg 300w\" sizes=\"auto, (max-width: 815px) 100vw, 815px\" \/>ENGAGEMENT \/ COMO ESTAMOS Y COMO SENTIMOS<\/h3>\n<p>La Encuesta de Clima Laboral u Opini\u00f3n Interna, es una herramienta de mejora de RRHH, surge de un estudio que permite medir las sensaciones de bienestar y malestar que experimenta la gente con distintos aspectos de la vida laboral en la organizaci\u00f3n\u00a0(como por ej. la calidad de vida, el desarrollo profesional, el v\u00ednculo con el jefe, con los compa\u00f1eros, las comunicaciones, la relaci\u00f3n con la comunidad, etc.)<\/p>\n<p>Conocer la opini\u00f3n del personal respecto a diversos temas relacionados con el trabajo de todos los d\u00edas permitir\u00e1 desarrollar acciones concretas que sostengan o refuercen los aspectos fuertes y<br \/>\nmejoren los temas que presentan bajos \u00edndices de satisfacci\u00f3n<em><strong><img loading=\"lazy\" decoding=\"async\" class=\"alignleft size-full wp-image-470\" src=\"http:\/\/aszsa.com.ar\/portal\/wp-content\/uploads\/2015\/05\/permanencia.png\" alt=\"permanencia\" width=\"848\" height=\"550\" srcset=\"https:\/\/aszsa.com.ar\/portal\/wp-content\/uploads\/2015\/05\/permanencia.png 848w, https:\/\/aszsa.com.ar\/portal\/wp-content\/uploads\/2015\/05\/permanencia-300x195.png 300w\" sizes=\"auto, (max-width: 848px) 100vw, 848px\" \/><\/strong><\/em><\/p>\n<p>&nbsp;<\/p>\n","protected":false},"excerpt":{"rendered":"<p>ENGAGEMENT \/ COMO ESTAMOS Y COMO SENTIMOS La Encuesta de Clima Laboral u Opini\u00f3n Interna, es una herramienta de mejora de RRHH, surge de un estudio que permite medir las sensaciones de bienestar y malestar que experimenta la gente con distintos aspectos de la vida laboral en la organizaci\u00f3n\u00a0(como por ej. la calidad de vida, [&hellip;]<\/p>\n","protected":false},"author":3,"featured_media":0,"parent":0,"menu_order":0,"comment_status":"closed","ping_status":"closed","template":"","meta":{"footnotes":""},"categories":[],"tags":[],"class_list":["post-659","page","type-page","status-publish","hentry"],"_links":{"self":[{"href":"https:\/\/aszsa.com.ar\/portal\/wp-json\/wp\/v2\/pages\/659","targetHints":{"allow":["GET"]}}],"collection":[{"href":"https:\/\/aszsa.com.ar\/portal\/wp-json\/wp\/v2\/pages"}],"about":[{"href":"https:\/\/aszsa.com.ar\/portal\/wp-json\/wp\/v2\/types\/page"}],"author":[{"embeddable":true,"href":"https:\/\/aszsa.com.ar\/portal\/wp-json\/wp\/v2\/users\/3"}],"replies":[{"embeddable":true,"href":"https:\/\/aszsa.com.ar\/portal\/wp-json\/wp\/v2\/comments?post=659"}],"version-history":[{"count":6,"href":"https:\/\/aszsa.com.ar\/portal\/wp-json\/wp\/v2\/pages\/659\/revisions"}],"predecessor-version":[{"id":1290,"href":"https:\/\/aszsa.com.ar\/portal\/wp-json\/wp\/v2\/pages\/659\/revisions\/1290"}],"wp:attachment":[{"href":"https:\/\/aszsa.com.ar\/portal\/wp-json\/wp\/v2\/media?parent=659"}],"wp:term":[{"taxonomy":"category","embeddable":true,"href":"https:\/\/aszsa.com.ar\/portal\/wp-json\/wp\/v2\/categories?post=659"},{"taxonomy":"post_tag","embeddable":true,"href":"https:\/\/aszsa.com.ar\/portal\/wp-json\/wp\/v2\/tags?post=659"}],"curies":[{"name":"wp","href":"https:\/\/api.w.org\/{rel}","templated":true}]}}