{"id":661,"date":"2015-09-07T02:15:33","date_gmt":"2015-09-06T23:15:33","guid":{"rendered":"http:\/\/aszsa.com.ar\/portal\/?page_id=661"},"modified":"2016-04-19T03:03:32","modified_gmt":"2016-04-19T00:03:32","slug":"un-poquito-mas-hsma","status":"publish","type":"page","link":"https:\/\/aszsa.com.ar\/portal\/un-poquito-mas-hsma\/","title":{"rendered":"Un Poquito M\u00e1s (HSMA)"},"content":{"rendered":"<pre><img loading=\"lazy\" decoding=\"async\" class=\"wp-image-932 size-full aligncenter\" src=\"http:\/\/aszsa.com.ar\/portal\/wp-content\/uploads\/2015\/09\/2.0_Portada-Un-Poquito-M\u00e1s.jpg\" alt=\"2.0_Portada Un Poquito M\u00e1s\" width=\"1559\" height=\"850\" srcset=\"https:\/\/aszsa.com.ar\/portal\/wp-content\/uploads\/2015\/09\/2.0_Portada-Un-Poquito-M\u00e1s.jpg 1559w, https:\/\/aszsa.com.ar\/portal\/wp-content\/uploads\/2015\/09\/2.0_Portada-Un-Poquito-M\u00e1s-300x164.jpg 300w, https:\/\/aszsa.com.ar\/portal\/wp-content\/uploads\/2015\/09\/2.0_Portada-Un-Poquito-M\u00e1s-1024x558.jpg 1024w\" sizes=\"auto, (max-width: 1559px) 100vw, 1559px\" \/><\/pre>\n<h3>satisfacer sus necesidades con un poquito m\u00e1s de valor<\/h3>\n<p>De manera individual, cada uno de nuestros servicios le ofrece un poquito m\u00e1s; de manera conjunta, nuestra gama puede aumentar el valor de su producci\u00f3n.<\/p>\n<p>Valor agregado con cada servicio<\/p>\n<p>En ASZSA comprendemos la gran cantidad de desaf\u00edos que presenta el mercado y queremos ayudarlo a enfrentarlos. Podemos agregar un poquito m\u00e1s de valor a sus equipos instalados, sus productos y sus resultados.<\/p>\n<p>Con cada servicio, le podemos dar un poquito m\u00e1s:<\/p>\n<ul>\n<li>Calidad de Producto<\/li>\n<li>Eficiencia<\/li>\n<li>Flexibilidad<\/li>\n<li>Optimizaci\u00f3n de los costos<\/li>\n<li>Apoyo a la marca<\/li>\n<\/ul>\n<p><b>SERVICIOS<\/b><\/p>\n<p>Ofrecemos una\u00a0amplia variedad de servicios destinados a\u00a0satisfacer las m\u00e1s diversas necesidades, dentro de cada uno encontrar\u00e1 un detalle explicativo<\/p>\n<p><a href=\"http:\/\/aszsa.com.ar\/portal\/pymes-exclusive-hsma\/\" rel=\"attachment wp-att-1426\"><img loading=\"lazy\" decoding=\"async\" class=\"alignleft size-full wp-image-1426\" src=\"http:\/\/aszsa.com.ar\/portal\/wp-content\/uploads\/2015\/09\/boonPYMESexclusive.jpg\" alt=\"boonPYMESexclusive\" width=\"381\" height=\"196\" srcset=\"https:\/\/aszsa.com.ar\/portal\/wp-content\/uploads\/2015\/09\/boonPYMESexclusive.jpg 381w, https:\/\/aszsa.com.ar\/portal\/wp-content\/uploads\/2015\/09\/boonPYMESexclusive-300x154.jpg 300w, https:\/\/aszsa.com.ar\/portal\/wp-content\/uploads\/2015\/09\/boonPYMESexclusive-380x196.jpg 380w\" sizes=\"auto, (max-width: 381px) 100vw, 381px\" \/><\/a> <a href=\"http:\/\/aszsa.com.ar\/portal\/programas-capacitacion-hsma\/\" rel=\"attachment wp-att-1427\"><img loading=\"lazy\" decoding=\"async\" class=\"alignleft size-full wp-image-1427\" src=\"http:\/\/aszsa.com.ar\/portal\/wp-content\/uploads\/2015\/09\/botoncapacitacion-1.jpg\" alt=\"botoncapacitacion\" width=\"381\" height=\"196\" srcset=\"https:\/\/aszsa.com.ar\/portal\/wp-content\/uploads\/2015\/09\/botoncapacitacion-1.jpg 381w, https:\/\/aszsa.com.ar\/portal\/wp-content\/uploads\/2015\/09\/botoncapacitacion-1-300x154.jpg 300w, https:\/\/aszsa.com.ar\/portal\/wp-content\/uploads\/2015\/09\/botoncapacitacion-1-380x196.jpg 380w\" sizes=\"auto, (max-width: 381px) 100vw, 381px\" \/><\/a> <a href=\"http:\/\/aszsa.com.ar\/portal\/medio-ambiente-industrial\/\" rel=\"attachment wp-att-1428\"><img loading=\"lazy\" decoding=\"async\" class=\"alignleft size-full wp-image-1428\" src=\"http:\/\/aszsa.com.ar\/portal\/wp-content\/uploads\/2015\/09\/botonGestionAmbiental.jpg\" alt=\"botonGestionAmbiental\" width=\"381\" height=\"196\" srcset=\"https:\/\/aszsa.com.ar\/portal\/wp-content\/uploads\/2015\/09\/botonGestionAmbiental.jpg 381w, https:\/\/aszsa.com.ar\/portal\/wp-content\/uploads\/2015\/09\/botonGestionAmbiental-300x154.jpg 300w, https:\/\/aszsa.com.ar\/portal\/wp-content\/uploads\/2015\/09\/botonGestionAmbiental-380x196.jpg 380w\" sizes=\"auto, (max-width: 381px) 100vw, 381px\" \/><\/a> <a href=\"http:\/\/aszsa.com.ar\/portal\/que-nos-distingue-hsma\/\" rel=\"attachment wp-att-1429\"><img loading=\"lazy\" decoding=\"async\" class=\"alignleft size-full wp-image-1429\" src=\"http:\/\/aszsa.com.ar\/portal\/wp-content\/uploads\/2015\/09\/botonSeguridadehigiene.jpg\" alt=\"botonSeguridadehigiene\" width=\"381\" height=\"196\" srcset=\"https:\/\/aszsa.com.ar\/portal\/wp-content\/uploads\/2015\/09\/botonSeguridadehigiene.jpg 381w, https:\/\/aszsa.com.ar\/portal\/wp-content\/uploads\/2015\/09\/botonSeguridadehigiene-300x154.jpg 300w, https:\/\/aszsa.com.ar\/portal\/wp-content\/uploads\/2015\/09\/botonSeguridadehigiene-380x196.jpg 380w\" sizes=\"auto, (max-width: 381px) 100vw, 381px\" \/><\/a><\/p>\n","protected":false},"excerpt":{"rendered":"<p>satisfacer sus necesidades con un poquito m\u00e1s de valor De manera individual, cada uno de nuestros servicios le ofrece un poquito m\u00e1s; de manera conjunta, nuestra gama puede aumentar el valor de su producci\u00f3n. Valor agregado con cada servicio En ASZSA comprendemos la gran cantidad de desaf\u00edos que presenta el mercado y queremos ayudarlo a [&hellip;]<\/p>\n","protected":false},"author":3,"featured_media":0,"parent":0,"menu_order":0,"comment_status":"closed","ping_status":"closed","template":"","meta":{"footnotes":""},"categories":[],"tags":[],"class_list":["post-661","page","type-page","status-publish","hentry"],"_links":{"self":[{"href":"https:\/\/aszsa.com.ar\/portal\/wp-json\/wp\/v2\/pages\/661","targetHints":{"allow":["GET"]}}],"collection":[{"href":"https:\/\/aszsa.com.ar\/portal\/wp-json\/wp\/v2\/pages"}],"about":[{"href":"https:\/\/aszsa.com.ar\/portal\/wp-json\/wp\/v2\/types\/page"}],"author":[{"embeddable":true,"href":"https:\/\/aszsa.com.ar\/portal\/wp-json\/wp\/v2\/users\/3"}],"replies":[{"embeddable":true,"href":"https:\/\/aszsa.com.ar\/portal\/wp-json\/wp\/v2\/comments?post=661"}],"version-history":[{"count":7,"href":"https:\/\/aszsa.com.ar\/portal\/wp-json\/wp\/v2\/pages\/661\/revisions"}],"predecessor-version":[{"id":1430,"href":"https:\/\/aszsa.com.ar\/portal\/wp-json\/wp\/v2\/pages\/661\/revisions\/1430"}],"wp:attachment":[{"href":"https:\/\/aszsa.com.ar\/portal\/wp-json\/wp\/v2\/media?parent=661"}],"wp:term":[{"taxonomy":"category","embeddable":true,"href":"https:\/\/aszsa.com.ar\/portal\/wp-json\/wp\/v2\/categories?post=661"},{"taxonomy":"post_tag","embeddable":true,"href":"https:\/\/aszsa.com.ar\/portal\/wp-json\/wp\/v2\/tags?post=661"}],"curies":[{"name":"wp","href":"https:\/\/api.w.org\/{rel}","templated":true}]}}