{"id":663,"date":"2015-09-07T02:15:51","date_gmt":"2015-09-06T23:15:51","guid":{"rendered":"http:\/\/aszsa.com.ar\/portal\/?page_id=663"},"modified":"2016-03-15T03:13:23","modified_gmt":"2016-03-15T00:13:23","slug":"que-nos-distingue-hsma","status":"publish","type":"page","link":"https:\/\/aszsa.com.ar\/portal\/que-nos-distingue-hsma\/","title":{"rendered":"Seguridad e Higiene Laboral"},"content":{"rendered":"<h3>QUE NOS DISTINGUE EN SEGURIDAD E HIGIENE LABORAL<\/h3>\n<p><a href=\"http:\/\/aszsa.com.ar\/portal\/wp-content\/uploads\/2015\/09\/4.1.jpg\"><img loading=\"lazy\" decoding=\"async\" class=\"alignleft size-full wp-image-1230\" src=\"http:\/\/aszsa.com.ar\/portal\/wp-content\/uploads\/2015\/09\/4.1.jpg\" alt=\"4.1\" width=\"815\" height=\"250\" srcset=\"https:\/\/aszsa.com.ar\/portal\/wp-content\/uploads\/2015\/09\/4.1.jpg 815w, https:\/\/aszsa.com.ar\/portal\/wp-content\/uploads\/2015\/09\/4.1-300x92.jpg 300w\" sizes=\"auto, (max-width: 815px) 100vw, 815px\" \/><\/a><\/p>\n<p><strong>ASZSA<\/strong> es una empresa que brinda una amplia gama de servicios relacionados con la Seguridad e Higiene en el Trabajo.<\/p>\n<p>Nuestro principal objetivo es mantenernos actualizados para satisfacer las necesidades de nuestros clientes.<\/p>\n<p>Contamos con personal t\u00e9cnico y profesional que se mantiene en permanente comunicaci\u00f3n con nuestros clientes, con el objetivo de intercambiar ideas para lograr as\u00ed en conjunto un servicio que cumpla con los requerimientos t\u00e9cnico \/ legales que cada empresa necesita.<\/p>\n<p>Hemos desarrollado convenios de cooperaci\u00f3n con consultoras y profesionales independientes, a los efectos de poder brindar al cliente un adecuado nivel de prestaci\u00f3n en las obras y emprendimientos d\u00f3nde participan en conjunto.<\/p>\n<p>De esta forma buscamos adaptarnos permanentemente a los cambios y a las necesidades de las empresas que conf\u00edan en nuestros servicios y, al mismo tiempo, buscamos generar continuas innovaciones dentro del rubro.<\/p>\n<p>ASZSA es una consultora cuyo servicio se plantea dando soluciones en el contexto de Seguridad e Higiene sobre diversos rubros. Nuestros profesionales altamente calificados garantizan un trabajo eficiente y con resultados concretos.<\/p>\n<p>ASZSA sostiene como compromisos fundamentales<\/p>\n<ul>\n<li>\u00a0 Velocidad en respuesta<\/li>\n<li>\u00a0 Estricto cumplimiento legal<\/li>\n<li>\u00a0 Asesoramiento constante<\/li>\n<li>\u00a0 Compromiso con las necesidades de nuestros clientes<\/li>\n<\/ul>\n","protected":false},"excerpt":{"rendered":"<p>QUE NOS DISTINGUE EN SEGURIDAD E HIGIENE LABORAL ASZSA es una empresa que brinda una amplia gama de servicios relacionados con la Seguridad e Higiene en el Trabajo. Nuestro principal objetivo es mantenernos actualizados para satisfacer las necesidades de nuestros clientes. Contamos con personal t\u00e9cnico y profesional que se mantiene en permanente comunicaci\u00f3n con nuestros [&hellip;]<\/p>\n","protected":false},"author":3,"featured_media":0,"parent":0,"menu_order":0,"comment_status":"closed","ping_status":"closed","template":"","meta":{"footnotes":""},"categories":[],"tags":[],"class_list":["post-663","page","type-page","status-publish","hentry"],"_links":{"self":[{"href":"https:\/\/aszsa.com.ar\/portal\/wp-json\/wp\/v2\/pages\/663","targetHints":{"allow":["GET"]}}],"collection":[{"href":"https:\/\/aszsa.com.ar\/portal\/wp-json\/wp\/v2\/pages"}],"about":[{"href":"https:\/\/aszsa.com.ar\/portal\/wp-json\/wp\/v2\/types\/page"}],"author":[{"embeddable":true,"href":"https:\/\/aszsa.com.ar\/portal\/wp-json\/wp\/v2\/users\/3"}],"replies":[{"embeddable":true,"href":"https:\/\/aszsa.com.ar\/portal\/wp-json\/wp\/v2\/comments?post=663"}],"version-history":[{"count":9,"href":"https:\/\/aszsa.com.ar\/portal\/wp-json\/wp\/v2\/pages\/663\/revisions"}],"predecessor-version":[{"id":1400,"href":"https:\/\/aszsa.com.ar\/portal\/wp-json\/wp\/v2\/pages\/663\/revisions\/1400"}],"wp:attachment":[{"href":"https:\/\/aszsa.com.ar\/portal\/wp-json\/wp\/v2\/media?parent=663"}],"wp:term":[{"taxonomy":"category","embeddable":true,"href":"https:\/\/aszsa.com.ar\/portal\/wp-json\/wp\/v2\/categories?post=663"},{"taxonomy":"post_tag","embeddable":true,"href":"https:\/\/aszsa.com.ar\/portal\/wp-json\/wp\/v2\/tags?post=663"}],"curies":[{"name":"wp","href":"https:\/\/api.w.org\/{rel}","templated":true}]}}