{"id":669,"date":"2015-09-07T02:16:57","date_gmt":"2015-09-06T23:16:57","guid":{"rendered":"http:\/\/aszsa.com.ar\/portal\/?page_id=669"},"modified":"2015-11-02T21:32:41","modified_gmt":"2015-11-02T18:32:41","slug":"construccion-2","status":"publish","type":"page","link":"https:\/\/aszsa.com.ar\/portal\/construccion-2\/","title":{"rendered":"Construcci\u00f3n"},"content":{"rendered":"<p><a href=\"http:\/\/aszsa.com.ar\/portal\/wp-content\/uploads\/2015\/09\/4.3.2.jpg\"><img loading=\"lazy\" decoding=\"async\" class=\"alignleft size-full wp-image-1233\" src=\"http:\/\/aszsa.com.ar\/portal\/wp-content\/uploads\/2015\/09\/4.3.2.jpg\" alt=\"4.3.2\" width=\"815\" height=\"249\" srcset=\"https:\/\/aszsa.com.ar\/portal\/wp-content\/uploads\/2015\/09\/4.3.2.jpg 815w, https:\/\/aszsa.com.ar\/portal\/wp-content\/uploads\/2015\/09\/4.3.2-300x92.jpg 300w\" sizes=\"auto, (max-width: 815px) 100vw, 815px\" \/><\/a><\/p>\n<ul>\n<li>Confecci\u00f3n de programas de Seguridad<\/li>\n<li>Aviso de inicio de obra<\/li>\n<li>Capacitaci\u00f3n en obra<\/li>\n<li>Representaci\u00f3n ante comitentes<\/li>\n<li>Evaluaci\u00f3n de elementos de seguridad<\/li>\n<li>Verificaci\u00f3n de cumplimientos de norma<\/li>\n<li>Estudios ergon\u00f3micos<\/li>\n<li>Relevamiento de riesgos<\/li>\n<li>Capacitaci\u00f3n en trabajos de altura<\/li>\n<li>Investigaci\u00f3n de accidentes<\/li>\n<li>Estad\u00edsticas de siniestralidad<\/li>\n<li>Capacitaci\u00f3n espec\u00edfica de riesgos<\/li>\n<li>Movimientos de materiales<\/li>\n<li>Atenci\u00f3n de ART. Representaci\u00f3n ante organismos p\u00fablicos.<\/li>\n<\/ul>\n","protected":false},"excerpt":{"rendered":"<p>Confecci\u00f3n de programas de Seguridad Aviso de inicio de obra Capacitaci\u00f3n en obra Representaci\u00f3n ante comitentes Evaluaci\u00f3n de elementos de seguridad Verificaci\u00f3n de cumplimientos de norma Estudios ergon\u00f3micos Relevamiento de riesgos Capacitaci\u00f3n en trabajos de altura Investigaci\u00f3n de accidentes Estad\u00edsticas de siniestralidad Capacitaci\u00f3n espec\u00edfica de riesgos Movimientos de materiales Atenci\u00f3n de ART. Representaci\u00f3n ante organismos [&hellip;]<\/p>\n","protected":false},"author":3,"featured_media":0,"parent":0,"menu_order":0,"comment_status":"closed","ping_status":"closed","template":"","meta":{"footnotes":""},"categories":[22],"tags":[],"class_list":["post-669","page","type-page","status-publish","hentry","category-servicios-de-hsma"],"_links":{"self":[{"href":"https:\/\/aszsa.com.ar\/portal\/wp-json\/wp\/v2\/pages\/669","targetHints":{"allow":["GET"]}}],"collection":[{"href":"https:\/\/aszsa.com.ar\/portal\/wp-json\/wp\/v2\/pages"}],"about":[{"href":"https:\/\/aszsa.com.ar\/portal\/wp-json\/wp\/v2\/types\/page"}],"author":[{"embeddable":true,"href":"https:\/\/aszsa.com.ar\/portal\/wp-json\/wp\/v2\/users\/3"}],"replies":[{"embeddable":true,"href":"https:\/\/aszsa.com.ar\/portal\/wp-json\/wp\/v2\/comments?post=669"}],"version-history":[{"count":4,"href":"https:\/\/aszsa.com.ar\/portal\/wp-json\/wp\/v2\/pages\/669\/revisions"}],"predecessor-version":[{"id":1245,"href":"https:\/\/aszsa.com.ar\/portal\/wp-json\/wp\/v2\/pages\/669\/revisions\/1245"}],"wp:attachment":[{"href":"https:\/\/aszsa.com.ar\/portal\/wp-json\/wp\/v2\/media?parent=669"}],"wp:term":[{"taxonomy":"category","embeddable":true,"href":"https:\/\/aszsa.com.ar\/portal\/wp-json\/wp\/v2\/categories?post=669"},{"taxonomy":"post_tag","embeddable":true,"href":"https:\/\/aszsa.com.ar\/portal\/wp-json\/wp\/v2\/tags?post=669"}],"curies":[{"name":"wp","href":"https:\/\/api.w.org\/{rel}","templated":true}]}}