{"id":671,"date":"2015-09-08T20:41:12","date_gmt":"2015-09-08T17:41:12","guid":{"rendered":"http:\/\/aszsa.com.ar\/portal\/?page_id=671"},"modified":"2016-03-14T22:28:30","modified_gmt":"2016-03-14T19:28:30","slug":"pymes-exclusive-hsma","status":"publish","type":"page","link":"https:\/\/aszsa.com.ar\/portal\/pymes-exclusive-hsma\/","title":{"rendered":"PYMES Exclusive (HSMA)"},"content":{"rendered":"<h3><img loading=\"lazy\" decoding=\"async\" class=\"alignleft size-full wp-image-1235\" src=\"http:\/\/aszsa.com.ar\/portal\/wp-content\/uploads\/2015\/09\/4.4.jpg\" alt=\"4.4\" width=\"815\" height=\"250\" srcset=\"https:\/\/aszsa.com.ar\/portal\/wp-content\/uploads\/2015\/09\/4.4.jpg 815w, https:\/\/aszsa.com.ar\/portal\/wp-content\/uploads\/2015\/09\/4.4-300x92.jpg 300w\" sizes=\"auto, (max-width: 815px) 100vw, 815px\" \/><br \/>\nESTAMOS CERCA DE USTED EN TODO MOMENTO<\/h3>\n<p>Brindamos asesoramiento a empresas e instituciones que est\u00e9n comprendidas en la Ley Nacional 19587. Desarrollamos un programa anual de trabajo a trav\u00e9s de un cronograma de visitas mensuales donde se desarrollan entre otras, las tareas que se detallan a continuaci\u00f3n:<\/p>\n<ul>\n<li>Cuadro de incendio<\/li>\n<li>Estudio de carga de fuego<\/li>\n<li>Plan anual de capacitaci\u00f3n<\/li>\n<li>Capacitaciones<\/li>\n<li>Atenci\u00f3n a inspecciones de ART<\/li>\n<li>Atenci\u00f3n a inspecciones de organismos municipales<\/li>\n<li>Mapa de riesgos<\/li>\n<li>Resoluciones de la SRT (415, 463, etc.)<\/li>\n<li>An\u00e1lisis de riesgos por puesto de trabajo<\/li>\n<li>Medici\u00f3n de los niveles de iluminaci\u00f3n<\/li>\n<li>Medici\u00f3n de los niveles de ruido<\/li>\n<li>Programas de seguridad<\/li>\n<li>Estudio de Elementos de Protecci\u00f3n Personal (EPP) por puesto de trabajo<\/li>\n<li>Asesoramiento en Medio Ambiente<\/li>\n<\/ul>\n<p style=\"text-align: center;\"><img loading=\"lazy\" decoding=\"async\" class=\"size-full wp-image-1195 aligncenter\" src=\"http:\/\/aszsa.com.ar\/portal\/wp-content\/uploads\/2015\/09\/3.3.3.jpg\" alt=\"3.3.3\" width=\"240\" height=\"210\" \/><\/p>\n<p style=\"text-align: center;\"><img loading=\"lazy\" decoding=\"async\" class=\"alignleft size-full wp-image-1234\" src=\"http:\/\/aszsa.com.ar\/portal\/wp-content\/uploads\/2015\/09\/4.4.1.jpg\" alt=\"4.4.1\" width=\"815\" height=\"251\" srcset=\"https:\/\/aszsa.com.ar\/portal\/wp-content\/uploads\/2015\/09\/4.4.1.jpg 815w, https:\/\/aszsa.com.ar\/portal\/wp-content\/uploads\/2015\/09\/4.4.1-300x92.jpg 300w\" sizes=\"auto, (max-width: 815px) 100vw, 815px\" \/><\/p>\n","protected":false},"excerpt":{"rendered":"<p>ESTAMOS CERCA DE USTED EN TODO MOMENTO Brindamos asesoramiento a empresas e instituciones que est\u00e9n comprendidas en la Ley Nacional 19587. Desarrollamos un programa anual de trabajo a trav\u00e9s de un cronograma de visitas mensuales donde se desarrollan entre otras, las tareas que se detallan a continuaci\u00f3n: Cuadro de incendio Estudio de carga de fuego [&hellip;]<\/p>\n","protected":false},"author":3,"featured_media":0,"parent":0,"menu_order":0,"comment_status":"closed","ping_status":"closed","template":"","meta":{"footnotes":""},"categories":[],"tags":[],"class_list":["post-671","page","type-page","status-publish","hentry"],"_links":{"self":[{"href":"https:\/\/aszsa.com.ar\/portal\/wp-json\/wp\/v2\/pages\/671","targetHints":{"allow":["GET"]}}],"collection":[{"href":"https:\/\/aszsa.com.ar\/portal\/wp-json\/wp\/v2\/pages"}],"about":[{"href":"https:\/\/aszsa.com.ar\/portal\/wp-json\/wp\/v2\/types\/page"}],"author":[{"embeddable":true,"href":"https:\/\/aszsa.com.ar\/portal\/wp-json\/wp\/v2\/users\/3"}],"replies":[{"embeddable":true,"href":"https:\/\/aszsa.com.ar\/portal\/wp-json\/wp\/v2\/comments?post=671"}],"version-history":[{"count":8,"href":"https:\/\/aszsa.com.ar\/portal\/wp-json\/wp\/v2\/pages\/671\/revisions"}],"predecessor-version":[{"id":1384,"href":"https:\/\/aszsa.com.ar\/portal\/wp-json\/wp\/v2\/pages\/671\/revisions\/1384"}],"wp:attachment":[{"href":"https:\/\/aszsa.com.ar\/portal\/wp-json\/wp\/v2\/media?parent=671"}],"wp:term":[{"taxonomy":"category","embeddable":true,"href":"https:\/\/aszsa.com.ar\/portal\/wp-json\/wp\/v2\/categories?post=671"},{"taxonomy":"post_tag","embeddable":true,"href":"https:\/\/aszsa.com.ar\/portal\/wp-json\/wp\/v2\/tags?post=671"}],"curies":[{"name":"wp","href":"https:\/\/api.w.org\/{rel}","templated":true}]}}