{"id":679,"date":"2015-09-07T23:16:01","date_gmt":"2015-09-07T20:16:01","guid":{"rendered":"http:\/\/aszsa.com.ar\/portal\/?page_id=679"},"modified":"2016-04-19T03:11:33","modified_gmt":"2016-04-19T00:11:33","slug":"servicios-ambientales-especificos","status":"publish","type":"page","link":"https:\/\/aszsa.com.ar\/portal\/servicios-ambientales-especificos\/","title":{"rendered":"Servicios Ambientales Espec\u00edficos"},"content":{"rendered":"<p><strong><img loading=\"lazy\" decoding=\"async\" class=\"wp-image-874 aligncenter\" src=\"http:\/\/aszsa.com.ar\/portal\/wp-content\/uploads\/2015\/09\/1.10_HSMA-Medio-Amb-Glogal.jpg\" alt=\"1.10_HSMA Medio Amb Glogal\" width=\"801\" height=\"337\" srcset=\"https:\/\/aszsa.com.ar\/portal\/wp-content\/uploads\/2015\/09\/1.10_HSMA-Medio-Amb-Glogal.jpg 1200w, https:\/\/aszsa.com.ar\/portal\/wp-content\/uploads\/2015\/09\/1.10_HSMA-Medio-Amb-Glogal-300x126.jpg 300w, https:\/\/aszsa.com.ar\/portal\/wp-content\/uploads\/2015\/09\/1.10_HSMA-Medio-Amb-Glogal-1024x431.jpg 1024w\" sizes=\"auto, (max-width: 801px) 100vw, 801px\" \/> <\/strong><\/p>\n<h3>PROTEGER EL MEDIO AMBIENTE ES PROTEGER NUESTRO FUTURO<\/h3>\n<p><b>Tr\u00e1mites y Servicios Ambientales Espec\u00edficos:<\/b><\/p>\n<p><strong>Resoluci\u00f3n de inspecciones:<\/strong>\u00a0Agencia de Protecci\u00f3n Ambiental (APRA), Organismo Provincial para el Desarrollo Sostenible (OPDS), Autoridad de la cuenca Matanza Riachuelo (ACUMAR), Secretaria de Ambiente y Desarrollo Sustentable (SayDS), Municipales, Autoridad del Agua (ADA), etc.<\/p>\n<p><strong>Mediciones:<\/strong>\u00a0An\u00e1lisis de efluentes l\u00edquidos, efluentes gaseosos y ruido ambiental (impacto ac\u00fastico).<\/p>\n<p><strong>Estudios:<\/strong>\u00a0Evaluaci\u00f3n de impacto ambiental (EIA) Manual de Gesti\u00f3n Ambiental, Reporte de Sustentabilidad y Responsabilidad Social. Estudio de impacto ambiental. Suelos, aguas, aire.<\/p>\n<p><strong>Residuos Peligrosos:<\/strong>\u00a0Inscripci\u00f3n como generador\/transportista de residuos peligrosos (OPDS, APrA, SayDS \u2013 Naci\u00f3n\/Provincia\/CABA). Plan de Gesti\u00f3n. Transporte, tratamiento y disposici\u00f3n final.<\/p>\n<p><strong>Residuos Urbanos o Domiciliarios:<\/strong>\u00a0Inscripci\u00f3n como grandes generadores (Ley 1854) Transporte y tratamiento.<\/p>\n<p><strong>Certificado de Aptitud Ambiental:<\/strong>\u00a0CAA, radicaci\u00f3n de industria, categorizaci\u00f3n industrial.<\/p>\n<p><strong>OPDS\u00a0<\/strong>(provincia): Efluentes gaseosos (Obtenci\u00f3n del permiso de descarga y renovaci\u00f3n para establecimientos industriales y no industriales). Industrias (Factibilidad de radicaci\u00f3n, categorizaci\u00f3n y recategorizaci\u00f3n, y Certificado de Aptitud Ambiental). Residuos especiales y patog\u00e9nicos (Inscripci\u00f3n de generadores, transportistas y declaraci\u00f3n jurada anual). Residuos industriales (Inscripci\u00f3n transportistas, renovaci\u00f3n e incorporaci\u00f3n de veh\u00edculos). Parques industriales (Certificado de Aptitud Ambiental).<\/p>\n<p><strong>APRA<\/strong>\u00a0(ciudad de buenos aires): Evaluaci\u00f3n de Impacto Ambiental (Certificado de Aptitud Ambiental), Ruido (Inscripci\u00f3n en el Registro de Actividades Catalogadas como potencialmente\u00a0 contaminantes por ruido y vibraciones \u2013 RAC-). Residuos peligrosos y patog\u00e9nicos (Inscripci\u00f3n de Generadores, Operadores y Transportistas, Certificado de Gesti\u00f3n de Residuos Peligrosos \u2013 C.G.R.P.). Aire (Registro de Generadores de Contaminantes Atmosf\u00e9ricos provenientes de Fuentes Fijas \u2013 REF-).<\/p>\n<p><strong>SAyDS\u00a0<\/strong>(naci\u00f3n): Efluentes l\u00edquidos (Declaraci\u00f3n jurada anual y visado de documentaci\u00f3n t\u00e9cnica y calidad de vertido). Residuos peligrosos (Inscripci\u00f3n como generador, operador o transportista, liquidaci\u00f3n de la tasa ambiental anual (DDJJ), renovaci\u00f3n del Certificado Ambiental Anual). Nivel de Complejidad Ambiental.<\/p>\n<p><strong><img loading=\"lazy\" decoding=\"async\" class=\"wp-image-873 alignleft\" src=\"http:\/\/aszsa.com.ar\/portal\/wp-content\/uploads\/2015\/09\/1.9_Nosotros-Medio-Ambiente.jpg\" alt=\"1.9_Nosotros Medio Ambiente\" width=\"298\" height=\"224\" srcset=\"https:\/\/aszsa.com.ar\/portal\/wp-content\/uploads\/2015\/09\/1.9_Nosotros-Medio-Ambiente.jpg 300w, https:\/\/aszsa.com.ar\/portal\/wp-content\/uploads\/2015\/09\/1.9_Nosotros-Medio-Ambiente-285x214.jpg 285w\" sizes=\"auto, (max-width: 298px) 100vw, 298px\" \/><\/strong><\/p>\n<p><strong><img loading=\"lazy\" decoding=\"async\" class=\"wp-image-803 alignright\" src=\"http:\/\/aszsa.com.ar\/portal\/wp-content\/uploads\/2015\/09\/A_LOGO-BLANCO_Chico.jpg\" alt=\"A_LOGO-BLANCO_Chico\" width=\"237\" height=\"237\" srcset=\"https:\/\/aszsa.com.ar\/portal\/wp-content\/uploads\/2015\/09\/A_LOGO-BLANCO_Chico.jpg 200w, https:\/\/aszsa.com.ar\/portal\/wp-content\/uploads\/2015\/09\/A_LOGO-BLANCO_Chico-150x150.jpg 150w\" sizes=\"auto, (max-width: 237px) 100vw, 237px\" \/><\/strong><\/p>\n","protected":false},"excerpt":{"rendered":"<p>PROTEGER EL MEDIO AMBIENTE ES PROTEGER NUESTRO FUTURO Tr\u00e1mites y Servicios Ambientales Espec\u00edficos: Resoluci\u00f3n de inspecciones:\u00a0Agencia de Protecci\u00f3n Ambiental (APRA), Organismo Provincial para el Desarrollo Sostenible (OPDS), Autoridad de la cuenca Matanza Riachuelo (ACUMAR), Secretaria de Ambiente y Desarrollo Sustentable (SayDS), Municipales, Autoridad del Agua (ADA), etc. Mediciones:\u00a0An\u00e1lisis de efluentes l\u00edquidos, efluentes gaseosos y ruido [&hellip;]<\/p>\n","protected":false},"author":3,"featured_media":0,"parent":0,"menu_order":0,"comment_status":"closed","ping_status":"closed","template":"","meta":{"footnotes":""},"categories":[22],"tags":[],"class_list":["post-679","page","type-page","status-publish","hentry","category-servicios-de-hsma"],"_links":{"self":[{"href":"https:\/\/aszsa.com.ar\/portal\/wp-json\/wp\/v2\/pages\/679","targetHints":{"allow":["GET"]}}],"collection":[{"href":"https:\/\/aszsa.com.ar\/portal\/wp-json\/wp\/v2\/pages"}],"about":[{"href":"https:\/\/aszsa.com.ar\/portal\/wp-json\/wp\/v2\/types\/page"}],"author":[{"embeddable":true,"href":"https:\/\/aszsa.com.ar\/portal\/wp-json\/wp\/v2\/users\/3"}],"replies":[{"embeddable":true,"href":"https:\/\/aszsa.com.ar\/portal\/wp-json\/wp\/v2\/comments?post=679"}],"version-history":[{"count":8,"href":"https:\/\/aszsa.com.ar\/portal\/wp-json\/wp\/v2\/pages\/679\/revisions"}],"predecessor-version":[{"id":1433,"href":"https:\/\/aszsa.com.ar\/portal\/wp-json\/wp\/v2\/pages\/679\/revisions\/1433"}],"wp:attachment":[{"href":"https:\/\/aszsa.com.ar\/portal\/wp-json\/wp\/v2\/media?parent=679"}],"wp:term":[{"taxonomy":"category","embeddable":true,"href":"https:\/\/aszsa.com.ar\/portal\/wp-json\/wp\/v2\/categories?post=679"},{"taxonomy":"post_tag","embeddable":true,"href":"https:\/\/aszsa.com.ar\/portal\/wp-json\/wp\/v2\/tags?post=679"}],"curies":[{"name":"wp","href":"https:\/\/api.w.org\/{rel}","templated":true}]}}