{"id":681,"date":"2015-09-07T02:19:18","date_gmt":"2015-09-06T23:19:18","guid":{"rendered":"http:\/\/aszsa.com.ar\/portal\/?page_id=681"},"modified":"2016-04-19T02:47:52","modified_gmt":"2016-04-18T23:47:52","slug":"un-poquito-mas-otros-servicios","status":"publish","type":"page","link":"https:\/\/aszsa.com.ar\/portal\/un-poquito-mas-otros-servicios\/","title":{"rendered":"Un Poquito M\u00e1s (otros Servicios)"},"content":{"rendered":"<pre><img loading=\"lazy\" decoding=\"async\" class=\"wp-image-932 size-full aligncenter\" src=\"http:\/\/aszsa.com.ar\/portal\/wp-content\/uploads\/2015\/09\/2.0_Portada-Un-Poquito-M\u00e1s.jpg\" alt=\"2.0_Portada Un Poquito M\u00e1s\" width=\"1559\" height=\"850\" srcset=\"https:\/\/aszsa.com.ar\/portal\/wp-content\/uploads\/2015\/09\/2.0_Portada-Un-Poquito-M\u00e1s.jpg 1559w, https:\/\/aszsa.com.ar\/portal\/wp-content\/uploads\/2015\/09\/2.0_Portada-Un-Poquito-M\u00e1s-300x164.jpg 300w, https:\/\/aszsa.com.ar\/portal\/wp-content\/uploads\/2015\/09\/2.0_Portada-Un-Poquito-M\u00e1s-1024x558.jpg 1024w\" sizes=\"auto, (max-width: 1559px) 100vw, 1559px\" \/><\/pre>\n<h3>satisfacer sus necesidades con un poquito m\u00e1s de valor<\/h3>\n<p>De manera individual, cada uno de nuestros servicios le ofrece un poquito m\u00e1s; de manera conjunta, nuestra gama puede aumentar el valor de su producci\u00f3n.<\/p>\n<p>Valor agregado con cada servicio<\/p>\n<p>En ASZSA comprendemos la gran cantidad de desaf\u00edos que presenta el mercado y queremos ayudarlo a enfrentarlos. Podemos agregar un poquito m\u00e1s de valor a sus equipos instalados, sus productos y sus resultados.<\/p>\n<p>Con cada servicio, le podemos dar un poquito m\u00e1s:<\/p>\n<ul>\n<li>Calidad de Producto<\/li>\n<li>Eficiencia<\/li>\n<li>Flexibilidad<\/li>\n<li>Optimizaci\u00f3n de los costos<\/li>\n<li>Apoyo a la marca<\/li>\n<\/ul>\n<p><b>SERVICIOS<\/b><\/p>\n<p>Ofrecemos una\u00a0amplia variedad de servicios destinados a\u00a0satisfacer las m\u00e1s diversas necesidades, dentro de cada uno encontrar\u00e1 un detalle explicativo:<\/p>\n<p><a href=\"http:\/\/aszsa.com.ar\/portal\/servicios-de-depositos-u-movimientos-de-cargas-internas-o-externas-para-la-industria\/\" rel=\"attachment wp-att-1413\"><img loading=\"lazy\" decoding=\"async\" class=\"alignleft size-full wp-image-1413\" src=\"http:\/\/aszsa.com.ar\/portal\/wp-content\/uploads\/2015\/09\/depositosfinal.jpg\" alt=\"depositosfinal\" width=\"381\" height=\"196\" srcset=\"https:\/\/aszsa.com.ar\/portal\/wp-content\/uploads\/2015\/09\/depositosfinal.jpg 381w, https:\/\/aszsa.com.ar\/portal\/wp-content\/uploads\/2015\/09\/depositosfinal-300x154.jpg 300w, https:\/\/aszsa.com.ar\/portal\/wp-content\/uploads\/2015\/09\/depositosfinal-380x196.jpg 380w\" sizes=\"auto, (max-width: 381px) 100vw, 381px\" \/><\/a><a href=\"http:\/\/aszsa.com.ar\/portal\/diseno-y-provision-de-estructuras-metalicas\/\" rel=\"attachment wp-att-1415\"><img loading=\"lazy\" decoding=\"async\" class=\"alignleft size-full wp-image-1415\" src=\"http:\/\/aszsa.com.ar\/portal\/wp-content\/uploads\/2015\/09\/Metalurgicosfinal.jpg\" alt=\"Metalurgicosfinal\" width=\"381\" height=\"196\" srcset=\"https:\/\/aszsa.com.ar\/portal\/wp-content\/uploads\/2015\/09\/Metalurgicosfinal.jpg 381w, https:\/\/aszsa.com.ar\/portal\/wp-content\/uploads\/2015\/09\/Metalurgicosfinal-300x154.jpg 300w, https:\/\/aszsa.com.ar\/portal\/wp-content\/uploads\/2015\/09\/Metalurgicosfinal-380x196.jpg 380w\" sizes=\"auto, (max-width: 381px) 100vw, 381px\" \/><\/a><a href=\"http:\/\/aszsa.com.ar\/portal\/movimientos-de-suelo-y-preparacion-de-terrenos-para-obras\/\" rel=\"attachment wp-att-1416\"><img loading=\"lazy\" decoding=\"async\" class=\"alignleft size-full wp-image-1416\" src=\"http:\/\/aszsa.com.ar\/portal\/wp-content\/uploads\/2015\/09\/obracivilfinal.jpg\" alt=\"obra Civil\" width=\"381\" height=\"196\" srcset=\"https:\/\/aszsa.com.ar\/portal\/wp-content\/uploads\/2015\/09\/obracivilfinal.jpg 381w, https:\/\/aszsa.com.ar\/portal\/wp-content\/uploads\/2015\/09\/obracivilfinal-300x154.jpg 300w, https:\/\/aszsa.com.ar\/portal\/wp-content\/uploads\/2015\/09\/obracivilfinal-380x196.jpg 380w\" sizes=\"auto, (max-width: 381px) 100vw, 381px\" \/><\/a><a href=\"http:\/\/aszsa.com.ar\/portal\/gestoria-de-comercio-exterior\/\" rel=\"attachment wp-att-1417\"><img loading=\"lazy\" decoding=\"async\" class=\"alignleft wp-image-1417 size-full\" src=\"http:\/\/aszsa.com.ar\/portal\/wp-content\/uploads\/2015\/09\/ComercioExteriorFinal.jpg\" alt=\"ComercioExteriorFinal\" width=\"381\" height=\"196\" srcset=\"https:\/\/aszsa.com.ar\/portal\/wp-content\/uploads\/2015\/09\/ComercioExteriorFinal.jpg 381w, https:\/\/aszsa.com.ar\/portal\/wp-content\/uploads\/2015\/09\/ComercioExteriorFinal-300x154.jpg 300w, https:\/\/aszsa.com.ar\/portal\/wp-content\/uploads\/2015\/09\/ComercioExteriorFinal-380x196.jpg 380w\" sizes=\"auto, (max-width: 381px) 100vw, 381px\" \/><\/a><\/p>\n","protected":false},"excerpt":{"rendered":"<p>satisfacer sus necesidades con un poquito m\u00e1s de valor De manera individual, cada uno de nuestros servicios le ofrece un poquito m\u00e1s; de manera conjunta, nuestra gama puede aumentar el valor de su producci\u00f3n. Valor agregado con cada servicio En ASZSA comprendemos la gran cantidad de desaf\u00edos que presenta el mercado y queremos ayudarlo a [&hellip;]<\/p>\n","protected":false},"author":3,"featured_media":0,"parent":0,"menu_order":0,"comment_status":"closed","ping_status":"closed","template":"","meta":{"footnotes":""},"categories":[],"tags":[],"class_list":["post-681","page","type-page","status-publish","hentry"],"_links":{"self":[{"href":"https:\/\/aszsa.com.ar\/portal\/wp-json\/wp\/v2\/pages\/681","targetHints":{"allow":["GET"]}}],"collection":[{"href":"https:\/\/aszsa.com.ar\/portal\/wp-json\/wp\/v2\/pages"}],"about":[{"href":"https:\/\/aszsa.com.ar\/portal\/wp-json\/wp\/v2\/types\/page"}],"author":[{"embeddable":true,"href":"https:\/\/aszsa.com.ar\/portal\/wp-json\/wp\/v2\/users\/3"}],"replies":[{"embeddable":true,"href":"https:\/\/aszsa.com.ar\/portal\/wp-json\/wp\/v2\/comments?post=681"}],"version-history":[{"count":7,"href":"https:\/\/aszsa.com.ar\/portal\/wp-json\/wp\/v2\/pages\/681\/revisions"}],"predecessor-version":[{"id":1419,"href":"https:\/\/aszsa.com.ar\/portal\/wp-json\/wp\/v2\/pages\/681\/revisions\/1419"}],"wp:attachment":[{"href":"https:\/\/aszsa.com.ar\/portal\/wp-json\/wp\/v2\/media?parent=681"}],"wp:term":[{"taxonomy":"category","embeddable":true,"href":"https:\/\/aszsa.com.ar\/portal\/wp-json\/wp\/v2\/categories?post=681"},{"taxonomy":"post_tag","embeddable":true,"href":"https:\/\/aszsa.com.ar\/portal\/wp-json\/wp\/v2\/tags?post=681"}],"curies":[{"name":"wp","href":"https:\/\/api.w.org\/{rel}","templated":true}]}}