{"id":689,"date":"2015-09-07T02:20:23","date_gmt":"2015-09-06T23:20:23","guid":{"rendered":"http:\/\/aszsa.com.ar\/portal\/?page_id=689"},"modified":"2016-03-14T22:00:18","modified_gmt":"2016-03-14T19:00:18","slug":"diseno-y-provision-de-estructuras-metalicas","status":"publish","type":"page","link":"https:\/\/aszsa.com.ar\/portal\/diseno-y-provision-de-estructuras-metalicas\/","title":{"rendered":"Metal\u00fargicos"},"content":{"rendered":"<h3>DISE\u00d1O Y PROVISI\u00d3N DE ESTRUCTURAS MET\u00c1LICAS<\/h3>\n<h3>\u00abNOS AJUSTAMOS A SUS NECESIDADES INDUSTRIALES\u00bb<\/h3>\n<p>En ASZSA dise\u00f1amos y comercializamos estructuras met\u00e1licas especiales, que podemos acordar con nuestro Cliente que sean provistas con o sin montaje por cuenta propia y\/o de terceros, nos ajustamos a sus necesidades industriales, ofreciendo una amplia variedad de alternativas de costos y aplicaciones.<\/p>\n<p>Adem\u00e1s, ofrecemos asesoramiento sobre usos y aplicaciones.<\/p>\n<p>Consulte sobre este u otros Servicios de ASZSA.<\/p>\n<p><a href=\"http:\/\/aszsa.com.ar\/portal\/wp-content\/uploads\/2015\/10\/5.4.0_Otros-Serv-Estructura-Metalurgica-2.jpg\"><img loading=\"lazy\" decoding=\"async\" class=\"alignleft wp-image-1266 size-column3-1\/1\" src=\"http:\/\/aszsa.com.ar\/portal\/wp-content\/uploads\/2015\/10\/5.4.0_Otros-Serv-Estructura-Metalurgica-2-380x336.jpg\" alt=\"5.4.0_Otros Serv Estructura Metalurgica 2\" width=\"380\" height=\"336\" \/><\/a> <a href=\"http:\/\/aszsa.com.ar\/portal\/wp-content\/uploads\/2015\/10\/5.4.1_Otros-Serv-Estructura-Metalurgica.jpg\"><img loading=\"lazy\" decoding=\"async\" class=\"alignleft wp-image-1267 \" src=\"http:\/\/aszsa.com.ar\/portal\/wp-content\/uploads\/2015\/10\/5.4.1_Otros-Serv-Estructura-Metalurgica-380x377.jpg\" alt=\"5.4.1_Otros Serv Estructura Metalurgica\" width=\"338\" height=\"335\" srcset=\"https:\/\/aszsa.com.ar\/portal\/wp-content\/uploads\/2015\/10\/5.4.1_Otros-Serv-Estructura-Metalurgica-380x377.jpg 380w, https:\/\/aszsa.com.ar\/portal\/wp-content\/uploads\/2015\/10\/5.4.1_Otros-Serv-Estructura-Metalurgica-150x150.jpg 150w\" sizes=\"auto, (max-width: 338px) 100vw, 338px\" \/><\/a><\/p>\n","protected":false},"excerpt":{"rendered":"<p>DISE\u00d1O Y PROVISI\u00d3N DE ESTRUCTURAS MET\u00c1LICAS \u00abNOS AJUSTAMOS A SUS NECESIDADES INDUSTRIALES\u00bb En ASZSA dise\u00f1amos y comercializamos estructuras met\u00e1licas especiales, que podemos acordar con nuestro Cliente que sean provistas con o sin montaje por cuenta propia y\/o de terceros, nos ajustamos a sus necesidades industriales, ofreciendo una amplia variedad de alternativas de costos y aplicaciones. [&hellip;]<\/p>\n","protected":false},"author":3,"featured_media":0,"parent":0,"menu_order":0,"comment_status":"closed","ping_status":"closed","template":"","meta":{"footnotes":""},"categories":[],"tags":[],"class_list":["post-689","page","type-page","status-publish","hentry"],"_links":{"self":[{"href":"https:\/\/aszsa.com.ar\/portal\/wp-json\/wp\/v2\/pages\/689","targetHints":{"allow":["GET"]}}],"collection":[{"href":"https:\/\/aszsa.com.ar\/portal\/wp-json\/wp\/v2\/pages"}],"about":[{"href":"https:\/\/aszsa.com.ar\/portal\/wp-json\/wp\/v2\/types\/page"}],"author":[{"embeddable":true,"href":"https:\/\/aszsa.com.ar\/portal\/wp-json\/wp\/v2\/users\/3"}],"replies":[{"embeddable":true,"href":"https:\/\/aszsa.com.ar\/portal\/wp-json\/wp\/v2\/comments?post=689"}],"version-history":[{"count":9,"href":"https:\/\/aszsa.com.ar\/portal\/wp-json\/wp\/v2\/pages\/689\/revisions"}],"predecessor-version":[{"id":1376,"href":"https:\/\/aszsa.com.ar\/portal\/wp-json\/wp\/v2\/pages\/689\/revisions\/1376"}],"wp:attachment":[{"href":"https:\/\/aszsa.com.ar\/portal\/wp-json\/wp\/v2\/media?parent=689"}],"wp:term":[{"taxonomy":"category","embeddable":true,"href":"https:\/\/aszsa.com.ar\/portal\/wp-json\/wp\/v2\/categories?post=689"},{"taxonomy":"post_tag","embeddable":true,"href":"https:\/\/aszsa.com.ar\/portal\/wp-json\/wp\/v2\/tags?post=689"}],"curies":[{"name":"wp","href":"https:\/\/api.w.org\/{rel}","templated":true}]}}